{"id":5507019,"date":"2024-09-02T13:11:15","date_gmt":"2024-09-02T13:11:15","guid":{"rendered":"https:\/\/theinvisiblecollection.com\/?post_type=product&#038;p=5507019"},"modified":"2026-05-01T07:37:33","modified_gmt":"2026-05-01T07:37:33","slug":"tapis-plus","status":"publish","type":"product","link":"https:\/\/theinvisiblecollection.com\/fr\/produit\/tapis-plus\/","title":{"rendered":"Tapis Plus"},"content":{"rendered":"<p style=\"text-align: justify;\"><span class=\"TextRun SCXW90396773 BCX8\" lang=\"FR-FR\" xml:lang=\"FR-FR\" data-contrast=\"auto\"><span class=\"NormalTextRun SCXW90396773 BCX8\">Ce design contemporain pr\u00e9sente une esth\u00e9tique minimaliste avec une touche artistique, ce qui en fait un excellent compl\u00e9ment au reste de votre d\u00e9cor. Ce tapis est habilement tiss\u00e9 \u00e0 la main avec de la laine n\u00e9o-z\u00e9landaise de haute qualit\u00e9 pour un toucher doux qui durera toute une vie. Il est tiss\u00e9 en ligne droite, ce qui vous permet d&#8217;utiliser les deux c\u00f4t\u00e9s du tapis si n\u00e9cessaire. La collection Plus est fabriqu\u00e9e \u00e0 la main en petites s\u00e9ries, avec seulement quelques exemplaires disponibles dans chaque taille.<\/span><\/span><span class=\"EOP SCXW90396773 BCX8\" data-ccp-props=\"{&quot;201341983&quot;:0,&quot;335559740&quot;:259}\">\u00a0<\/span><\/p>\n","protected":false},"excerpt":{"rendered":"<p>Ce design contemporain pr\u00e9sente une esth\u00e9tique minimaliste avec une touche artistique, ce qui en fait un excellent compl\u00e9ment au reste de votre d\u00e9cor. Ce tapis est habilement tiss\u00e9 \u00e0 la main avec de la laine n\u00e9o-z\u00e9landaise de haute qualit\u00e9 pour un toucher doux qui durera toute une vie. Il est tiss\u00e9 en ligne droite, ce [&hellip;]<\/p>\n","protected":false},"featured_media":5679874,"template":"","meta":{"_acf_changed":false,"content-type":"","_themeisle_gutenberg_block_has_review":false},"product_brand":[],"product_cat":[17999,12540],"product_tag":[],"product_designer":[31649],"comfabric":[],"manufacturer":[],"reporting_designer":[37437],"samplecomfabric":[],"designer_clubroom":[],"class_list":{"0":"post-5507019","1":"product","2":"type-product","3":"status-publish","4":"has-post-thumbnail","6":"product_cat-tisses-a-la-main","7":"product_cat-tapis-fr","8":"pa_size-l-280-x-l-100-x-h-80-fr","9":"pa_size-moyen","10":"pa_size-petit","11":"pa_size-us-grand-pour-le-marche-americain-uniquement","12":"pa_size-us-moyen-pour-le-marche-americain-uniquement","13":"pa_size-us-petit-pour-le-marche-americain-uniquement","14":"product_designer-nordic-knots-fr","15":"reporting_designer-nordic-knots","17":"first","18":"instock","19":"taxable","20":"shipping-taxable","21":"purchasable","22":"product-type-variable"},"acf":[],"_links":{"self":[{"href":"https:\/\/theinvisiblecollection.com\/fr\/wp-json\/wp\/v2\/product\/5507019","targetHints":{"allow":["GET"]}}],"collection":[{"href":"https:\/\/theinvisiblecollection.com\/fr\/wp-json\/wp\/v2\/product"}],"about":[{"href":"https:\/\/theinvisiblecollection.com\/fr\/wp-json\/wp\/v2\/types\/product"}],"wp:featuredmedia":[{"embeddable":true,"href":"https:\/\/theinvisiblecollection.com\/fr\/wp-json\/wp\/v2\/media\/5679874"}],"wp:attachment":[{"href":"https:\/\/theinvisiblecollection.com\/fr\/wp-json\/wp\/v2\/media?parent=5507019"}],"wp:term":[{"taxonomy":"product_brand","embeddable":true,"href":"https:\/\/theinvisiblecollection.com\/fr\/wp-json\/wp\/v2\/product_brand?post=5507019"},{"taxonomy":"product_cat","embeddable":true,"href":"https:\/\/theinvisiblecollection.com\/fr\/wp-json\/wp\/v2\/product_cat?post=5507019"},{"taxonomy":"product_tag","embeddable":true,"href":"https:\/\/theinvisiblecollection.com\/fr\/wp-json\/wp\/v2\/product_tag?post=5507019"},{"taxonomy":"product_designer","embeddable":true,"href":"https:\/\/theinvisiblecollection.com\/fr\/wp-json\/wp\/v2\/product_designer?post=5507019"},{"taxonomy":"comfabric","embeddable":true,"href":"https:\/\/theinvisiblecollection.com\/fr\/wp-json\/wp\/v2\/comfabric?post=5507019"},{"taxonomy":"manufacturer","embeddable":true,"href":"https:\/\/theinvisiblecollection.com\/fr\/wp-json\/wp\/v2\/manufacturer?post=5507019"},{"taxonomy":"reporting_designer","embeddable":true,"href":"https:\/\/theinvisiblecollection.com\/fr\/wp-json\/wp\/v2\/reporting_designer?post=5507019"},{"taxonomy":"samplecomfabric","embeddable":true,"href":"https:\/\/theinvisiblecollection.com\/fr\/wp-json\/wp\/v2\/samplecomfabric?post=5507019"},{"taxonomy":"clubroom_product_designer","embeddable":true,"href":"https:\/\/theinvisiblecollection.com\/fr\/wp-json\/wp\/v2\/designer_clubroom?post=5507019"}],"curies":[{"name":"wp","href":"https:\/\/api.w.org\/{rel}","templated":true}]}}