{"id":5535545,"date":"2024-09-10T11:23:33","date_gmt":"2024-09-10T11:23:33","guid":{"rendered":"https:\/\/theinvisiblecollection.com\/?post_type=product&#038;p=5535545"},"modified":"2026-05-01T07:37:33","modified_gmt":"2026-05-01T07:37:33","slug":"olga-etc-bougeoir-nenuphar","status":"publish","type":"product","link":"https:\/\/theinvisiblecollection.com\/fr\/produit\/olga-etc-bougeoir-nenuphar\/","title":{"rendered":"Bougeoir N\u00e9nuphar"},"content":{"rendered":"<p><span class=\"TextRun SCXW181118256 BCX0\" lang=\"EN-GB\" xml:lang=\"EN-GB\" data-contrast=\"auto\"><span class=\"NormalTextRun SCXW181118256 BCX0\">\u201c<\/span><span class=\"NormalTextRun SCXW181118256 BCX0\">Les <\/span><span class=\"NormalTextRun SpellingErrorV2Themed SCXW181118256 BCX0\">jardins<\/span><span class=\"NormalTextRun SCXW181118256 BCX0\">, la <\/span><span class=\"NormalTextRun SpellingErrorV2Themed SCXW181118256 BCX0\">d\u00e9licatesse<\/span><span class=\"NormalTextRun SCXW181118256 BCX0\"> et la <\/span><span class=\"NormalTextRun SpellingErrorV2Themed SCXW181118256 BCX0\">po\u00e9sie<\/span><span class=\"NormalTextRun SCXW181118256 BCX0\"> des <\/span><span class=\"NormalTextRun SpellingErrorV2Themed SCXW181118256 BCX0\">plantes<\/span><span class=\"NormalTextRun SCXW181118256 BCX0\"> de <\/span><span class=\"NormalTextRun SpellingErrorV2Themed SCXW181118256 BCX0\">l\u2019\u00e9t\u00e9<\/span> <span class=\"NormalTextRun SpellingErrorV2Themed SCXW181118256 BCX0\">ont<\/span> <span class=\"NormalTextRun SpellingErrorV2Themed SCXW181118256 BCX0\">inspir\u00e9<\/span> <span class=\"NormalTextRun SpellingErrorV2Themed SCXW181118256 BCX0\">mon<\/span> <span class=\"NormalTextRun SCXW181118256 BCX0\">travail. <\/span><span class=\"NormalTextRun SCXW181118256 BCX0\">\u00c0<\/span><span class=\"NormalTextRun SCXW181118256 BCX0\"> la <\/span><span class=\"NormalTextRun SpellingErrorV2Themed SCXW181118256 BCX0\">fois<\/span> <span class=\"NormalTextRun SpellingErrorV2Themed SCXW181118256 BCX0\">objet<\/span><span class=\"NormalTextRun SCXW181118256 BCX0\"> de <\/span><span class=\"NormalTextRun SpellingErrorV2Themed SCXW181118256 BCX0\">d\u00e9coration<\/span><span class=\"NormalTextRun SCXW181118256 BCX0\"> et pi\u00e8ce unique, <\/span><span class=\"NormalTextRun SpellingErrorV2Themed SCXW181118256 BCX0\">chaque<\/span><span class=\"NormalTextRun SCXW181118256 BCX0\"> plat incite \u00e0 la <\/span><span class=\"NormalTextRun SpellingErrorV2Themed SCXW181118256 BCX0\">r\u00eaverie<\/span><span class=\"NormalTextRun ContextualSpellingAndGrammarErrorV2Themed SCXW181118256 BCX0\">\u2026.La<\/span> <span class=\"NormalTextRun SpellingErrorV2Themed SCXW181118256 BCX0\">porcelaine<\/span> <span class=\"NormalTextRun SpellingErrorV2Themed SCXW181118256 BCX0\">est<\/span><span class=\"NormalTextRun SCXW181118256 BCX0\"> un <\/span><span class=\"NormalTextRun SpellingErrorV2Themed SCXW181118256 BCX0\">mat\u00e9riau<\/span> <span class=\"NormalTextRun SpellingErrorV2Themed SCXW181118256 BCX0\">pr\u00e9cieux<\/span><span class=\"NormalTextRun SCXW181118256 BCX0\"> et <\/span><span class=\"NormalTextRun SpellingErrorV2Themed SCXW181118256 BCX0\">d\u00e9licat<\/span><span class=\"NormalTextRun SCXW181118256 BCX0\">, le <\/span><span class=\"NormalTextRun SpellingErrorV2Themed SCXW181118256 BCX0\">gr<\/span><span class=\"NormalTextRun SpellingErrorV2Themed SCXW181118256 BCX0\">\u00e8<\/span><span class=\"NormalTextRun SpellingErrorV2Themed SCXW181118256 BCX0\">s<\/span> <span class=\"NormalTextRun SpellingErrorV2Themed SCXW181118256 BCX0\">d\u00e9gage<\/span><span class=\"NormalTextRun SCXW181118256 BCX0\"> plus de force, les <\/span><span class=\"NormalTextRun SpellingErrorV2Themed SCXW181118256 BCX0\">terres<\/span><span class=\"NormalTextRun SCXW181118256 BCX0\"> me <\/span><span class=\"NormalTextRun SpellingErrorV2Themed SCXW181118256 BCX0\">permettent<\/span> <span class=\"NormalTextRun SpellingErrorV2Themed SCXW181118256 BCX0\">d\u2019exprimer<\/span> <span class=\"NormalTextRun SpellingErrorV2Themed SCXW181118256 BCX0\">une<\/span> <span class=\"NormalTextRun SpellingErrorV2Themed SCXW181118256 BCX0\">nostalgie<\/span><span class=\"NormalTextRun SCXW181118256 BCX0\"> propre \u00e0 <\/span><span class=\"NormalTextRun SpellingErrorV2Themed SCXW181118256 BCX0\">chaque<\/span><span class=\"NormalTextRun SCXW181118256 BCX0\"> pi\u00e8ce.<\/span><span class=\"NormalTextRun SCXW181118256 BCX0\">\u201d &#8211; Virginie <\/span><span class=\"NormalTextRun SpellingErrorV2Themed SCXW181118256 BCX0\">Boudsocq<\/span><\/span><\/p>\n","protected":false},"excerpt":{"rendered":"<p>\u201cLes jardins, la d\u00e9licatesse et la po\u00e9sie des plantes de l\u2019\u00e9t\u00e9 ont inspir\u00e9 mon travail. \u00c0 la fois objet de d\u00e9coration et pi\u00e8ce unique, chaque plat incite \u00e0 la r\u00eaverie\u2026.La porcelaine est un mat\u00e9riau pr\u00e9cieux et d\u00e9licat, le gr\u00e8s d\u00e9gage plus de force, les terres me permettent d\u2019exprimer une nostalgie propre \u00e0 chaque pi\u00e8ce.\u201d &#8211; [&hellip;]<\/p>\n","protected":false},"featured_media":5536976,"template":"","meta":{"_acf_changed":false,"content-type":"","_themeisle_gutenberg_block_has_review":false},"product_brand":[],"product_cat":[7517,12529,12531,12532,16319],"product_tag":[31474,31475,31476,31477,33319],"product_designer":[14859],"comfabric":[],"manufacturer":[16849],"reporting_designer":[37697],"samplecomfabric":[],"designer_clubroom":[],"class_list":{"0":"post-5535545","1":"product","2":"type-product","3":"status-publish","4":"has-post-thumbnail","6":"product_cat-deco-fr","7":"product_cat-bougies-bougeoirs","8":"product_cat-objets-de-decoration","9":"product_cat-accessoires-de-bureau","10":"product_cat-cartes-cadeaux","11":"product_tag-co-white-fr","12":"product_tag-st-ceramic-fr","13":"product_tag-st-collectible-fr","14":"product_tag-st-curvy-fr","15":"product_tag-edition-limitee","16":"pa_size-l-280-x-l-100-x-h-80-fr","17":"pa_size-petit-fr","18":"product_designer-olga-etc-fr","19":"manufacturer-olga-etc-fr","20":"reporting_designer-olga-etc","21":"exhibitions-paris-fr","23":"first","24":"instock","25":"taxable","26":"shipping-taxable","27":"purchasable","28":"product-type-variable"},"acf":[],"_links":{"self":[{"href":"https:\/\/theinvisiblecollection.com\/fr\/wp-json\/wp\/v2\/product\/5535545","targetHints":{"allow":["GET"]}}],"collection":[{"href":"https:\/\/theinvisiblecollection.com\/fr\/wp-json\/wp\/v2\/product"}],"about":[{"href":"https:\/\/theinvisiblecollection.com\/fr\/wp-json\/wp\/v2\/types\/product"}],"wp:featuredmedia":[{"embeddable":true,"href":"https:\/\/theinvisiblecollection.com\/fr\/wp-json\/wp\/v2\/media\/5536976"}],"wp:attachment":[{"href":"https:\/\/theinvisiblecollection.com\/fr\/wp-json\/wp\/v2\/media?parent=5535545"}],"wp:term":[{"taxonomy":"product_brand","embeddable":true,"href":"https:\/\/theinvisiblecollection.com\/fr\/wp-json\/wp\/v2\/product_brand?post=5535545"},{"taxonomy":"product_cat","embeddable":true,"href":"https:\/\/theinvisiblecollection.com\/fr\/wp-json\/wp\/v2\/product_cat?post=5535545"},{"taxonomy":"product_tag","embeddable":true,"href":"https:\/\/theinvisiblecollection.com\/fr\/wp-json\/wp\/v2\/product_tag?post=5535545"},{"taxonomy":"product_designer","embeddable":true,"href":"https:\/\/theinvisiblecollection.com\/fr\/wp-json\/wp\/v2\/product_designer?post=5535545"},{"taxonomy":"comfabric","embeddable":true,"href":"https:\/\/theinvisiblecollection.com\/fr\/wp-json\/wp\/v2\/comfabric?post=5535545"},{"taxonomy":"manufacturer","embeddable":true,"href":"https:\/\/theinvisiblecollection.com\/fr\/wp-json\/wp\/v2\/manufacturer?post=5535545"},{"taxonomy":"reporting_designer","embeddable":true,"href":"https:\/\/theinvisiblecollection.com\/fr\/wp-json\/wp\/v2\/reporting_designer?post=5535545"},{"taxonomy":"samplecomfabric","embeddable":true,"href":"https:\/\/theinvisiblecollection.com\/fr\/wp-json\/wp\/v2\/samplecomfabric?post=5535545"},{"taxonomy":"clubroom_product_designer","embeddable":true,"href":"https:\/\/theinvisiblecollection.com\/fr\/wp-json\/wp\/v2\/designer_clubroom?post=5535545"}],"curies":[{"name":"wp","href":"https:\/\/api.w.org\/{rel}","templated":true}]}}