{"id":5545570,"date":"2024-09-10T16:28:18","date_gmt":"2024-09-10T16:28:18","guid":{"rendered":"https:\/\/theinvisiblecollection.com\/?post_type=product&#038;p=5545570"},"modified":"2026-05-01T07:37:33","modified_gmt":"2026-05-01T07:37:33","slug":"olga-etc-vase-pivoines","status":"publish","type":"product","link":"https:\/\/theinvisiblecollection.com\/fr\/produit\/olga-etc-vase-pivoines\/","title":{"rendered":"Vase Pivoines"},"content":{"rendered":"<p><span class=\"TextRun SCXW66827669 BCX8\" lang=\"EN-GB\" xml:lang=\"EN-GB\" data-contrast=\"auto\"><span class=\"NormalTextRun SCXW66827669 BCX8\">\u201c<\/span><span class=\"NormalTextRun SCXW66827669 BCX8\">Les <\/span><span class=\"NormalTextRun SpellingErrorV2Themed SCXW66827669 BCX8\">jardins<\/span><span class=\"NormalTextRun SCXW66827669 BCX8\">, la <\/span><span class=\"NormalTextRun SpellingErrorV2Themed SCXW66827669 BCX8\">d\u00e9licatesse<\/span><span class=\"NormalTextRun SCXW66827669 BCX8\"> et la <\/span><span class=\"NormalTextRun SpellingErrorV2Themed SCXW66827669 BCX8\">po\u00e9sie<\/span><span class=\"NormalTextRun SCXW66827669 BCX8\"> des <\/span><span class=\"NormalTextRun SpellingErrorV2Themed SCXW66827669 BCX8\">plantes<\/span><span class=\"NormalTextRun SCXW66827669 BCX8\"> de <\/span><span class=\"NormalTextRun SpellingErrorV2Themed SCXW66827669 BCX8\">l\u2019\u00e9t\u00e9<\/span> <span class=\"NormalTextRun SpellingErrorV2Themed SCXW66827669 BCX8\">ont<\/span> <span class=\"NormalTextRun SpellingErrorV2Themed SCXW66827669 BCX8\">inspir\u00e9<\/span> <span class=\"NormalTextRun SpellingErrorV2Themed SCXW66827669 BCX8\">mon<\/span> <span class=\"NormalTextRun SCXW66827669 BCX8\">travail. <\/span><span class=\"NormalTextRun SCXW66827669 BCX8\">\u00c0<\/span><span class=\"NormalTextRun SCXW66827669 BCX8\"> la <\/span><span class=\"NormalTextRun SpellingErrorV2Themed SCXW66827669 BCX8\">fois<\/span> <span class=\"NormalTextRun SpellingErrorV2Themed SCXW66827669 BCX8\">objet<\/span><span class=\"NormalTextRun SCXW66827669 BCX8\"> de <\/span><span class=\"NormalTextRun SpellingErrorV2Themed SCXW66827669 BCX8\">d\u00e9coration<\/span><span class=\"NormalTextRun SCXW66827669 BCX8\"> et pi\u00e8ce unique, <\/span><span class=\"NormalTextRun SpellingErrorV2Themed SCXW66827669 BCX8\">chaque<\/span><span class=\"NormalTextRun SCXW66827669 BCX8\"> plat incite \u00e0 la <\/span><span class=\"NormalTextRun SpellingErrorV2Themed SCXW66827669 BCX8\">r\u00eaverie<\/span><span class=\"NormalTextRun ContextualSpellingAndGrammarErrorV2Themed SCXW66827669 BCX8\">\u2026 La<\/span> <span class=\"NormalTextRun SpellingErrorV2Themed SCXW66827669 BCX8\">porcelaine<\/span> <span class=\"NormalTextRun SpellingErrorV2Themed SCXW66827669 BCX8\">est<\/span><span class=\"NormalTextRun SCXW66827669 BCX8\"> un <\/span><span class=\"NormalTextRun SpellingErrorV2Themed SCXW66827669 BCX8\">mat\u00e9riau<\/span> <span class=\"NormalTextRun SpellingErrorV2Themed SCXW66827669 BCX8\">pr\u00e9cieux<\/span><span class=\"NormalTextRun SCXW66827669 BCX8\"> et <\/span><span class=\"NormalTextRun SpellingErrorV2Themed SCXW66827669 BCX8\">d\u00e9licat<\/span><span class=\"NormalTextRun SCXW66827669 BCX8\">, le <\/span><span class=\"NormalTextRun SpellingErrorV2Themed SCXW66827669 BCX8\">gr<\/span><span class=\"NormalTextRun SpellingErrorV2Themed SCXW66827669 BCX8\">\u00e8<\/span><span class=\"NormalTextRun SpellingErrorV2Themed SCXW66827669 BCX8\">s<\/span> <span class=\"NormalTextRun SpellingErrorV2Themed SCXW66827669 BCX8\">d\u00e9gage<\/span><span class=\"NormalTextRun SCXW66827669 BCX8\"> plus de force, les <\/span><span class=\"NormalTextRun SpellingErrorV2Themed SCXW66827669 BCX8\">terres<\/span><span class=\"NormalTextRun SCXW66827669 BCX8\"> me <\/span><span class=\"NormalTextRun SpellingErrorV2Themed SCXW66827669 BCX8\">permettent<\/span> <span class=\"NormalTextRun SpellingErrorV2Themed SCXW66827669 BCX8\">d\u2019exprimer<\/span> <span class=\"NormalTextRun SpellingErrorV2Themed SCXW66827669 BCX8\">une<\/span> <span class=\"NormalTextRun SpellingErrorV2Themed SCXW66827669 BCX8\">nostalgie<\/span><span class=\"NormalTextRun SCXW66827669 BCX8\"> propre \u00e0 <\/span><span class=\"NormalTextRun SpellingErrorV2Themed SCXW66827669 BCX8\">chaque<\/span><span class=\"NormalTextRun SCXW66827669 BCX8\"> pi\u00e8ce.<\/span><span class=\"NormalTextRun SCXW66827669 BCX8\">\u201d &#8211; Virginie <\/span><span class=\"NormalTextRun SpellingErrorV2Themed SCXW66827669 BCX8\">Boudsocq<\/span><\/span><span class=\"EOP SCXW66827669 BCX8\" data-ccp-props=\"{&quot;201341983&quot;:0,&quot;335559740&quot;:259}\">\u00a0<\/span><\/p>\n","protected":false},"excerpt":{"rendered":"<p>\u201cLes jardins, la d\u00e9licatesse et la po\u00e9sie des plantes de l\u2019\u00e9t\u00e9 ont inspir\u00e9 mon travail. \u00c0 la fois objet de d\u00e9coration et pi\u00e8ce unique, chaque plat incite \u00e0 la r\u00eaverie\u2026 La porcelaine est un mat\u00e9riau pr\u00e9cieux et d\u00e9licat, le gr\u00e8s d\u00e9gage plus de force, les terres me permettent d\u2019exprimer une nostalgie propre \u00e0 chaque pi\u00e8ce.\u201d [&hellip;]<\/p>\n","protected":false},"featured_media":5545544,"template":"","meta":{"_acf_changed":false,"content-type":"","_themeisle_gutenberg_block_has_review":false},"product_brand":[],"product_cat":[7517,12531,16319,19975],"product_tag":[31474,31475,31476,31477,33319],"product_designer":[14859],"comfabric":[],"manufacturer":[16849],"reporting_designer":[37697],"samplecomfabric":[],"designer_clubroom":[],"class_list":{"0":"post-5545570","1":"product","2":"type-product","3":"status-publish","4":"has-post-thumbnail","6":"product_cat-deco-fr","7":"product_cat-objets-de-decoration","8":"product_cat-cartes-cadeaux","9":"product_cat-vases-fr","10":"product_tag-co-white-fr","11":"product_tag-st-ceramic-fr","12":"product_tag-st-collectible-fr","13":"product_tag-st-curvy-fr","14":"product_tag-edition-limitee","15":"product_designer-olga-etc-fr","16":"manufacturer-olga-etc-fr","17":"reporting_designer-olga-etc","19":"first","20":"onbackorder","21":"taxable","22":"shipping-taxable","23":"purchasable","24":"product-type-simple"},"acf":[],"_links":{"self":[{"href":"https:\/\/theinvisiblecollection.com\/fr\/wp-json\/wp\/v2\/product\/5545570","targetHints":{"allow":["GET"]}}],"collection":[{"href":"https:\/\/theinvisiblecollection.com\/fr\/wp-json\/wp\/v2\/product"}],"about":[{"href":"https:\/\/theinvisiblecollection.com\/fr\/wp-json\/wp\/v2\/types\/product"}],"wp:featuredmedia":[{"embeddable":true,"href":"https:\/\/theinvisiblecollection.com\/fr\/wp-json\/wp\/v2\/media\/5545544"}],"wp:attachment":[{"href":"https:\/\/theinvisiblecollection.com\/fr\/wp-json\/wp\/v2\/media?parent=5545570"}],"wp:term":[{"taxonomy":"product_brand","embeddable":true,"href":"https:\/\/theinvisiblecollection.com\/fr\/wp-json\/wp\/v2\/product_brand?post=5545570"},{"taxonomy":"product_cat","embeddable":true,"href":"https:\/\/theinvisiblecollection.com\/fr\/wp-json\/wp\/v2\/product_cat?post=5545570"},{"taxonomy":"product_tag","embeddable":true,"href":"https:\/\/theinvisiblecollection.com\/fr\/wp-json\/wp\/v2\/product_tag?post=5545570"},{"taxonomy":"product_designer","embeddable":true,"href":"https:\/\/theinvisiblecollection.com\/fr\/wp-json\/wp\/v2\/product_designer?post=5545570"},{"taxonomy":"comfabric","embeddable":true,"href":"https:\/\/theinvisiblecollection.com\/fr\/wp-json\/wp\/v2\/comfabric?post=5545570"},{"taxonomy":"manufacturer","embeddable":true,"href":"https:\/\/theinvisiblecollection.com\/fr\/wp-json\/wp\/v2\/manufacturer?post=5545570"},{"taxonomy":"reporting_designer","embeddable":true,"href":"https:\/\/theinvisiblecollection.com\/fr\/wp-json\/wp\/v2\/reporting_designer?post=5545570"},{"taxonomy":"samplecomfabric","embeddable":true,"href":"https:\/\/theinvisiblecollection.com\/fr\/wp-json\/wp\/v2\/samplecomfabric?post=5545570"},{"taxonomy":"clubroom_product_designer","embeddable":true,"href":"https:\/\/theinvisiblecollection.com\/fr\/wp-json\/wp\/v2\/designer_clubroom?post=5545570"}],"curies":[{"name":"wp","href":"https:\/\/api.w.org\/{rel}","templated":true}]}}