{"id":5547086,"date":"2024-10-11T14:27:59","date_gmt":"2024-10-11T14:27:59","guid":{"rendered":"https:\/\/theinvisiblecollection.com\/?post_type=product&#038;p=5547086"},"modified":"2026-05-08T04:38:49","modified_gmt":"2026-05-08T04:38:49","slug":"garce-dimofski-tabouret-fred","status":"publish","type":"product","link":"https:\/\/theinvisiblecollection.com\/fr\/produit\/garce-dimofski-tabouret-fred\/","title":{"rendered":"Tabouret Fred"},"content":{"rendered":"<p style=\"text-align: justify;\">Le tabouret Fred pr\u00e9sente des pieds ondul\u00e9s en bois de ch\u00e2taignier naturel, lui conf\u00e9rant une sensation chaleureuse et accueillante. Son design int\u00e8gre une assise et un dossier arrondis et ludiques qui enveloppent l\u2019utilisateur avec confort et style. Avec son allure audacieuse et distinctive, le tabouret Fred incarne la beaut\u00e9 de l\u2019artisanat fait main, ajoutant une touche de charme artisanal \u00e0 tout espace.<\/p>\n","protected":false},"excerpt":{"rendered":"<p>Le tabouret Fred pr\u00e9sente des pieds ondul\u00e9s en bois de ch\u00e2taignier naturel, lui conf\u00e9rant une sensation chaleureuse et accueillante. Son design int\u00e8gre une assise et un dossier arrondis et ludiques qui enveloppent l\u2019utilisateur avec confort et style. Avec son allure audacieuse et distinctive, le tabouret Fred incarne la beaut\u00e9 de l\u2019artisanat fait main, ajoutant une [&hellip;]<\/p>\n","protected":false},"featured_media":5895315,"template":"","meta":{"_acf_changed":false,"content-type":"","_themeisle_gutenberg_block_has_review":false},"product_brand":[],"product_cat":[8969,12499],"product_tag":[9644,22790,31477,35206],"product_designer":[15857],"comfabric":[35931],"manufacturer":[22038],"reporting_designer":[37464],"samplecomfabric":[35933],"designer_clubroom":[],"class_list":{"0":"post-5547086","1":"product","2":"type-product","3":"status-publish","4":"has-post-thumbnail","6":"product_cat-ottomans-tabourets","7":"product_cat-assises","8":"product_tag-necessaires","9":"product_tag-disponible-immediatement","10":"product_tag-st-curvy-fr","11":"product_tag-exclusive-fr","12":"product_designer-garce-dimofski-fr","13":"comfabric-garc-dimofski-samples-approval-fr","14":"manufacturer-garc-dimofski-atelier-so-pedro-da-cova-fr","15":"reporting_designer-garce-dimofski-fr","16":"samplecomfabric-garc-dimofski-samples-approval-fr","17":"exhibitions-paris-fr","18":"exhibitions-londres-fr","20":"first","21":"instock","22":"taxable","23":"shipping-taxable","24":"purchasable","25":"product-type-variable"},"acf":[],"_links":{"self":[{"href":"https:\/\/theinvisiblecollection.com\/fr\/wp-json\/wp\/v2\/product\/5547086","targetHints":{"allow":["GET"]}}],"collection":[{"href":"https:\/\/theinvisiblecollection.com\/fr\/wp-json\/wp\/v2\/product"}],"about":[{"href":"https:\/\/theinvisiblecollection.com\/fr\/wp-json\/wp\/v2\/types\/product"}],"wp:featuredmedia":[{"embeddable":true,"href":"https:\/\/theinvisiblecollection.com\/fr\/wp-json\/wp\/v2\/media\/5895315"}],"wp:attachment":[{"href":"https:\/\/theinvisiblecollection.com\/fr\/wp-json\/wp\/v2\/media?parent=5547086"}],"wp:term":[{"taxonomy":"product_brand","embeddable":true,"href":"https:\/\/theinvisiblecollection.com\/fr\/wp-json\/wp\/v2\/product_brand?post=5547086"},{"taxonomy":"product_cat","embeddable":true,"href":"https:\/\/theinvisiblecollection.com\/fr\/wp-json\/wp\/v2\/product_cat?post=5547086"},{"taxonomy":"product_tag","embeddable":true,"href":"https:\/\/theinvisiblecollection.com\/fr\/wp-json\/wp\/v2\/product_tag?post=5547086"},{"taxonomy":"product_designer","embeddable":true,"href":"https:\/\/theinvisiblecollection.com\/fr\/wp-json\/wp\/v2\/product_designer?post=5547086"},{"taxonomy":"comfabric","embeddable":true,"href":"https:\/\/theinvisiblecollection.com\/fr\/wp-json\/wp\/v2\/comfabric?post=5547086"},{"taxonomy":"manufacturer","embeddable":true,"href":"https:\/\/theinvisiblecollection.com\/fr\/wp-json\/wp\/v2\/manufacturer?post=5547086"},{"taxonomy":"reporting_designer","embeddable":true,"href":"https:\/\/theinvisiblecollection.com\/fr\/wp-json\/wp\/v2\/reporting_designer?post=5547086"},{"taxonomy":"samplecomfabric","embeddable":true,"href":"https:\/\/theinvisiblecollection.com\/fr\/wp-json\/wp\/v2\/samplecomfabric?post=5547086"},{"taxonomy":"clubroom_product_designer","embeddable":true,"href":"https:\/\/theinvisiblecollection.com\/fr\/wp-json\/wp\/v2\/designer_clubroom?post=5547086"}],"curies":[{"name":"wp","href":"https:\/\/api.w.org\/{rel}","templated":true}]}}