{"id":55503,"date":"2021-11-24T11:00:38","date_gmt":"2021-11-24T10:00:38","guid":{"rendered":"https:\/\/www.theinvisiblecollection.com\/?post_type=product&#038;p=55503"},"modified":"2026-05-08T04:40:47","modified_gmt":"2026-05-08T04:40:47","slug":"semeur-detoiles-lustre-collier-de-perles","status":"publish","type":"product","link":"https:\/\/theinvisiblecollection.com\/fr\/produit\/semeur-detoiles-lustre-collier-de-perles\/","title":{"rendered":"Lustre Collier de Perles"},"content":{"rendered":"<p style=\"text-align: justify;\">Les Colliers sont de g\u00e9n\u00e9reux volumes en verre souffl\u00e9 bouche avec des articulations en laiton et des LEDs cach\u00e9es \u00e0 l\u2019int\u00e9rieur. Souples, ils offrent de multiples possibilit\u00e9s d\u2019accrochage : suspendus par une seule extr\u00e9mit\u00e9 ou les deux, plusieurs colliers attach\u00e9s entre eux, ou simplement dispos\u00e9s sur un meuble. Les Colliers de Perles peuvent se composer de verreries de diam\u00e8tres et textures identiques ou diff\u00e9rents selon l\u2019esth\u00e9tique d\u00e9sir\u00e9e.<\/p>\n","protected":false},"excerpt":{"rendered":"<p data-pm-slice=\"1 1 []\">Chaque pi\u00e8ce est sign\u00e9e et num\u00e9rot\u00e9e par le designer<br \/>\nCollier flexible en verre souffl\u00e9 \u00e0 la main, laiton bross\u00e9, LEDs<br \/>\nAmpoules incluses, lumi\u00e8re dimmable<br \/>\nLustre plus long disponible sur demande<\/p>\n<p>Disponible en deux tailles :<br \/>\nMoyen : 12 perles<br \/>\nLongueur du c\u00e2ble : 200 cm<br \/>\nPerle : \u00d8 12 cm<br \/>\nGrand : 16 perles<br \/>\nLongueur du c\u00e2ble : 270 cm<br \/>\nPerle : \u00d8 12 cm<\/p>\n<p>Fabriqu\u00e9 \u00e0 la main en France<br \/>\nD\u00e9lais de production : 8 &#8211; 10 semaines<\/p>\n<p><span style=\"text-decoration: underline;\"><span class=\"s1\"><a href=\"https:\/\/www.theinvisiblecollection.com\/fr\/demande-de-devis\/?product_id=55503\">Contactez-nous pour toute demande de devis ou de renseignements<\/a><\/span><\/span><\/p>\n","protected":false},"featured_media":110944,"template":"","meta":{"_acf_changed":false,"content-type":"","_themeisle_gutenberg_block_has_review":false},"product_brand":[],"product_cat":[12507,8961],"product_tag":[9237,9728,10910,11301,11302,14925,31477,9200],"product_designer":[11388],"comfabric":[],"manufacturer":[19677],"reporting_designer":[37884],"samplecomfabric":[],"designer_clubroom":[],"class_list":{"0":"post-55503","1":"product","2":"type-product","3":"status-publish","4":"has-post-thumbnail","6":"product_cat-luminaires","7":"product_cat-suspensions","8":"product_tag-lampe-fr-2","9":"product_tag-chandelier-fr","10":"product_tag-salle-de-bain","11":"product_tag-semeur-detoile-fr","12":"product_tag-semeur-detoiles","13":"product_tag-hpfav-fr","14":"product_tag-st-curvy-fr","15":"product_tag-luminaire-fr-2","16":"pa_size-grand-fr","17":"pa_size-moyen-fr","18":"product_designer-semeur-detoiles-fr","19":"manufacturer-semeur-dtoiles-warehouse-fr","20":"reporting_designer-semeur-detoiles","22":"first","23":"instock","24":"taxable","25":"shipping-taxable","26":"purchasable","27":"product-type-variable"},"acf":[],"_links":{"self":[{"href":"https:\/\/theinvisiblecollection.com\/fr\/wp-json\/wp\/v2\/product\/55503","targetHints":{"allow":["GET"]}}],"collection":[{"href":"https:\/\/theinvisiblecollection.com\/fr\/wp-json\/wp\/v2\/product"}],"about":[{"href":"https:\/\/theinvisiblecollection.com\/fr\/wp-json\/wp\/v2\/types\/product"}],"wp:featuredmedia":[{"embeddable":true,"href":"https:\/\/theinvisiblecollection.com\/fr\/wp-json\/wp\/v2\/media\/110944"}],"wp:attachment":[{"href":"https:\/\/theinvisiblecollection.com\/fr\/wp-json\/wp\/v2\/media?parent=55503"}],"wp:term":[{"taxonomy":"product_brand","embeddable":true,"href":"https:\/\/theinvisiblecollection.com\/fr\/wp-json\/wp\/v2\/product_brand?post=55503"},{"taxonomy":"product_cat","embeddable":true,"href":"https:\/\/theinvisiblecollection.com\/fr\/wp-json\/wp\/v2\/product_cat?post=55503"},{"taxonomy":"product_tag","embeddable":true,"href":"https:\/\/theinvisiblecollection.com\/fr\/wp-json\/wp\/v2\/product_tag?post=55503"},{"taxonomy":"product_designer","embeddable":true,"href":"https:\/\/theinvisiblecollection.com\/fr\/wp-json\/wp\/v2\/product_designer?post=55503"},{"taxonomy":"comfabric","embeddable":true,"href":"https:\/\/theinvisiblecollection.com\/fr\/wp-json\/wp\/v2\/comfabric?post=55503"},{"taxonomy":"manufacturer","embeddable":true,"href":"https:\/\/theinvisiblecollection.com\/fr\/wp-json\/wp\/v2\/manufacturer?post=55503"},{"taxonomy":"reporting_designer","embeddable":true,"href":"https:\/\/theinvisiblecollection.com\/fr\/wp-json\/wp\/v2\/reporting_designer?post=55503"},{"taxonomy":"samplecomfabric","embeddable":true,"href":"https:\/\/theinvisiblecollection.com\/fr\/wp-json\/wp\/v2\/samplecomfabric?post=55503"},{"taxonomy":"clubroom_product_designer","embeddable":true,"href":"https:\/\/theinvisiblecollection.com\/fr\/wp-json\/wp\/v2\/designer_clubroom?post=55503"}],"curies":[{"name":"wp","href":"https:\/\/api.w.org\/{rel}","templated":true}]}}