{"id":55504,"date":"2020-09-24T17:01:23","date_gmt":"2020-09-24T16:01:23","guid":{"rendered":"https:\/\/www.theinvisiblecollection.com\/?post_type=product&#038;p=55504"},"modified":"2026-05-08T04:40:47","modified_gmt":"2026-05-08T04:40:47","slug":"semeur-detoiles-lustres-collier-de-lunes","status":"publish","type":"product","link":"https:\/\/theinvisiblecollection.com\/fr\/produit\/semeur-detoiles-lustres-collier-de-lunes\/","title":{"rendered":"Lustres Collier de Lunes"},"content":{"rendered":"<p style=\"text-align: justify;\">Les Colliers sont de g\u00e9n\u00e9reux volume de verre souffl\u00e9 bouche avec des articulations en laiton et des LEDs cach\u00e9es \u00e0 l\u2019int\u00e9rieur. Souples, ils offrent de multiples possibilit\u00e9s d\u2019accrochage : suspendus par une seule extr\u00e9mit\u00e9 ou les deux, plusieurs colliers attach\u00e9s entre eux, ou simplement dispos\u00e9s sur un meuble. Les Colliers peuvent se composer de verreries de diam\u00e8tres et textures identiques ou diff\u00e9rents selon l\u2019esth\u00e9tique d\u00e9sir\u00e9e : par exemple nos Lunes qui sont des pi\u00e8ces en verre souffl\u00e9 bouche exclusives, fruit de notre savoir-faire d\u2019exception.<\/p>\n","protected":false},"excerpt":{"rendered":"<p>Chaque pi\u00e8ce est sign\u00e9e et num\u00e9rot\u00e9e par le designer<br \/>\nCollier flexible en verre souffl\u00e9 \u00e0 la main, laiton bross\u00e9, LEDs<br \/>\nAmpoules incluses, lumi\u00e8re dimmable<br \/>\nTextures et diam\u00e8tres de verre sur-mesure sur demande<\/p>\n<p>Disponible en deux dimensions :<br \/>\nMoyen : 9 lunes<br \/>\nLongueur du c\u00e2ble : 185 cm<br \/>\nLunes : \u00d8 10 &#8211; 18 cm<br \/>\nGrand : 13 lunes<br \/>\nLongueur du c\u00e2ble : 290 cm<br \/>\nLunes : \u00d8 8 &#8211; 23 cm<\/p>\n<p>Fabriqu\u00e9 \u00e0 la main en France<br \/>\nD\u00e9lais de production : 8 &#8211; 10 semaines<\/p>\n<p><span class=\"s1\"><a href=\"https:\/\/www.theinvisiblecollection.com\/fr\/demande-de-devis\/?product_id=55504\">Contactez-nous pour toute demande de devis ou de renseignements<\/a><\/span><\/p>\n<p>&nbsp;<\/p>\n","protected":false},"featured_media":609637,"template":"","meta":{"_acf_changed":false,"content-type":"","_themeisle_gutenberg_block_has_review":false},"product_brand":[],"product_cat":[8961,12507],"product_tag":[9200,9237,10910,11301,11302,31477],"product_designer":[11388],"comfabric":[],"manufacturer":[19677],"reporting_designer":[37884],"samplecomfabric":[],"designer_clubroom":[],"class_list":{"0":"post-55504","1":"product","2":"type-product","3":"status-publish","4":"has-post-thumbnail","6":"product_cat-suspensions","7":"product_cat-luminaires","8":"product_tag-luminaire-fr-2","9":"product_tag-lampe-fr-2","10":"product_tag-salle-de-bain","11":"product_tag-semeur-detoile-fr","12":"product_tag-semeur-detoiles","13":"product_tag-st-curvy-fr","14":"pa_size-grand-fr","15":"pa_size-moyen-fr","16":"product_designer-semeur-detoiles-fr","17":"manufacturer-semeur-dtoiles-warehouse-fr","18":"reporting_designer-semeur-detoiles","20":"first","21":"instock","22":"taxable","23":"shipping-taxable","24":"purchasable","25":"product-type-variable"},"acf":[],"_links":{"self":[{"href":"https:\/\/theinvisiblecollection.com\/fr\/wp-json\/wp\/v2\/product\/55504","targetHints":{"allow":["GET"]}}],"collection":[{"href":"https:\/\/theinvisiblecollection.com\/fr\/wp-json\/wp\/v2\/product"}],"about":[{"href":"https:\/\/theinvisiblecollection.com\/fr\/wp-json\/wp\/v2\/types\/product"}],"wp:featuredmedia":[{"embeddable":true,"href":"https:\/\/theinvisiblecollection.com\/fr\/wp-json\/wp\/v2\/media\/609637"}],"wp:attachment":[{"href":"https:\/\/theinvisiblecollection.com\/fr\/wp-json\/wp\/v2\/media?parent=55504"}],"wp:term":[{"taxonomy":"product_brand","embeddable":true,"href":"https:\/\/theinvisiblecollection.com\/fr\/wp-json\/wp\/v2\/product_brand?post=55504"},{"taxonomy":"product_cat","embeddable":true,"href":"https:\/\/theinvisiblecollection.com\/fr\/wp-json\/wp\/v2\/product_cat?post=55504"},{"taxonomy":"product_tag","embeddable":true,"href":"https:\/\/theinvisiblecollection.com\/fr\/wp-json\/wp\/v2\/product_tag?post=55504"},{"taxonomy":"product_designer","embeddable":true,"href":"https:\/\/theinvisiblecollection.com\/fr\/wp-json\/wp\/v2\/product_designer?post=55504"},{"taxonomy":"comfabric","embeddable":true,"href":"https:\/\/theinvisiblecollection.com\/fr\/wp-json\/wp\/v2\/comfabric?post=55504"},{"taxonomy":"manufacturer","embeddable":true,"href":"https:\/\/theinvisiblecollection.com\/fr\/wp-json\/wp\/v2\/manufacturer?post=55504"},{"taxonomy":"reporting_designer","embeddable":true,"href":"https:\/\/theinvisiblecollection.com\/fr\/wp-json\/wp\/v2\/reporting_designer?post=55504"},{"taxonomy":"samplecomfabric","embeddable":true,"href":"https:\/\/theinvisiblecollection.com\/fr\/wp-json\/wp\/v2\/samplecomfabric?post=55504"},{"taxonomy":"clubroom_product_designer","embeddable":true,"href":"https:\/\/theinvisiblecollection.com\/fr\/wp-json\/wp\/v2\/designer_clubroom?post=55504"}],"curies":[{"name":"wp","href":"https:\/\/api.w.org\/{rel}","templated":true}]}}