{"id":55553,"date":"2020-09-24T17:32:34","date_gmt":"2020-09-24T16:32:34","guid":{"rendered":"https:\/\/www.theinvisiblecollection.com\/?post_type=product&#038;p=55553"},"modified":"2026-05-01T07:39:35","modified_gmt":"2026-05-01T07:39:35","slug":"semeur-detoiles-lustre-lunes-treize","status":"publish","type":"product","link":"https:\/\/theinvisiblecollection.com\/fr\/produit\/semeur-detoiles-lustre-lunes-treize\/","title":{"rendered":"Lustre 13 Lunes"},"content":{"rendered":"<p style=\"text-align: justify;\">Nos Lunes en verre souffl\u00e9 bouche sont des pi\u00e8ces uniques et exclusives. Pour \u00e9voquer la Lune et cr\u00e9er des effets lumineux remarquables, nous les fabriquons \u00e0 la main. Elles sont le r\u00e9sultat de quinze traitements adroits pour fusionner verre et poudre de pierres choisies. Nous utilisons des d\u00e9chets de carri\u00e8re pour cela. Mont\u00e9es en suspensions ou en lustres, elles offrent une grande libert\u00e9 de composition gr\u00e2ce aux diff\u00e9rents diam\u00e8tres propos\u00e9s, \u00e0 leurs hauteurs r\u00e9glables, aux diff\u00e9rentes options d\u2019\u00e9clairage et au choix du mode d\u2019accrochage.<\/p>\n","protected":false},"excerpt":{"rendered":"<p>Chaque pi\u00e8ce est sign\u00e9e et num\u00e9rot\u00e9e par le designer<br \/>\nLustre en verre souffl\u00e9 \u00e0 la bouche, LEDs<br \/>\nPlatine en acier peint en blanc mat<br \/>\nCouleur (RAL) sur mesure sur demande<br \/>\nFil de cuivre chrome et plastique transparent<br \/>\nLumi\u00e8re r\u00e9glable<\/p>\n<p>Platine : \u00d8 60 cm<br \/>\nHauteur : 200 cm maximum<\/p>\n<p>Fabriqu\u00e9 \u00e0 la main en France<br \/>\nD\u00e9lais de production : 8 &#8211; 10 semaines<\/p>\n<p><span class=\"s1\"><a href=\"https:\/\/www.theinvisiblecollection.com\/fr\/demande-de-devis\/?product_id=55553\">Contactez-nous pour toute demande de devis ou de renseignements<\/a><\/span><\/p>\n","protected":false},"featured_media":4707228,"template":"","meta":{"_acf_changed":false,"content-type":"","_themeisle_gutenberg_block_has_review":false},"product_brand":[],"product_cat":[8961,12507],"product_tag":[9052,9200,9237,9450,9728,11010,11302,11706,11707,22790],"product_designer":[11388],"comfabric":[],"manufacturer":[19677],"reporting_designer":[37884],"samplecomfabric":[],"designer_clubroom":[],"class_list":{"0":"post-55553","1":"product","2":"type-product","3":"status-publish","4":"has-post-thumbnail","6":"product_cat-suspensions","7":"product_cat-luminaires","8":"product_tag-verre-souffle","9":"product_tag-luminaire-fr-2","10":"product_tag-lampe-fr-2","11":"product_tag-suspension-fr-3","12":"product_tag-chandelier-fr","13":"product_tag-decoration-de-plafond","14":"product_tag-semeur-detoiles","15":"product_tag-moon","16":"product_tag-lune-fr-2","17":"product_tag-disponible-immediatement","18":"product_designer-semeur-detoiles-fr","19":"manufacturer-semeur-dtoiles-warehouse-fr","20":"reporting_designer-semeur-detoiles","21":"exhibitions-londres-fr","23":"first","24":"instock","25":"taxable","26":"shipping-taxable","27":"purchasable","28":"product-type-variable"},"acf":[],"_links":{"self":[{"href":"https:\/\/theinvisiblecollection.com\/fr\/wp-json\/wp\/v2\/product\/55553","targetHints":{"allow":["GET"]}}],"collection":[{"href":"https:\/\/theinvisiblecollection.com\/fr\/wp-json\/wp\/v2\/product"}],"about":[{"href":"https:\/\/theinvisiblecollection.com\/fr\/wp-json\/wp\/v2\/types\/product"}],"wp:featuredmedia":[{"embeddable":true,"href":"https:\/\/theinvisiblecollection.com\/fr\/wp-json\/wp\/v2\/media\/4707228"}],"wp:attachment":[{"href":"https:\/\/theinvisiblecollection.com\/fr\/wp-json\/wp\/v2\/media?parent=55553"}],"wp:term":[{"taxonomy":"product_brand","embeddable":true,"href":"https:\/\/theinvisiblecollection.com\/fr\/wp-json\/wp\/v2\/product_brand?post=55553"},{"taxonomy":"product_cat","embeddable":true,"href":"https:\/\/theinvisiblecollection.com\/fr\/wp-json\/wp\/v2\/product_cat?post=55553"},{"taxonomy":"product_tag","embeddable":true,"href":"https:\/\/theinvisiblecollection.com\/fr\/wp-json\/wp\/v2\/product_tag?post=55553"},{"taxonomy":"product_designer","embeddable":true,"href":"https:\/\/theinvisiblecollection.com\/fr\/wp-json\/wp\/v2\/product_designer?post=55553"},{"taxonomy":"comfabric","embeddable":true,"href":"https:\/\/theinvisiblecollection.com\/fr\/wp-json\/wp\/v2\/comfabric?post=55553"},{"taxonomy":"manufacturer","embeddable":true,"href":"https:\/\/theinvisiblecollection.com\/fr\/wp-json\/wp\/v2\/manufacturer?post=55553"},{"taxonomy":"reporting_designer","embeddable":true,"href":"https:\/\/theinvisiblecollection.com\/fr\/wp-json\/wp\/v2\/reporting_designer?post=55553"},{"taxonomy":"samplecomfabric","embeddable":true,"href":"https:\/\/theinvisiblecollection.com\/fr\/wp-json\/wp\/v2\/samplecomfabric?post=55553"},{"taxonomy":"clubroom_product_designer","embeddable":true,"href":"https:\/\/theinvisiblecollection.com\/fr\/wp-json\/wp\/v2\/designer_clubroom?post=55553"}],"curies":[{"name":"wp","href":"https:\/\/api.w.org\/{rel}","templated":true}]}}