{"id":55557,"date":"2020-09-24T17:01:19","date_gmt":"2020-09-24T17:01:19","guid":{"rendered":"https:\/\/www.theinvisiblecollection.com\/?post_type=product&#038;p=55557"},"modified":"2026-05-01T07:39:35","modified_gmt":"2026-05-01T07:39:35","slug":"semeur-detoiles-lustre-27-planetes","status":"publish","type":"product","link":"https:\/\/theinvisiblecollection.com\/fr\/produit\/semeur-detoiles-lustre-27-planetes\/","title":{"rendered":"Lustre 27 Plan\u00e8tes"},"content":{"rendered":"<p style=\"text-align: justify;\">Les Plan\u00e8tes en verre souffl\u00e9 bouche sont le fruit d\u2019un travail d\u00e9licat \u00e0 quatre mains superposant 6 couches : la lumi\u00e8re caresse la poudre de roche suspendue dans le verre. Nous utilisons pour cela des rebuts de carri\u00e8re. Chaque exemplaire est unique. Elles offrent une grande libert\u00e9 de composition gr\u00e2ce \u00e0 des styles de verreries vari\u00e9s (huit esth\u00e9tiques blanches distinctes), \u00e0 leurs diff\u00e9rents diam\u00e8tres, \u00e0 leurs hauteurs r\u00e9glables, aux diff\u00e9rentes options d\u2019\u00e9clairage et au choix du mode d\u2019accrochage.<\/p>\n","protected":false},"excerpt":{"rendered":"<p>Chaque pi\u00e8ce est sign\u00e9e et num\u00e9rot\u00e9e par le designer<br \/>\nLustre en verre souffl\u00e9 \u00e0 la bouche, platine \u00e9toil\u00e9e, aluminium, composite, LEDs<br \/>\nMix Saturne, Titan, Lune et Jupiter<em><br \/>\n<\/em><\/p>\n<p>Platine : \u00d8 122 cm<br \/>\nHauteur : 2 m maximum<\/p>\n<p>Fabriqu\u00e9 \u00e0 la main en France<br \/>\nD\u00e9lais de production : 8 &#8211; 10 semaines<\/p>\n<p><span style=\"text-decoration: underline;\"><span class=\"s1\"><a href=\"https:\/\/www.theinvisiblecollection.com\/fr\/demande-de-devis\/?product_id=55557\">Contactez-nous pour toute demande de devis ou de renseignements<\/a><\/span><\/span><\/p>\n","protected":false},"featured_media":55488,"template":"","meta":{"_acf_changed":false,"content-type":"","_themeisle_gutenberg_block_has_review":false},"product_brand":[],"product_cat":[12507,19977,8961],"product_tag":[9237,11302,11706,11707,9200],"product_designer":[11388],"comfabric":[],"manufacturer":[19677],"reporting_designer":[37884],"samplecomfabric":[],"designer_clubroom":[],"class_list":{"0":"post-55557","1":"product","2":"type-product","3":"status-publish","4":"has-post-thumbnail","6":"product_cat-luminaires","7":"product_cat-accessoires-de-salle-de-bain","8":"product_cat-suspensions","9":"product_tag-lampe-fr-2","10":"product_tag-semeur-detoiles","11":"product_tag-moon","12":"product_tag-lune-fr-2","13":"product_tag-luminaire-fr-2","14":"product_designer-semeur-detoiles-fr","15":"manufacturer-semeur-dtoiles-warehouse-fr","16":"reporting_designer-semeur-detoiles","18":"first","19":"instock","20":"taxable","21":"shipping-taxable","22":"purchasable","23":"product-type-variable"},"acf":[],"_links":{"self":[{"href":"https:\/\/theinvisiblecollection.com\/fr\/wp-json\/wp\/v2\/product\/55557","targetHints":{"allow":["GET"]}}],"collection":[{"href":"https:\/\/theinvisiblecollection.com\/fr\/wp-json\/wp\/v2\/product"}],"about":[{"href":"https:\/\/theinvisiblecollection.com\/fr\/wp-json\/wp\/v2\/types\/product"}],"wp:featuredmedia":[{"embeddable":true,"href":"https:\/\/theinvisiblecollection.com\/fr\/wp-json\/wp\/v2\/media\/55488"}],"wp:attachment":[{"href":"https:\/\/theinvisiblecollection.com\/fr\/wp-json\/wp\/v2\/media?parent=55557"}],"wp:term":[{"taxonomy":"product_brand","embeddable":true,"href":"https:\/\/theinvisiblecollection.com\/fr\/wp-json\/wp\/v2\/product_brand?post=55557"},{"taxonomy":"product_cat","embeddable":true,"href":"https:\/\/theinvisiblecollection.com\/fr\/wp-json\/wp\/v2\/product_cat?post=55557"},{"taxonomy":"product_tag","embeddable":true,"href":"https:\/\/theinvisiblecollection.com\/fr\/wp-json\/wp\/v2\/product_tag?post=55557"},{"taxonomy":"product_designer","embeddable":true,"href":"https:\/\/theinvisiblecollection.com\/fr\/wp-json\/wp\/v2\/product_designer?post=55557"},{"taxonomy":"comfabric","embeddable":true,"href":"https:\/\/theinvisiblecollection.com\/fr\/wp-json\/wp\/v2\/comfabric?post=55557"},{"taxonomy":"manufacturer","embeddable":true,"href":"https:\/\/theinvisiblecollection.com\/fr\/wp-json\/wp\/v2\/manufacturer?post=55557"},{"taxonomy":"reporting_designer","embeddable":true,"href":"https:\/\/theinvisiblecollection.com\/fr\/wp-json\/wp\/v2\/reporting_designer?post=55557"},{"taxonomy":"samplecomfabric","embeddable":true,"href":"https:\/\/theinvisiblecollection.com\/fr\/wp-json\/wp\/v2\/samplecomfabric?post=55557"},{"taxonomy":"clubroom_product_designer","embeddable":true,"href":"https:\/\/theinvisiblecollection.com\/fr\/wp-json\/wp\/v2\/designer_clubroom?post=55557"}],"curies":[{"name":"wp","href":"https:\/\/api.w.org\/{rel}","templated":true}]}}