{"id":55558,"date":"2020-09-24T17:32:31","date_gmt":"2020-09-24T16:32:31","guid":{"rendered":"https:\/\/www.theinvisiblecollection.com\/?post_type=product&#038;p=55558"},"modified":"2026-05-01T07:39:35","modified_gmt":"2026-05-01T07:39:35","slug":"semeur-detoiles-lampe-tripode-lune-lem","status":"publish","type":"product","link":"https:\/\/theinvisiblecollection.com\/fr\/produit\/semeur-detoiles-lampe-tripode-lune-lem\/","title":{"rendered":"Lampes Tripode Lune LEM"},"content":{"rendered":"<p style=\"text-align: justify;\">Nos Lunes en verre souffl\u00e9 bouche sont des pi\u00e8ces uniques et exclusives. Pour \u00e9voquer la Lune et cr\u00e9er des effets lumineux remarquables, nous les fabriquons \u00e0 la main. Elles sont le r\u00e9sultat de quinze traitements adroits pour fusionner verre et poudre de pierres choisies. Nous utilisons des d\u00e9chets de carri\u00e8re pour cela.<\/p>\n","protected":false},"excerpt":{"rendered":"<p>Chaque pi\u00e8ce est sign\u00e9e par le designer<em><br \/>\n<\/em>Lampe en laiton poli chrom\u00e9 et verre souffl\u00e9 \u00e0 la bouche, LEDs<\/p>\n<p>Petit : \u00d8 14 x H 20 cm<br \/>\nGrand : \u00d8 20 x H 30 cm<\/p>\n<p>Fabriqu\u00e9e \u00e0 la main en France<br \/>\nD\u00e9lais de production : 6 &#8211; 8 semaines<\/p>\n<p><span class=\"s1\"><a href=\"https:\/\/www.theinvisiblecollection.com\/fr\/demande-de-devis\/?product_id=55558\">Contactez-nous pour toute demande de devis ou de renseignements<\/a><\/span><\/p>\n","protected":false},"featured_media":5079585,"template":"","meta":{"_acf_changed":false,"content-type":"","_themeisle_gutenberg_block_has_review":false},"product_brand":[],"product_cat":[8974,12507,13076,19977],"product_tag":[11706,12241,22790,9049,9052,9200,9237,11302],"product_designer":[11388],"comfabric":[],"manufacturer":[19677],"reporting_designer":[37884],"samplecomfabric":[],"designer_clubroom":[],"class_list":{"0":"post-55558","1":"product","2":"type-product","3":"status-publish","4":"has-post-thumbnail","6":"product_cat-lampes-de-table","7":"product_cat-luminaires","8":"product_cat-bureau-a-la-maison","9":"product_cat-accessoires-de-salle-de-bain","10":"product_tag-moon","11":"product_tag-dreamscapes-fr","12":"product_tag-disponible-immediatement","13":"product_tag-lampe-de-table","14":"product_tag-verre-souffle","15":"product_tag-luminaire-fr-2","16":"product_tag-lampe-fr-2","17":"product_tag-semeur-detoiles","18":"pa_size-grand-fr","19":"pa_size-petit-fr","20":"pa_size-unite-grand","21":"pa_size-unite-petit","22":"product_designer-semeur-detoiles-fr","23":"manufacturer-semeur-dtoiles-warehouse-fr","24":"reporting_designer-semeur-detoiles","25":"exhibitions-paris-fr","27":"first","28":"instock","29":"taxable","30":"shipping-taxable","31":"purchasable","32":"product-type-variable"},"acf":[],"_links":{"self":[{"href":"https:\/\/theinvisiblecollection.com\/fr\/wp-json\/wp\/v2\/product\/55558","targetHints":{"allow":["GET"]}}],"collection":[{"href":"https:\/\/theinvisiblecollection.com\/fr\/wp-json\/wp\/v2\/product"}],"about":[{"href":"https:\/\/theinvisiblecollection.com\/fr\/wp-json\/wp\/v2\/types\/product"}],"wp:featuredmedia":[{"embeddable":true,"href":"https:\/\/theinvisiblecollection.com\/fr\/wp-json\/wp\/v2\/media\/5079585"}],"wp:attachment":[{"href":"https:\/\/theinvisiblecollection.com\/fr\/wp-json\/wp\/v2\/media?parent=55558"}],"wp:term":[{"taxonomy":"product_brand","embeddable":true,"href":"https:\/\/theinvisiblecollection.com\/fr\/wp-json\/wp\/v2\/product_brand?post=55558"},{"taxonomy":"product_cat","embeddable":true,"href":"https:\/\/theinvisiblecollection.com\/fr\/wp-json\/wp\/v2\/product_cat?post=55558"},{"taxonomy":"product_tag","embeddable":true,"href":"https:\/\/theinvisiblecollection.com\/fr\/wp-json\/wp\/v2\/product_tag?post=55558"},{"taxonomy":"product_designer","embeddable":true,"href":"https:\/\/theinvisiblecollection.com\/fr\/wp-json\/wp\/v2\/product_designer?post=55558"},{"taxonomy":"comfabric","embeddable":true,"href":"https:\/\/theinvisiblecollection.com\/fr\/wp-json\/wp\/v2\/comfabric?post=55558"},{"taxonomy":"manufacturer","embeddable":true,"href":"https:\/\/theinvisiblecollection.com\/fr\/wp-json\/wp\/v2\/manufacturer?post=55558"},{"taxonomy":"reporting_designer","embeddable":true,"href":"https:\/\/theinvisiblecollection.com\/fr\/wp-json\/wp\/v2\/reporting_designer?post=55558"},{"taxonomy":"samplecomfabric","embeddable":true,"href":"https:\/\/theinvisiblecollection.com\/fr\/wp-json\/wp\/v2\/samplecomfabric?post=55558"},{"taxonomy":"clubroom_product_designer","embeddable":true,"href":"https:\/\/theinvisiblecollection.com\/fr\/wp-json\/wp\/v2\/designer_clubroom?post=55558"}],"curies":[{"name":"wp","href":"https:\/\/api.w.org\/{rel}","templated":true}]}}