{"id":55564,"date":"2020-09-24T10:44:31","date_gmt":"2020-09-24T10:44:31","guid":{"rendered":"https:\/\/www.theinvisiblecollection.com\/?post_type=product&#038;p=55564"},"modified":"2026-05-01T07:39:35","modified_gmt":"2026-05-01T07:39:35","slug":"semeur-detoiles-lampe-tripode-meteore","status":"publish","type":"product","link":"https:\/\/theinvisiblecollection.com\/fr\/produit\/semeur-detoiles-lampe-tripode-meteore\/","title":{"rendered":"Lampe Tripode M\u00e9t\u00e9ore"},"content":{"rendered":"<p style=\"text-align: justify;\">Les M\u00e9t\u00e9ores sont des pi\u00e8ces en verre souffl\u00e9 bouche aux formes irr\u00e9guli\u00e8res. Elles sont le r\u00e9sultat d\u2019un travail du verre exclusif. Chaque exemplaire est unique. De dimensions et d\u2019aspect vari\u00e9s, ils l\u00e9vitent dans l\u2019air et invitent \u00e0 la r\u00eaverie. Mont\u00e9s en suspensions ou en lustres, elles offrent une grande libert\u00e9 de composition gr\u00e2ce \u00e0 leurs hauteurs r\u00e9glables, aux diff\u00e9rentes options d\u2019\u00e9clairage et au choix du mode d\u2019accrochage. Les M\u00e9t\u00e9ores peuvent \u00e9galement \u00eatre mont\u00e9s en applique, lampe \u00e0 poser, mobile, collier.<\/p>\n","protected":false},"excerpt":{"rendered":"<p>Chaque pi\u00e8ce est sign\u00e9e et num\u00e9rot\u00e9e par le designer<br \/>\nLampe en laiton bross\u00e9 et verre souffl\u00e9 \u00e0 la bouche, LEDs<\/p>\n<p>Petit: L 25 x l 15 x H 20 cm<br \/>\nGrand: L 30 x l 20 x H 22 cm<\/p>\n<p>Fabriqu\u00e9e \u00e0 la main en France<br \/>\nD\u00e9lais de production : 6 &#8211; 8 semaines<\/p>\n<p><span class=\"s1\"><a href=\"https:\/\/www.theinvisiblecollection.com\/fr\/demande-de-devis\/?product_id=55564\">Contactez-nous pour toute demande de devis ou de renseignements<\/a><\/span><\/p>\n","protected":false},"featured_media":5079576,"template":"","meta":{"_acf_changed":false,"content-type":"","_themeisle_gutenberg_block_has_review":false},"product_brand":[],"product_cat":[8974,12507,19977],"product_tag":[9049,9052,9200,9237,11302,11706],"product_designer":[11388],"comfabric":[],"manufacturer":[19677],"reporting_designer":[37884],"samplecomfabric":[],"designer_clubroom":[],"class_list":{"0":"post-55564","1":"product","2":"type-product","3":"status-publish","4":"has-post-thumbnail","6":"product_cat-lampes-de-table","7":"product_cat-luminaires","8":"product_cat-accessoires-de-salle-de-bain","9":"product_tag-lampe-de-table","10":"product_tag-verre-souffle","11":"product_tag-luminaire-fr-2","12":"product_tag-lampe-fr-2","13":"product_tag-semeur-detoiles","14":"product_tag-moon","15":"pa_size-grand-fr","16":"pa_size-petit-fr","17":"product_designer-semeur-detoiles-fr","18":"manufacturer-semeur-dtoiles-warehouse-fr","19":"reporting_designer-semeur-detoiles","21":"first","22":"instock","23":"taxable","24":"shipping-taxable","25":"purchasable","26":"product-type-variable"},"acf":[],"_links":{"self":[{"href":"https:\/\/theinvisiblecollection.com\/fr\/wp-json\/wp\/v2\/product\/55564","targetHints":{"allow":["GET"]}}],"collection":[{"href":"https:\/\/theinvisiblecollection.com\/fr\/wp-json\/wp\/v2\/product"}],"about":[{"href":"https:\/\/theinvisiblecollection.com\/fr\/wp-json\/wp\/v2\/types\/product"}],"wp:featuredmedia":[{"embeddable":true,"href":"https:\/\/theinvisiblecollection.com\/fr\/wp-json\/wp\/v2\/media\/5079576"}],"wp:attachment":[{"href":"https:\/\/theinvisiblecollection.com\/fr\/wp-json\/wp\/v2\/media?parent=55564"}],"wp:term":[{"taxonomy":"product_brand","embeddable":true,"href":"https:\/\/theinvisiblecollection.com\/fr\/wp-json\/wp\/v2\/product_brand?post=55564"},{"taxonomy":"product_cat","embeddable":true,"href":"https:\/\/theinvisiblecollection.com\/fr\/wp-json\/wp\/v2\/product_cat?post=55564"},{"taxonomy":"product_tag","embeddable":true,"href":"https:\/\/theinvisiblecollection.com\/fr\/wp-json\/wp\/v2\/product_tag?post=55564"},{"taxonomy":"product_designer","embeddable":true,"href":"https:\/\/theinvisiblecollection.com\/fr\/wp-json\/wp\/v2\/product_designer?post=55564"},{"taxonomy":"comfabric","embeddable":true,"href":"https:\/\/theinvisiblecollection.com\/fr\/wp-json\/wp\/v2\/comfabric?post=55564"},{"taxonomy":"manufacturer","embeddable":true,"href":"https:\/\/theinvisiblecollection.com\/fr\/wp-json\/wp\/v2\/manufacturer?post=55564"},{"taxonomy":"reporting_designer","embeddable":true,"href":"https:\/\/theinvisiblecollection.com\/fr\/wp-json\/wp\/v2\/reporting_designer?post=55564"},{"taxonomy":"samplecomfabric","embeddable":true,"href":"https:\/\/theinvisiblecollection.com\/fr\/wp-json\/wp\/v2\/samplecomfabric?post=55564"},{"taxonomy":"clubroom_product_designer","embeddable":true,"href":"https:\/\/theinvisiblecollection.com\/fr\/wp-json\/wp\/v2\/designer_clubroom?post=55564"}],"curies":[{"name":"wp","href":"https:\/\/api.w.org\/{rel}","templated":true}]}}