{"id":5563151,"date":"2024-09-18T10:56:43","date_gmt":"2024-09-18T10:56:43","guid":{"rendered":"https:\/\/theinvisiblecollection.com\/?post_type=product&#038;p=5563151"},"modified":"2026-05-01T07:37:33","modified_gmt":"2026-05-01T07:37:33","slug":"lesage-interieurs-miroir-brode","status":"publish","type":"product","link":"https:\/\/theinvisiblecollection.com\/fr\/produit\/lesage-interieurs-miroir-brode\/","title":{"rendered":"Miroir Brod\u00e9"},"content":{"rendered":"<p><span class=\"TextRun SCXW21259178 BCX0\" lang=\"FR-FR\" xml:lang=\"FR-FR\" data-contrast=\"none\"><span class=\"NormalTextRun SCXW21259178 BCX0\">Ce miroir est sublim\u00e9 par un cadre d&#8217;inspiration Empire, o\u00f9 l&#8217;\u00e9l\u00e9gance des motifs classiques se m\u00eale \u00e0 la rusticit\u00e9 de la mati\u00e8re brute, gr\u00e2ce \u00e0 une technique artisanale de cordes nou\u00e9es qui cr\u00e9e un contraste saisissant et sophistiqu\u00e9.<\/span><\/span><\/p>\n","protected":false},"excerpt":{"rendered":"<p>Ce miroir est sublim\u00e9 par un cadre d&#8217;inspiration Empire, o\u00f9 l&#8217;\u00e9l\u00e9gance des motifs classiques se m\u00eale \u00e0 la rusticit\u00e9 de la mati\u00e8re brute, gr\u00e2ce \u00e0 une technique artisanale de cordes nou\u00e9es qui cr\u00e9e un contraste saisissant et sophistiqu\u00e9.<\/p>\n","protected":false},"featured_media":5678510,"template":"","meta":{"_acf_changed":false,"content-type":"","_themeisle_gutenberg_block_has_review":false},"product_brand":[],"product_cat":[8225,7517],"product_tag":[31474],"product_designer":[21702],"comfabric":[],"manufacturer":[21700],"reporting_designer":[37427],"samplecomfabric":[],"designer_clubroom":[],"class_list":{"0":"post-5563151","1":"product","2":"type-product","3":"status-publish","4":"has-post-thumbnail","6":"product_cat-miroirs-fr","7":"product_cat-deco-fr","8":"product_tag-co-white-fr","9":"product_designer-lesage-intrieurs-fr","10":"manufacturer-lesage-intrieurs-fr","11":"reporting_designer-lesage-interieurs","13":"first","14":"instock","15":"taxable","16":"shipping-taxable","17":"purchasable","18":"product-type-simple"},"acf":[],"_links":{"self":[{"href":"https:\/\/theinvisiblecollection.com\/fr\/wp-json\/wp\/v2\/product\/5563151","targetHints":{"allow":["GET"]}}],"collection":[{"href":"https:\/\/theinvisiblecollection.com\/fr\/wp-json\/wp\/v2\/product"}],"about":[{"href":"https:\/\/theinvisiblecollection.com\/fr\/wp-json\/wp\/v2\/types\/product"}],"wp:featuredmedia":[{"embeddable":true,"href":"https:\/\/theinvisiblecollection.com\/fr\/wp-json\/wp\/v2\/media\/5678510"}],"wp:attachment":[{"href":"https:\/\/theinvisiblecollection.com\/fr\/wp-json\/wp\/v2\/media?parent=5563151"}],"wp:term":[{"taxonomy":"product_brand","embeddable":true,"href":"https:\/\/theinvisiblecollection.com\/fr\/wp-json\/wp\/v2\/product_brand?post=5563151"},{"taxonomy":"product_cat","embeddable":true,"href":"https:\/\/theinvisiblecollection.com\/fr\/wp-json\/wp\/v2\/product_cat?post=5563151"},{"taxonomy":"product_tag","embeddable":true,"href":"https:\/\/theinvisiblecollection.com\/fr\/wp-json\/wp\/v2\/product_tag?post=5563151"},{"taxonomy":"product_designer","embeddable":true,"href":"https:\/\/theinvisiblecollection.com\/fr\/wp-json\/wp\/v2\/product_designer?post=5563151"},{"taxonomy":"comfabric","embeddable":true,"href":"https:\/\/theinvisiblecollection.com\/fr\/wp-json\/wp\/v2\/comfabric?post=5563151"},{"taxonomy":"manufacturer","embeddable":true,"href":"https:\/\/theinvisiblecollection.com\/fr\/wp-json\/wp\/v2\/manufacturer?post=5563151"},{"taxonomy":"reporting_designer","embeddable":true,"href":"https:\/\/theinvisiblecollection.com\/fr\/wp-json\/wp\/v2\/reporting_designer?post=5563151"},{"taxonomy":"samplecomfabric","embeddable":true,"href":"https:\/\/theinvisiblecollection.com\/fr\/wp-json\/wp\/v2\/samplecomfabric?post=5563151"},{"taxonomy":"clubroom_product_designer","embeddable":true,"href":"https:\/\/theinvisiblecollection.com\/fr\/wp-json\/wp\/v2\/designer_clubroom?post=5563151"}],"curies":[{"name":"wp","href":"https:\/\/api.w.org\/{rel}","templated":true}]}}