{"id":5563197,"date":"2024-09-18T10:44:14","date_gmt":"2024-09-18T10:44:14","guid":{"rendered":"https:\/\/theinvisiblecollection.com\/?post_type=product&#038;p=5563197"},"modified":"2026-05-06T13:51:45","modified_gmt":"2026-05-06T13:51:45","slug":"lesage-interieurs-cadre-constellation-brode","status":"publish","type":"product","link":"https:\/\/theinvisiblecollection.com\/fr\/produit\/lesage-interieurs-cadre-constellation-brode\/","title":{"rendered":"Cadre Constellation Brod\u00e9"},"content":{"rendered":"<p style=\"text-align: justify;\"><span class=\"TextRun SCXW234024282 BCX0\" lang=\"FR-FR\" xml:lang=\"FR-FR\" data-contrast=\"none\"><span class=\"NormalTextRun SCXW234024282 BCX0\">Comme sorti de l&#8217;univers surr\u00e9aliste des ann\u00e9es 40, ce cadre brod\u00e9 ce cadre brod\u00e9 se distingue par des motifs minutieusement trac\u00e9s \u00e0 la main avec de la corde nou\u00e9e, offrant une \u00e9l\u00e9gance intemporelle et une texture riche. La constellation, quant \u00e0 elle, esquisse les signes du zodiaque \u00e0 travers un ciel scintillant, illumin\u00e9 d\u2019\u00e9toiles qui n&#8217;aurait pas d\u00e9plu \u00e0 Elsa Schiaparelli, Jean-Michel Franck ou Christian B\u00e9rard. Tout l&#8217;humour et <\/span><span class=\"NormalTextRun ContextualSpellingAndGrammarErrorV2Themed SCXW234024282 BCX0\">les raffinement<\/span><span class=\"NormalTextRun SCXW234024282 BCX0\"> de ces <\/span><span class=\"NormalTextRun ContextualSpellingAndGrammarErrorV2Themed SCXW234024282 BCX0\">ann\u00e9es l\u00e0<\/span><span class=\"NormalTextRun SCXW234024282 BCX0\">.<\/span><\/span><span class=\"EOP SCXW234024282 BCX0\" data-ccp-props=\"{&quot;134233117&quot;:false,&quot;134233118&quot;:false,&quot;335559738&quot;:0,&quot;335559739&quot;:0}\">\u00a0<\/span><\/p>\n","protected":false},"excerpt":{"rendered":"<p>Comme sorti de l&#8217;univers surr\u00e9aliste des ann\u00e9es 40, ce cadre brod\u00e9 ce cadre brod\u00e9 se distingue par des motifs minutieusement trac\u00e9s \u00e0 la main avec de la corde nou\u00e9e, offrant une \u00e9l\u00e9gance intemporelle et une texture riche. La constellation, quant \u00e0 elle, esquisse les signes du zodiaque \u00e0 travers un ciel scintillant, illumin\u00e9 d\u2019\u00e9toiles qui [&hellip;]<\/p>\n","protected":false},"featured_media":5678466,"template":"","meta":{"_acf_changed":false,"content-type":"","_themeisle_gutenberg_block_has_review":false},"product_brand":[],"product_cat":[7517,19973,22196],"product_tag":[31474],"product_designer":[21702],"comfabric":[],"manufacturer":[21700],"reporting_designer":[37428],"samplecomfabric":[],"designer_clubroom":[],"class_list":{"0":"post-5563197","1":"product","2":"type-product","3":"status-publish","4":"has-post-thumbnail","6":"product_cat-deco-fr","7":"product_cat-accessoires-pour-la-maison","8":"product_cat-art-fr","9":"product_tag-co-white-fr","10":"product_designer-lesage-intrieurs-fr","11":"manufacturer-lesage-intrieurs-fr","12":"reporting_designer-lesage-interieurs-fr","14":"first","15":"instock","16":"taxable","17":"shipping-taxable","18":"purchasable","19":"product-type-simple"},"acf":[],"_links":{"self":[{"href":"https:\/\/theinvisiblecollection.com\/fr\/wp-json\/wp\/v2\/product\/5563197","targetHints":{"allow":["GET"]}}],"collection":[{"href":"https:\/\/theinvisiblecollection.com\/fr\/wp-json\/wp\/v2\/product"}],"about":[{"href":"https:\/\/theinvisiblecollection.com\/fr\/wp-json\/wp\/v2\/types\/product"}],"wp:featuredmedia":[{"embeddable":true,"href":"https:\/\/theinvisiblecollection.com\/fr\/wp-json\/wp\/v2\/media\/5678466"}],"wp:attachment":[{"href":"https:\/\/theinvisiblecollection.com\/fr\/wp-json\/wp\/v2\/media?parent=5563197"}],"wp:term":[{"taxonomy":"product_brand","embeddable":true,"href":"https:\/\/theinvisiblecollection.com\/fr\/wp-json\/wp\/v2\/product_brand?post=5563197"},{"taxonomy":"product_cat","embeddable":true,"href":"https:\/\/theinvisiblecollection.com\/fr\/wp-json\/wp\/v2\/product_cat?post=5563197"},{"taxonomy":"product_tag","embeddable":true,"href":"https:\/\/theinvisiblecollection.com\/fr\/wp-json\/wp\/v2\/product_tag?post=5563197"},{"taxonomy":"product_designer","embeddable":true,"href":"https:\/\/theinvisiblecollection.com\/fr\/wp-json\/wp\/v2\/product_designer?post=5563197"},{"taxonomy":"comfabric","embeddable":true,"href":"https:\/\/theinvisiblecollection.com\/fr\/wp-json\/wp\/v2\/comfabric?post=5563197"},{"taxonomy":"manufacturer","embeddable":true,"href":"https:\/\/theinvisiblecollection.com\/fr\/wp-json\/wp\/v2\/manufacturer?post=5563197"},{"taxonomy":"reporting_designer","embeddable":true,"href":"https:\/\/theinvisiblecollection.com\/fr\/wp-json\/wp\/v2\/reporting_designer?post=5563197"},{"taxonomy":"samplecomfabric","embeddable":true,"href":"https:\/\/theinvisiblecollection.com\/fr\/wp-json\/wp\/v2\/samplecomfabric?post=5563197"},{"taxonomy":"clubroom_product_designer","embeddable":true,"href":"https:\/\/theinvisiblecollection.com\/fr\/wp-json\/wp\/v2\/designer_clubroom?post=5563197"}],"curies":[{"name":"wp","href":"https:\/\/api.w.org\/{rel}","templated":true}]}}