{"id":5569025,"date":"2024-09-19T08:55:27","date_gmt":"2024-09-19T08:55:27","guid":{"rendered":"https:\/\/theinvisiblecollection.com\/?post_type=product&#038;p=5569025"},"modified":"2026-05-01T07:37:31","modified_gmt":"2026-05-01T07:37:31","slug":"lesage-interieurs-coussin-pomme-d-amour","status":"publish","type":"product","link":"https:\/\/theinvisiblecollection.com\/fr\/produit\/lesage-interieurs-coussin-pomme-d-amour\/","title":{"rendered":"Coussin Pomme d&#8217; Amour"},"content":{"rendered":"<p style=\"text-align: justify;\"><span class=\"TextRun SCXW91429722 BCX0\" lang=\"FR-FR\" xml:lang=\"FR-FR\" data-contrast=\"none\"><span class=\"NormalTextRun SCXW91429722 BCX0\">Ronde, g\u00e9n\u00e9reuse et joyeuse, la pomme d&#8217;amour est brod\u00e9e de raphia, de <\/span><span class=\"NormalTextRun SpellingErrorV2Themed SCXW91429722 BCX0\">miniscules<\/span><span class=\"NormalTextRun SCXW91429722 BCX0\"> perles de bois et de perles de couleurs ivoire. Le trac\u00e9 du dessin s&#8217;inspire des sublimes broderies <\/span><\/span>\u00c9lisab\u00e9thaines.<\/p>\n","protected":false},"excerpt":{"rendered":"<p>Ronde, g\u00e9n\u00e9reuse et joyeuse, la pomme d&#8217;amour est brod\u00e9e de raphia, de miniscules perles de bois et de perles de couleurs ivoire. Le trac\u00e9 du dessin s&#8217;inspire des sublimes broderies \u00c9lisab\u00e9thaines.<\/p>\n","protected":false},"featured_media":5836771,"template":"","meta":{"_acf_changed":false,"content-type":"","_themeisle_gutenberg_block_has_review":false},"product_brand":[],"product_cat":[7517,12530,19992],"product_tag":[31474],"product_designer":[21702],"comfabric":[],"manufacturer":[21700],"reporting_designer":[37427],"samplecomfabric":[],"designer_clubroom":[],"class_list":{"0":"post-5569025","1":"product","2":"type-product","3":"status-publish","4":"has-post-thumbnail","6":"product_cat-deco-fr","7":"product_cat-coussins-plaids","8":"product_cat-coussins","9":"product_tag-co-white-fr","10":"product_designer-lesage-intrieurs-fr","11":"manufacturer-lesage-intrieurs-fr","12":"reporting_designer-lesage-interieurs","14":"first","15":"instock","16":"taxable","17":"shipping-taxable","18":"purchasable","19":"product-type-simple"},"acf":[],"_links":{"self":[{"href":"https:\/\/theinvisiblecollection.com\/fr\/wp-json\/wp\/v2\/product\/5569025","targetHints":{"allow":["GET"]}}],"collection":[{"href":"https:\/\/theinvisiblecollection.com\/fr\/wp-json\/wp\/v2\/product"}],"about":[{"href":"https:\/\/theinvisiblecollection.com\/fr\/wp-json\/wp\/v2\/types\/product"}],"wp:featuredmedia":[{"embeddable":true,"href":"https:\/\/theinvisiblecollection.com\/fr\/wp-json\/wp\/v2\/media\/5836771"}],"wp:attachment":[{"href":"https:\/\/theinvisiblecollection.com\/fr\/wp-json\/wp\/v2\/media?parent=5569025"}],"wp:term":[{"taxonomy":"product_brand","embeddable":true,"href":"https:\/\/theinvisiblecollection.com\/fr\/wp-json\/wp\/v2\/product_brand?post=5569025"},{"taxonomy":"product_cat","embeddable":true,"href":"https:\/\/theinvisiblecollection.com\/fr\/wp-json\/wp\/v2\/product_cat?post=5569025"},{"taxonomy":"product_tag","embeddable":true,"href":"https:\/\/theinvisiblecollection.com\/fr\/wp-json\/wp\/v2\/product_tag?post=5569025"},{"taxonomy":"product_designer","embeddable":true,"href":"https:\/\/theinvisiblecollection.com\/fr\/wp-json\/wp\/v2\/product_designer?post=5569025"},{"taxonomy":"comfabric","embeddable":true,"href":"https:\/\/theinvisiblecollection.com\/fr\/wp-json\/wp\/v2\/comfabric?post=5569025"},{"taxonomy":"manufacturer","embeddable":true,"href":"https:\/\/theinvisiblecollection.com\/fr\/wp-json\/wp\/v2\/manufacturer?post=5569025"},{"taxonomy":"reporting_designer","embeddable":true,"href":"https:\/\/theinvisiblecollection.com\/fr\/wp-json\/wp\/v2\/reporting_designer?post=5569025"},{"taxonomy":"samplecomfabric","embeddable":true,"href":"https:\/\/theinvisiblecollection.com\/fr\/wp-json\/wp\/v2\/samplecomfabric?post=5569025"},{"taxonomy":"clubroom_product_designer","embeddable":true,"href":"https:\/\/theinvisiblecollection.com\/fr\/wp-json\/wp\/v2\/designer_clubroom?post=5569025"}],"curies":[{"name":"wp","href":"https:\/\/api.w.org\/{rel}","templated":true}]}}