{"id":5569243,"date":"2024-09-18T09:45:18","date_gmt":"2024-09-18T09:45:18","guid":{"rendered":"https:\/\/theinvisiblecollection.com\/?post_type=product&#038;p=5569243"},"modified":"2026-05-08T04:38:46","modified_gmt":"2026-05-08T04:38:46","slug":"tiana-de-nicolay-tapis-pavillon-du-the","status":"publish","type":"product","link":"https:\/\/theinvisiblecollection.com\/fr\/produit\/tiana-de-nicolay-tapis-pavillon-du-the\/","title":{"rendered":"Tapis Pavillon du Th\u00e9"},"content":{"rendered":"<div class=\"flex-shrink-0 flex flex-col relative items-end\">\n<div class=\"pt-0\">\n<div class=\"gizmo-bot-avatar flex h-8 w-8 items-center justify-center overflow-hidden rounded-full\">\n<div class=\"relative p-1 rounded-sm flex items-center justify-center bg-token-main-surface-primary text-token-text-primary h-8 w-8\">\n<div class=\"flex max-w-full flex-col flex-grow\">\n<div class=\"min-h-8 text-message flex w-full flex-col items-end gap-2 whitespace-normal break-words [.text-message+&amp;]:mt-5\" dir=\"auto\" data-message-author-role=\"assistant\" data-message-id=\"5241402a-3620-4fef-9abf-de3c60a65513\" data-message-model-slug=\"gpt-4o\">\n<div class=\"flex w-full flex-col gap-1 empty:hidden first:pt-[3px]\">\n<div class=\"markdown prose w-full break-words dark:prose-invert light\">\n<p>La collection de tapis imagin\u00e9e par Tatiana de Nicolay en collaboration avec Jaipur Rugs s\u2019inspire du merveilleux jardin parisien Albert Khan qui invite \u00e0 une promenade v\u00e9g\u00e9tale foisonnante et exotique. De petits sentiers vous conduisent \u00e0 une premi\u00e8re escale dans cette promenade au jardin de la collection : le Japon. Ce premier tapis de la collection, le tapis Pavillon du Th\u00e9 par Tatiana de Nicolay x Jaipur Rugs, pr\u00e9sente des v\u00e9g\u00e9taux, des feuilles de palmiers et l&#8217;architecture du pays du Soleil Levant.<\/p>\n<\/div>\n<\/div>\n<\/div>\n<\/div>\n<div class=\"mb-2 flex gap-3 empty:hidden -ml-2\">\n<div class=\"items-center justify-start rounded-xl p-1 z-10 -mt-1 bg-token-main-surface-primary md:absolute flex\">\n<div class=\"flex items-center\">\n<div class=\"flex\"><\/div>\n<div class=\"flex items-center pb-0\"><\/div>\n<\/div>\n<\/div>\n<\/div>\n<\/div>\n<\/div>\n<\/div>\n<\/div>\n<p><span class=\"LineBreakBlob BlobObject DragDrop SCXW81724429 BCX8\">\u00a0<\/span><\/p>\n","protected":false},"excerpt":{"rendered":"<p>La collection de tapis imagin\u00e9e par Tatiana de Nicolay en collaboration avec Jaipur Rugs s\u2019inspire du merveilleux jardin parisien Albert Khan qui invite \u00e0 une promenade v\u00e9g\u00e9tale foisonnante et exotique. De petits sentiers vous conduisent \u00e0 une premi\u00e8re escale dans cette promenade au jardin de la collection : le Japon. Ce premier tapis de la [&hellip;]<\/p>\n","protected":false},"featured_media":5569946,"template":"","meta":{"_acf_changed":false,"content-type":"","_themeisle_gutenberg_block_has_review":false},"product_brand":[],"product_cat":[8183,12540,12541],"product_tag":[22790,35206],"product_designer":[20347,31600],"comfabric":[],"manufacturer":[31598],"reporting_designer":[37346,37630],"samplecomfabric":[],"designer_clubroom":[],"class_list":{"0":"post-5569243","1":"product","2":"type-product","3":"status-publish","4":"has-post-thumbnail","6":"product_cat-tapis-noues-a-la-main","7":"product_cat-tapis-fr","8":"product_cat-tufte-a-la-main","9":"product_tag-disponible-immediatement","10":"product_tag-exclusive-fr","11":"pa_size-dimensions-standards","12":"pa_size-dimensions-sur-mesure-fr","13":"pa_size-l-280-x-l-100-x-h-80-fr","14":"pa_size-moyen","15":"product_designer-tatiana-de-nicolay-fr","16":"product_designer-jaipur-rugs-fr","17":"manufacturer-jaipur-rugs-fr","18":"reporting_designer-jaipur-rugs","19":"reporting_designer-tatiana-de-nicolay","20":"exhibitions-paris-fr","21":"exhibitions-londres-fr","23":"first","24":"instock","25":"taxable","26":"shipping-taxable","27":"purchasable","28":"product-type-variable"},"acf":[],"_links":{"self":[{"href":"https:\/\/theinvisiblecollection.com\/fr\/wp-json\/wp\/v2\/product\/5569243","targetHints":{"allow":["GET"]}}],"collection":[{"href":"https:\/\/theinvisiblecollection.com\/fr\/wp-json\/wp\/v2\/product"}],"about":[{"href":"https:\/\/theinvisiblecollection.com\/fr\/wp-json\/wp\/v2\/types\/product"}],"wp:featuredmedia":[{"embeddable":true,"href":"https:\/\/theinvisiblecollection.com\/fr\/wp-json\/wp\/v2\/media\/5569946"}],"wp:attachment":[{"href":"https:\/\/theinvisiblecollection.com\/fr\/wp-json\/wp\/v2\/media?parent=5569243"}],"wp:term":[{"taxonomy":"product_brand","embeddable":true,"href":"https:\/\/theinvisiblecollection.com\/fr\/wp-json\/wp\/v2\/product_brand?post=5569243"},{"taxonomy":"product_cat","embeddable":true,"href":"https:\/\/theinvisiblecollection.com\/fr\/wp-json\/wp\/v2\/product_cat?post=5569243"},{"taxonomy":"product_tag","embeddable":true,"href":"https:\/\/theinvisiblecollection.com\/fr\/wp-json\/wp\/v2\/product_tag?post=5569243"},{"taxonomy":"product_designer","embeddable":true,"href":"https:\/\/theinvisiblecollection.com\/fr\/wp-json\/wp\/v2\/product_designer?post=5569243"},{"taxonomy":"comfabric","embeddable":true,"href":"https:\/\/theinvisiblecollection.com\/fr\/wp-json\/wp\/v2\/comfabric?post=5569243"},{"taxonomy":"manufacturer","embeddable":true,"href":"https:\/\/theinvisiblecollection.com\/fr\/wp-json\/wp\/v2\/manufacturer?post=5569243"},{"taxonomy":"reporting_designer","embeddable":true,"href":"https:\/\/theinvisiblecollection.com\/fr\/wp-json\/wp\/v2\/reporting_designer?post=5569243"},{"taxonomy":"samplecomfabric","embeddable":true,"href":"https:\/\/theinvisiblecollection.com\/fr\/wp-json\/wp\/v2\/samplecomfabric?post=5569243"},{"taxonomy":"clubroom_product_designer","embeddable":true,"href":"https:\/\/theinvisiblecollection.com\/fr\/wp-json\/wp\/v2\/designer_clubroom?post=5569243"}],"curies":[{"name":"wp","href":"https:\/\/api.w.org\/{rel}","templated":true}]}}