{"id":5569261,"date":"2024-09-25T18:13:35","date_gmt":"2024-09-25T18:13:35","guid":{"rendered":"https:\/\/theinvisiblecollection.com\/?post_type=product&#038;p=5569261"},"modified":"2026-05-08T04:38:46","modified_gmt":"2026-05-08T04:38:46","slug":"tiana-de-nicolay-jaipur-rugs-tapis-la-porte-du-jardin","status":"publish","type":"product","link":"https:\/\/theinvisiblecollection.com\/fr\/produit\/tiana-de-nicolay-jaipur-rugs-tapis-la-porte-du-jardin\/","title":{"rendered":"Tapis la Porte du Jardin"},"content":{"rendered":"<div class=\"flex-shrink-0 flex flex-col relative items-end\">\n<div class=\"pt-0\">\n<div class=\"gizmo-bot-avatar flex h-8 w-8 items-center justify-center overflow-hidden rounded-full\">\n<div class=\"relative p-1 rounded-sm flex items-center justify-center bg-token-main-surface-primary text-token-text-primary h-8 w-8\">La collection de tapis imagin\u00e9e par Tatiana de Nicolay en collaboration avec Jaipur Rugs s\u2019inspire du merveilleux jardin parisien Albert Khan, qui invite \u00e0 une promenade v\u00e9g\u00e9tale foisonnante et exotique. Lorsqu\u2019on entre dans la collection, il faut d\u2019abord p\u00e9n\u00e9trer dans le jardin par le tapis Porte du Jardin par Tatiana de Nicolay x Jaipur Rugs. C&#8217;est une grande treille en bois orn\u00e9e de feuilles de bambou : La Porte du Jardin.<\/div>\n<\/div>\n<\/div>\n<\/div>\n","protected":false},"excerpt":{"rendered":"<p>La collection de tapis imagin\u00e9e par Tatiana de Nicolay en collaboration avec Jaipur Rugs s\u2019inspire du merveilleux jardin parisien Albert Khan, qui invite \u00e0 une promenade v\u00e9g\u00e9tale foisonnante et exotique. Lorsqu\u2019on entre dans la collection, il faut d\u2019abord p\u00e9n\u00e9trer dans le jardin par le tapis Porte du Jardin par Tatiana de Nicolay x Jaipur Rugs. [&hellip;]<\/p>\n","protected":false},"featured_media":5569949,"template":"","meta":{"_acf_changed":false,"content-type":"","_themeisle_gutenberg_block_has_review":false},"product_brand":[],"product_cat":[8183,12540],"product_tag":[35206],"product_designer":[20347,31600],"comfabric":[],"manufacturer":[31598],"reporting_designer":[37346,37630],"samplecomfabric":[],"designer_clubroom":[],"class_list":{"0":"post-5569261","1":"product","2":"type-product","3":"status-publish","4":"has-post-thumbnail","6":"product_cat-tapis-noues-a-la-main","7":"product_cat-tapis-fr","8":"product_tag-exclusive-fr","9":"pa_size-dimensions-standards","10":"pa_size-dimensions-sur-mesure-fr","11":"pa_size-large-fr-2","12":"pa_size-moyen","13":"product_designer-tatiana-de-nicolay-fr","14":"product_designer-jaipur-rugs-fr","15":"manufacturer-jaipur-rugs-fr","16":"reporting_designer-jaipur-rugs","17":"reporting_designer-tatiana-de-nicolay","18":"exhibitions-paris-fr","20":"first","21":"instock","22":"taxable","23":"shipping-taxable","24":"purchasable","25":"product-type-variable"},"acf":[],"_links":{"self":[{"href":"https:\/\/theinvisiblecollection.com\/fr\/wp-json\/wp\/v2\/product\/5569261","targetHints":{"allow":["GET"]}}],"collection":[{"href":"https:\/\/theinvisiblecollection.com\/fr\/wp-json\/wp\/v2\/product"}],"about":[{"href":"https:\/\/theinvisiblecollection.com\/fr\/wp-json\/wp\/v2\/types\/product"}],"wp:featuredmedia":[{"embeddable":true,"href":"https:\/\/theinvisiblecollection.com\/fr\/wp-json\/wp\/v2\/media\/5569949"}],"wp:attachment":[{"href":"https:\/\/theinvisiblecollection.com\/fr\/wp-json\/wp\/v2\/media?parent=5569261"}],"wp:term":[{"taxonomy":"product_brand","embeddable":true,"href":"https:\/\/theinvisiblecollection.com\/fr\/wp-json\/wp\/v2\/product_brand?post=5569261"},{"taxonomy":"product_cat","embeddable":true,"href":"https:\/\/theinvisiblecollection.com\/fr\/wp-json\/wp\/v2\/product_cat?post=5569261"},{"taxonomy":"product_tag","embeddable":true,"href":"https:\/\/theinvisiblecollection.com\/fr\/wp-json\/wp\/v2\/product_tag?post=5569261"},{"taxonomy":"product_designer","embeddable":true,"href":"https:\/\/theinvisiblecollection.com\/fr\/wp-json\/wp\/v2\/product_designer?post=5569261"},{"taxonomy":"comfabric","embeddable":true,"href":"https:\/\/theinvisiblecollection.com\/fr\/wp-json\/wp\/v2\/comfabric?post=5569261"},{"taxonomy":"manufacturer","embeddable":true,"href":"https:\/\/theinvisiblecollection.com\/fr\/wp-json\/wp\/v2\/manufacturer?post=5569261"},{"taxonomy":"reporting_designer","embeddable":true,"href":"https:\/\/theinvisiblecollection.com\/fr\/wp-json\/wp\/v2\/reporting_designer?post=5569261"},{"taxonomy":"samplecomfabric","embeddable":true,"href":"https:\/\/theinvisiblecollection.com\/fr\/wp-json\/wp\/v2\/samplecomfabric?post=5569261"},{"taxonomy":"clubroom_product_designer","embeddable":true,"href":"https:\/\/theinvisiblecollection.com\/fr\/wp-json\/wp\/v2\/designer_clubroom?post=5569261"}],"curies":[{"name":"wp","href":"https:\/\/api.w.org\/{rel}","templated":true}]}}