{"id":5569442,"date":"2024-09-18T11:05:04","date_gmt":"2024-09-18T11:05:04","guid":{"rendered":"https:\/\/theinvisiblecollection.com\/?post_type=product&#038;p=5569442"},"modified":"2026-05-08T04:38:46","modified_gmt":"2026-05-08T04:38:46","slug":"tatiana-de-nicolay-jaipur-rugs-tapis-chant-du-serpent-circulaire","status":"publish","type":"product","link":"https:\/\/theinvisiblecollection.com\/fr\/produit\/tatiana-de-nicolay-jaipur-rugs-tapis-chant-du-serpent-circulaire\/","title":{"rendered":"Tapis le Chant du Serpent Circulaire"},"content":{"rendered":"<p>La collection de tapis imagin\u00e9e par Tatiana de Nicolay en collaboration avec Jaipur Rugs s\u2019inspire du merveilleux jardin parisien Albert Khan, qui invite \u00e0 une promenade v\u00e9g\u00e9tale foisonnante et exotique. C\u2019est alors que nous arrivons dans les serres tropicales entre ficus et palmiers des Bermudes, lianes de poivre, herbes des sous bois. On d\u00e9ambule dans cette v\u00e9g\u00e9tation dense et foisonnante o\u00f9 l&#8217;on entend le chant d\u2019un Quetzal ou le sifflement d\u2019un serpent des tropiques, c\u2019est le cinqui\u00e8me tapis de la collection: Le Chant du Serpent par Tatiana de Nicolay x Jaipur Rugs.<\/p>\n","protected":false},"excerpt":{"rendered":"<p>La collection de tapis imagin\u00e9e par Tatiana de Nicolay en collaboration avec Jaipur Rugs s\u2019inspire du merveilleux jardin parisien Albert Khan, qui invite \u00e0 une promenade v\u00e9g\u00e9tale foisonnante et exotique. C\u2019est alors que nous arrivons dans les serres tropicales entre ficus et palmiers des Bermudes, lianes de poivre, herbes des sous bois. On d\u00e9ambule dans [&hellip;]<\/p>\n","protected":false},"featured_media":5569937,"template":"","meta":{"_acf_changed":false,"content-type":"","_themeisle_gutenberg_block_has_review":false},"product_brand":[],"product_cat":[8183,12540],"product_tag":[35206],"product_designer":[20347,31600],"comfabric":[],"manufacturer":[31598],"reporting_designer":[37346,37630],"samplecomfabric":[],"designer_clubroom":[],"class_list":{"0":"post-5569442","1":"product","2":"type-product","3":"status-publish","4":"has-post-thumbnail","6":"product_cat-tapis-noues-a-la-main","7":"product_cat-tapis-fr","8":"product_tag-exclusive-fr","9":"pa_size-dimensions-standards","10":"pa_size-dimensions-sur-mesure-fr","11":"pa_size-l-280-x-l-100-x-h-80-fr","12":"product_designer-tatiana-de-nicolay-fr","13":"product_designer-jaipur-rugs-fr","14":"manufacturer-jaipur-rugs-fr","15":"reporting_designer-jaipur-rugs","16":"reporting_designer-tatiana-de-nicolay","17":"exhibitions-londres-fr","19":"first","20":"instock","21":"taxable","22":"shipping-taxable","23":"purchasable","24":"product-type-variable"},"acf":[],"_links":{"self":[{"href":"https:\/\/theinvisiblecollection.com\/fr\/wp-json\/wp\/v2\/product\/5569442","targetHints":{"allow":["GET"]}}],"collection":[{"href":"https:\/\/theinvisiblecollection.com\/fr\/wp-json\/wp\/v2\/product"}],"about":[{"href":"https:\/\/theinvisiblecollection.com\/fr\/wp-json\/wp\/v2\/types\/product"}],"wp:featuredmedia":[{"embeddable":true,"href":"https:\/\/theinvisiblecollection.com\/fr\/wp-json\/wp\/v2\/media\/5569937"}],"wp:attachment":[{"href":"https:\/\/theinvisiblecollection.com\/fr\/wp-json\/wp\/v2\/media?parent=5569442"}],"wp:term":[{"taxonomy":"product_brand","embeddable":true,"href":"https:\/\/theinvisiblecollection.com\/fr\/wp-json\/wp\/v2\/product_brand?post=5569442"},{"taxonomy":"product_cat","embeddable":true,"href":"https:\/\/theinvisiblecollection.com\/fr\/wp-json\/wp\/v2\/product_cat?post=5569442"},{"taxonomy":"product_tag","embeddable":true,"href":"https:\/\/theinvisiblecollection.com\/fr\/wp-json\/wp\/v2\/product_tag?post=5569442"},{"taxonomy":"product_designer","embeddable":true,"href":"https:\/\/theinvisiblecollection.com\/fr\/wp-json\/wp\/v2\/product_designer?post=5569442"},{"taxonomy":"comfabric","embeddable":true,"href":"https:\/\/theinvisiblecollection.com\/fr\/wp-json\/wp\/v2\/comfabric?post=5569442"},{"taxonomy":"manufacturer","embeddable":true,"href":"https:\/\/theinvisiblecollection.com\/fr\/wp-json\/wp\/v2\/manufacturer?post=5569442"},{"taxonomy":"reporting_designer","embeddable":true,"href":"https:\/\/theinvisiblecollection.com\/fr\/wp-json\/wp\/v2\/reporting_designer?post=5569442"},{"taxonomy":"samplecomfabric","embeddable":true,"href":"https:\/\/theinvisiblecollection.com\/fr\/wp-json\/wp\/v2\/samplecomfabric?post=5569442"},{"taxonomy":"clubroom_product_designer","embeddable":true,"href":"https:\/\/theinvisiblecollection.com\/fr\/wp-json\/wp\/v2\/designer_clubroom?post=5569442"}],"curies":[{"name":"wp","href":"https:\/\/api.w.org\/{rel}","templated":true}]}}