{"id":5569474,"date":"2024-10-01T10:50:30","date_gmt":"2024-10-01T10:50:30","guid":{"rendered":"https:\/\/theinvisiblecollection.com\/?post_type=product&#038;p=5569474"},"modified":"2026-05-08T04:38:46","modified_gmt":"2026-05-08T04:38:46","slug":"tatiana-de-nicolay-tapis-labyrinthe-mysterieux","status":"publish","type":"product","link":"https:\/\/theinvisiblecollection.com\/fr\/produit\/tatiana-de-nicolay-tapis-labyrinthe-mysterieux\/","title":{"rendered":"Tapis Labyrinthe Myst\u00e9rieux"},"content":{"rendered":"<p>La collection de tapis imagin\u00e9e par Tatiana de Nicolay en collaboration avec Jaipur Rugs s\u2019inspire du merveilleux jardin parisien Albert Khan, qui invite \u00e0 une promenade v\u00e9g\u00e9tale foisonnante et exotique. \u00c0 la fin de la promenade, vous d\u00e9couvrirez le tapis Labyrinthe Myst\u00e9rieux par Tatiana de Nicolay x Jaipur Rugs, un lieu d\u2019une rare richesse d&#8217;o\u00f9 \u00e9mane une ambiance myst\u00e9rieuse. La plante grimpante vous guidera en son centre.<\/p>\n","protected":false},"excerpt":{"rendered":"<p>La collection de tapis imagin\u00e9e par Tatiana de Nicolay en collaboration avec Jaipur Rugs s\u2019inspire du merveilleux jardin parisien Albert Khan, qui invite \u00e0 une promenade v\u00e9g\u00e9tale foisonnante et exotique. \u00c0 la fin de la promenade, vous d\u00e9couvrirez le tapis Labyrinthe Myst\u00e9rieux par Tatiana de Nicolay x Jaipur Rugs, un lieu d\u2019une rare richesse d&#8217;o\u00f9 [&hellip;]<\/p>\n","protected":false},"featured_media":5569934,"template":"","meta":{"_acf_changed":false,"content-type":"","_themeisle_gutenberg_block_has_review":false},"product_brand":[],"product_cat":[8183,12540],"product_tag":[14925,22790,35206],"product_designer":[20347,31600],"comfabric":[],"manufacturer":[31598],"reporting_designer":[37346,37630],"samplecomfabric":[],"designer_clubroom":[],"class_list":{"0":"post-5569474","1":"product","2":"type-product","3":"status-publish","4":"has-post-thumbnail","6":"product_cat-tapis-noues-a-la-main","7":"product_cat-tapis-fr","8":"product_tag-hpfav-fr","9":"product_tag-disponible-immediatement","10":"product_tag-exclusive-fr","11":"pa_size-dimensions-standards","12":"pa_size-dimensions-sur-mesure-fr","13":"pa_size-large-fr-2","14":"pa_size-moyen","15":"product_designer-tatiana-de-nicolay-fr","16":"product_designer-jaipur-rugs-fr","17":"manufacturer-jaipur-rugs-fr","18":"reporting_designer-jaipur-rugs","19":"reporting_designer-tatiana-de-nicolay","20":"exhibitions-londres-fr","22":"first","23":"instock","24":"taxable","25":"shipping-taxable","26":"purchasable","27":"product-type-variable"},"acf":[],"_links":{"self":[{"href":"https:\/\/theinvisiblecollection.com\/fr\/wp-json\/wp\/v2\/product\/5569474","targetHints":{"allow":["GET"]}}],"collection":[{"href":"https:\/\/theinvisiblecollection.com\/fr\/wp-json\/wp\/v2\/product"}],"about":[{"href":"https:\/\/theinvisiblecollection.com\/fr\/wp-json\/wp\/v2\/types\/product"}],"wp:featuredmedia":[{"embeddable":true,"href":"https:\/\/theinvisiblecollection.com\/fr\/wp-json\/wp\/v2\/media\/5569934"}],"wp:attachment":[{"href":"https:\/\/theinvisiblecollection.com\/fr\/wp-json\/wp\/v2\/media?parent=5569474"}],"wp:term":[{"taxonomy":"product_brand","embeddable":true,"href":"https:\/\/theinvisiblecollection.com\/fr\/wp-json\/wp\/v2\/product_brand?post=5569474"},{"taxonomy":"product_cat","embeddable":true,"href":"https:\/\/theinvisiblecollection.com\/fr\/wp-json\/wp\/v2\/product_cat?post=5569474"},{"taxonomy":"product_tag","embeddable":true,"href":"https:\/\/theinvisiblecollection.com\/fr\/wp-json\/wp\/v2\/product_tag?post=5569474"},{"taxonomy":"product_designer","embeddable":true,"href":"https:\/\/theinvisiblecollection.com\/fr\/wp-json\/wp\/v2\/product_designer?post=5569474"},{"taxonomy":"comfabric","embeddable":true,"href":"https:\/\/theinvisiblecollection.com\/fr\/wp-json\/wp\/v2\/comfabric?post=5569474"},{"taxonomy":"manufacturer","embeddable":true,"href":"https:\/\/theinvisiblecollection.com\/fr\/wp-json\/wp\/v2\/manufacturer?post=5569474"},{"taxonomy":"reporting_designer","embeddable":true,"href":"https:\/\/theinvisiblecollection.com\/fr\/wp-json\/wp\/v2\/reporting_designer?post=5569474"},{"taxonomy":"samplecomfabric","embeddable":true,"href":"https:\/\/theinvisiblecollection.com\/fr\/wp-json\/wp\/v2\/samplecomfabric?post=5569474"},{"taxonomy":"clubroom_product_designer","embeddable":true,"href":"https:\/\/theinvisiblecollection.com\/fr\/wp-json\/wp\/v2\/designer_clubroom?post=5569474"}],"curies":[{"name":"wp","href":"https:\/\/api.w.org\/{rel}","templated":true}]}}