{"id":5569493,"date":"2024-09-18T11:22:04","date_gmt":"2024-09-18T11:22:04","guid":{"rendered":"https:\/\/theinvisiblecollection.com\/?post_type=product&#038;p=5569493"},"modified":"2026-05-08T04:38:46","modified_gmt":"2026-05-08T04:38:46","slug":"tatiana-de-nicolay-jaipur-rugs-tapis-dejeuner-champetre","status":"publish","type":"product","link":"https:\/\/theinvisiblecollection.com\/fr\/produit\/tatiana-de-nicolay-jaipur-rugs-tapis-dejeuner-champetre\/","title":{"rendered":"Tapis D\u00e9jeuner Champ\u00eatre"},"content":{"rendered":"<p>La collection de tapis imagin\u00e9e par Tatiana de Nicolay en collaboration avec Jaipur Rugs s\u2019inspire du merveilleux jardin parisien Albert Khan, qui invite \u00e0 une promenade v\u00e9g\u00e9tale foisonnante et exotique. La derni\u00e8re \u00e9tape de la balade nous am\u00e8ne aux grandes tentes drap\u00e9es que l\u2019on dressait autrefois pour les d\u00e9jeuners champ\u00eatres. Une \u00e9tape pour contempler les jardins en bonne compagnie. Ce dernier tapis s&#8217;intitule le tapis D\u00e9jeuner Champ\u00eatre par Tatiana de Nicolay x Jaipur Rugs.<\/p>\n","protected":false},"excerpt":{"rendered":"<p>La collection de tapis imagin\u00e9e par Tatiana de Nicolay en collaboration avec Jaipur Rugs s\u2019inspire du merveilleux jardin parisien Albert Khan, qui invite \u00e0 une promenade v\u00e9g\u00e9tale foisonnante et exotique. La derni\u00e8re \u00e9tape de la balade nous am\u00e8ne aux grandes tentes drap\u00e9es que l\u2019on dressait autrefois pour les d\u00e9jeuners champ\u00eatres. Une \u00e9tape pour contempler les [&hellip;]<\/p>\n","protected":false},"featured_media":5569984,"template":"","meta":{"_acf_changed":false,"content-type":"","_themeisle_gutenberg_block_has_review":false},"product_brand":[],"product_cat":[12540,12541],"product_tag":[22790,35206],"product_designer":[20347,31600],"comfabric":[],"manufacturer":[31598],"reporting_designer":[37346,37630],"samplecomfabric":[],"designer_clubroom":[],"class_list":{"0":"post-5569493","1":"product","2":"type-product","3":"status-publish","4":"has-post-thumbnail","6":"product_cat-tapis-fr","7":"product_cat-tufte-a-la-main","8":"product_tag-disponible-immediatement","9":"product_tag-exclusive-fr","10":"pa_size-dimensions-standards","11":"pa_size-dimensions-sur-mesure-fr","12":"pa_size-l-280-x-l-100-x-h-80-fr","13":"pa_size-moyen-fr","14":"product_designer-tatiana-de-nicolay-fr","15":"product_designer-jaipur-rugs-fr","16":"manufacturer-jaipur-rugs-fr","17":"reporting_designer-jaipur-rugs","18":"reporting_designer-tatiana-de-nicolay","19":"exhibitions-paris-fr","20":"exhibitions-londres-fr","22":"first","23":"instock","24":"taxable","25":"shipping-taxable","26":"purchasable","27":"product-type-variable"},"acf":[],"_links":{"self":[{"href":"https:\/\/theinvisiblecollection.com\/fr\/wp-json\/wp\/v2\/product\/5569493","targetHints":{"allow":["GET"]}}],"collection":[{"href":"https:\/\/theinvisiblecollection.com\/fr\/wp-json\/wp\/v2\/product"}],"about":[{"href":"https:\/\/theinvisiblecollection.com\/fr\/wp-json\/wp\/v2\/types\/product"}],"wp:featuredmedia":[{"embeddable":true,"href":"https:\/\/theinvisiblecollection.com\/fr\/wp-json\/wp\/v2\/media\/5569984"}],"wp:attachment":[{"href":"https:\/\/theinvisiblecollection.com\/fr\/wp-json\/wp\/v2\/media?parent=5569493"}],"wp:term":[{"taxonomy":"product_brand","embeddable":true,"href":"https:\/\/theinvisiblecollection.com\/fr\/wp-json\/wp\/v2\/product_brand?post=5569493"},{"taxonomy":"product_cat","embeddable":true,"href":"https:\/\/theinvisiblecollection.com\/fr\/wp-json\/wp\/v2\/product_cat?post=5569493"},{"taxonomy":"product_tag","embeddable":true,"href":"https:\/\/theinvisiblecollection.com\/fr\/wp-json\/wp\/v2\/product_tag?post=5569493"},{"taxonomy":"product_designer","embeddable":true,"href":"https:\/\/theinvisiblecollection.com\/fr\/wp-json\/wp\/v2\/product_designer?post=5569493"},{"taxonomy":"comfabric","embeddable":true,"href":"https:\/\/theinvisiblecollection.com\/fr\/wp-json\/wp\/v2\/comfabric?post=5569493"},{"taxonomy":"manufacturer","embeddable":true,"href":"https:\/\/theinvisiblecollection.com\/fr\/wp-json\/wp\/v2\/manufacturer?post=5569493"},{"taxonomy":"reporting_designer","embeddable":true,"href":"https:\/\/theinvisiblecollection.com\/fr\/wp-json\/wp\/v2\/reporting_designer?post=5569493"},{"taxonomy":"samplecomfabric","embeddable":true,"href":"https:\/\/theinvisiblecollection.com\/fr\/wp-json\/wp\/v2\/samplecomfabric?post=5569493"},{"taxonomy":"clubroom_product_designer","embeddable":true,"href":"https:\/\/theinvisiblecollection.com\/fr\/wp-json\/wp\/v2\/designer_clubroom?post=5569493"}],"curies":[{"name":"wp","href":"https:\/\/api.w.org\/{rel}","templated":true}]}}