{"id":5570464,"date":"2025-02-19T08:53:09","date_gmt":"2025-02-19T08:53:09","guid":{"rendered":"https:\/\/theinvisiblecollection.com\/?post_type=product&#038;p=5570464"},"modified":"2026-05-01T07:37:31","modified_gmt":"2026-05-01T07:37:31","slug":"sophie-dries-suspension-glow","status":"publish","type":"product","link":"https:\/\/theinvisiblecollection.com\/fr\/produit\/sophie-dries-suspension-glow\/","title":{"rendered":"Suspension Glow"},"content":{"rendered":"<p><span class=\"TextRun SCXW250524125 BCX8\" lang=\"FR-FR\" xml:lang=\"FR-FR\" data-contrast=\"auto\"><span class=\"NormalTextRun SCXW250524125 BCX8\">La Collection <\/span><span class=\"NormalTextRun SpellingErrorV2Themed SCXW250524125 BCX8\">Glow<\/span><span class=\"NormalTextRun SCXW250524125 BCX8\"> sign\u00e9e Sophie <\/span><span class=\"NormalTextRun SpellingErrorV2Themed SCXW250524125 BCX8\">Dries<\/span><span class=\"NormalTextRun SCXW250524125 BCX8\">,\u00a0 tire son inspiration d\u2019<\/span><span class=\"NormalTextRun SpellingErrorV2Themed SCXW250524125 BCX8\">Inner<\/span> <span class=\"NormalTextRun SpellingErrorV2Themed SCXW250524125 BCX8\">Glow<\/span><span class=\"NormalTextRun SCXW250524125 BCX8\">, un luminaire sculptural et unique.\u00a0 Cette collection voit la grandeur d&#8217;<\/span><span class=\"NormalTextRun SpellingErrorV2Themed SCXW250524125 BCX8\">Inner<\/span> <span class=\"NormalTextRun SpellingErrorV2Themed SCXW250524125 BCX8\">Glow<\/span><span class=\"NormalTextRun SCXW250524125 BCX8\"> distill\u00e9e dans une forme plus compacte adapt\u00e9e \u00e0 la maison contemporaine. Le choix du papier est une \u00e9volution du processus du papier m\u00e2ch\u00e9 et a une qualit\u00e9 brute et textur\u00e9e qui ressemble \u00e0 la pierre.<\/span><\/span><span class=\"LineBreakBlob BlobObject DragDrop SCXW250524125 BCX8\"><span class=\"SCXW250524125 BCX8\">\u00a0<\/span><\/span><\/p>\n","protected":false},"excerpt":{"rendered":"<p>La Collection Glow sign\u00e9e Sophie Dries,\u00a0 tire son inspiration d\u2019Inner Glow, un luminaire sculptural et unique.\u00a0 Cette collection voit la grandeur d&#8217;Inner Glow distill\u00e9e dans une forme plus compacte adapt\u00e9e \u00e0 la maison contemporaine. Le choix du papier est une \u00e9volution du processus du papier m\u00e2ch\u00e9 et a une qualit\u00e9 brute et textur\u00e9e qui ressemble [&hellip;]<\/p>\n","protected":false},"featured_media":5396900,"template":"","meta":{"_acf_changed":false,"content-type":"","_themeisle_gutenberg_block_has_review":false},"product_brand":[],"product_cat":[8961,12507],"product_tag":[],"product_designer":[25959],"comfabric":[],"manufacturer":[21959],"reporting_designer":[],"samplecomfabric":[],"designer_clubroom":[],"class_list":{"0":"post-5570464","1":"product","2":"type-product","3":"status-publish","4":"has-post-thumbnail","6":"product_cat-suspensions","7":"product_cat-luminaires","8":"product_designer-sophie-dries-x-kaia-fr","9":"manufacturer-kaia-atelier-germany-fr","11":"first","12":"instock","13":"taxable","14":"shipping-taxable","15":"purchasable","16":"product-type-variable"},"acf":[],"_links":{"self":[{"href":"https:\/\/theinvisiblecollection.com\/fr\/wp-json\/wp\/v2\/product\/5570464","targetHints":{"allow":["GET"]}}],"collection":[{"href":"https:\/\/theinvisiblecollection.com\/fr\/wp-json\/wp\/v2\/product"}],"about":[{"href":"https:\/\/theinvisiblecollection.com\/fr\/wp-json\/wp\/v2\/types\/product"}],"wp:featuredmedia":[{"embeddable":true,"href":"https:\/\/theinvisiblecollection.com\/fr\/wp-json\/wp\/v2\/media\/5396900"}],"wp:attachment":[{"href":"https:\/\/theinvisiblecollection.com\/fr\/wp-json\/wp\/v2\/media?parent=5570464"}],"wp:term":[{"taxonomy":"product_brand","embeddable":true,"href":"https:\/\/theinvisiblecollection.com\/fr\/wp-json\/wp\/v2\/product_brand?post=5570464"},{"taxonomy":"product_cat","embeddable":true,"href":"https:\/\/theinvisiblecollection.com\/fr\/wp-json\/wp\/v2\/product_cat?post=5570464"},{"taxonomy":"product_tag","embeddable":true,"href":"https:\/\/theinvisiblecollection.com\/fr\/wp-json\/wp\/v2\/product_tag?post=5570464"},{"taxonomy":"product_designer","embeddable":true,"href":"https:\/\/theinvisiblecollection.com\/fr\/wp-json\/wp\/v2\/product_designer?post=5570464"},{"taxonomy":"comfabric","embeddable":true,"href":"https:\/\/theinvisiblecollection.com\/fr\/wp-json\/wp\/v2\/comfabric?post=5570464"},{"taxonomy":"manufacturer","embeddable":true,"href":"https:\/\/theinvisiblecollection.com\/fr\/wp-json\/wp\/v2\/manufacturer?post=5570464"},{"taxonomy":"reporting_designer","embeddable":true,"href":"https:\/\/theinvisiblecollection.com\/fr\/wp-json\/wp\/v2\/reporting_designer?post=5570464"},{"taxonomy":"samplecomfabric","embeddable":true,"href":"https:\/\/theinvisiblecollection.com\/fr\/wp-json\/wp\/v2\/samplecomfabric?post=5570464"},{"taxonomy":"clubroom_product_designer","embeddable":true,"href":"https:\/\/theinvisiblecollection.com\/fr\/wp-json\/wp\/v2\/designer_clubroom?post=5570464"}],"curies":[{"name":"wp","href":"https:\/\/api.w.org\/{rel}","templated":true}]}}