{"id":558555,"date":"2025-01-31T08:33:35","date_gmt":"2025-01-31T08:33:35","guid":{"rendered":"https:\/\/theinvisiblecollection.com\/?post_type=product&#038;p=558555"},"modified":"2026-05-01T07:38:39","modified_gmt":"2026-05-01T07:38:39","slug":"amande-haeghen-applique-trio-rose-blanc","status":"publish","type":"product","link":"https:\/\/theinvisiblecollection.com\/fr\/produit\/amande-haeghen-applique-trio-rose-blanc\/","title":{"rendered":"Wandlamp Trio Rose &#038; Blanc"},"content":{"rendered":"<p style=\"text-align: justify;\"><span class=\"TextRun SCXW29266332 BCX0\" lang=\"FR-FR\" xml:lang=\"FR-FR\" data-contrast=\"auto\"><span class=\"NormalTextRun SCXW29266332 BCX0\">L&#8217;applique<\/span><span class=\"NormalTextRun SCXW29266332 BCX0\"> Wandlamp Trio rose et blanc d&#8217;Amande Haeghen utilise trois <\/span><span class=\"NormalTextRun SCXW29266332 BCX0\">pi\u00e8ces<\/span> <span class=\"NormalTextRun SCXW29266332 BCX0\">organiques<\/span> <span class=\"NormalTextRun SCXW29266332 BCX0\">en<\/span> <span class=\"NormalTextRun SCXW29266332 BCX0\">gr\u00e8s<\/span><span class=\"NormalTextRun SCXW29266332 BCX0\">, <\/span><span class=\"NormalTextRun SCXW29266332 BCX0\">porcelaine<\/span><span class=\"NormalTextRun SCXW29266332 BCX0\"> et <\/span><span class=\"NormalTextRun SCXW29266332 BCX0\">verre<\/span> <span class=\"NormalTextRun SCXW29266332 BCX0\">comme<\/span> <\/span><span class=\"TextRun SCXW29266332 BCX0\" lang=\"FR-FR\" xml:lang=\"FR-FR\" data-contrast=\"auto\"><span class=\"NormalTextRun SCXW29266332 BCX0\">\u00e9l\u00e9ments<\/span><\/span><span class=\"TextRun SCXW29266332 BCX0\" lang=\"FR-FR\" xml:lang=\"FR-FR\" data-contrast=\"auto\"> <span class=\"NormalTextRun SCXW29266332 BCX0\">structurels<\/span><span class=\"NormalTextRun SCXW29266332 BCX0\">. <\/span><span class=\"NormalTextRun SCXW29266332 BCX0\">Ces<\/span><span class=\"NormalTextRun SCXW29266332 BCX0\"> plaques <\/span><span class=\"NormalTextRun SCXW29266332 BCX0\">sont<\/span> <span class=\"NormalTextRun SCXW29266332 BCX0\">assembl\u00e9es<\/span><span class=\"NormalTextRun SCXW29266332 BCX0\"> sur <\/span><span class=\"NormalTextRun SCXW29266332 BCX0\">une<\/span><span class=\"NormalTextRun SCXW29266332 BCX0\"> plaque de <\/span><span class=\"NormalTextRun SpellingErrorV2Themed SCXW29266332 BCX0\">laiton. La<\/span><span class=\"NormalTextRun SCXW29266332 BCX0\"> plaque de <\/span><span class=\"NormalTextRun SCXW29266332 BCX0\">laiton<\/span><span class=\"NormalTextRun SCXW29266332 BCX0\"> se <\/span><span class=\"NormalTextRun SCXW29266332 BCX0\">d\u00e9tache<\/span><span class=\"NormalTextRun SCXW29266332 BCX0\"> du <\/span><span class=\"NormalTextRun SCXW29266332 BCX0\">mur<\/span><span class=\"NormalTextRun SCXW29266332 BCX0\">, <\/span><span class=\"NormalTextRun SCXW29266332 BCX0\">permettant<\/span><\/span><span class=\"TextRun SCXW29266332 BCX0\" lang=\"FR-FR\" xml:lang=\"FR-FR\" data-contrast=\"auto\"><span class=\"NormalTextRun SCXW29266332 BCX0\"> \u00e0 la <\/span><\/span><span class=\"TextRun SCXW29266332 BCX0\" lang=\"FR-FR\" xml:lang=\"FR-FR\" data-contrast=\"auto\"><span class=\"NormalTextRun SCXW29266332 BCX0\">lampe<\/span><span class=\"NormalTextRun SCXW29266332 BCX0\"> de <\/span><span class=\"NormalTextRun SCXW29266332 BCX0\">flotter<\/span><span class=\"NormalTextRun SCXW29266332 BCX0\"> dans <\/span><span class=\"NormalTextRun SCXW29266332 BCX0\">l&#8217;espace<\/span><span class=\"NormalTextRun SCXW29266332 BCX0\">. La lumi\u00e8re <\/span><span class=\"NormalTextRun SCXW29266332 BCX0\">traverse<\/span><span class=\"NormalTextRun SCXW29266332 BCX0\"> le <\/span><span class=\"NormalTextRun SCXW29266332 BCX0\">verre<\/span><span class=\"NormalTextRun SCXW29266332 BCX0\">, <\/span><span class=\"NormalTextRun SCXW29266332 BCX0\">r\u00e9v\u00e9lant<\/span><span class=\"NormalTextRun SCXW29266332 BCX0\"> par <\/span><span class=\"NormalTextRun SCXW29266332 BCX0\">transparence<\/span> <span class=\"NormalTextRun SCXW29266332 BCX0\">sa<\/span><span class=\"NormalTextRun SCXW29266332 BCX0\"> couleur rose <\/span><span class=\"NormalTextRun SCXW29266332 BCX0\">marbr\u00e9<\/span> <span class=\"NormalTextRun SCXW29266332 BCX0\">chaud<\/span><span class=\"NormalTextRun SCXW29266332 BCX0\">. <\/span><span class=\"NormalTextRun SCXW29266332 BCX0\">Lorsqu&#8217;elles<\/span> <span class=\"NormalTextRun SCXW29266332 BCX0\">sont<\/span> <span class=\"NormalTextRun SCXW29266332 BCX0\">allum\u00e9es<\/span><span class=\"NormalTextRun SCXW29266332 BCX0\">, les <\/span><span class=\"NormalTextRun SCXW29266332 BCX0\">pi\u00e8ces<\/span> <\/span><span class=\"TextRun SCXW29266332 BCX0\" lang=\"FR-FR\" xml:lang=\"FR-FR\" data-contrast=\"auto\"><span class=\"NormalTextRun SCXW29266332 BCX0\">\u00e9mettent<\/span><\/span><span class=\"TextRun SCXW29266332 BCX0\" lang=\"FR-FR\" xml:lang=\"FR-FR\" data-contrast=\"auto\"> <span class=\"NormalTextRun SCXW29266332 BCX0\">une<\/span><span class=\"NormalTextRun SCXW29266332 BCX0\"> lumi\u00e8re <\/span><span class=\"NormalTextRun SCXW29266332 BCX0\">douce<\/span><span class=\"NormalTextRun SCXW29266332 BCX0\"> et diffuse et <\/span><span class=\"NormalTextRun SCXW29266332 BCX0\">projettent<\/span> <span class=\"NormalTextRun SCXW29266332 BCX0\">une<\/span><span class=\"NormalTextRun SCXW29266332 BCX0\"> ombre <\/span><span class=\"NormalTextRun SCXW29266332 BCX0\">en<\/span> <span class=\"NormalTextRun SCXW29266332 BCX0\">forme<\/span><span class=\"NormalTextRun SCXW29266332 BCX0\"> de vague. Les plaques de <\/span><span class=\"NormalTextRun SCXW29266332 BCX0\">gr\u00e8s<\/span><span class=\"NormalTextRun SCXW29266332 BCX0\">, de <\/span><span class=\"NormalTextRun SCXW29266332 BCX0\">porcelaine<\/span><span class=\"NormalTextRun SCXW29266332 BCX0\"> et de <\/span><span class=\"NormalTextRun SCXW29266332 BCX0\">verre<\/span> <span class=\"NormalTextRun SCXW29266332 BCX0\">sont<\/span> <span class=\"NormalTextRun SCXW29266332 BCX0\">fa\u00e7onn\u00e9es<\/span><span class=\"NormalTextRun SCXW29266332 BCX0\"> et <\/span><span class=\"NormalTextRun SCXW29266332 BCX0\">d\u00e9coup\u00e9es<\/span><\/span><span class=\"TextRun SCXW29266332 BCX0\" lang=\"FR-FR\" xml:lang=\"FR-FR\" data-contrast=\"auto\"><span class=\"NormalTextRun SCXW29266332 BCX0\"> \u00e0 la main, <\/span><\/span><span class=\"TextRun SCXW29266332 BCX0\" lang=\"FR-FR\" xml:lang=\"FR-FR\" data-contrast=\"auto\"><span class=\"NormalTextRun SCXW29266332 BCX0\">ce<\/span><span class=\"NormalTextRun SCXW29266332 BCX0\"> qui rend <\/span><span class=\"NormalTextRun SCXW29266332 BCX0\">chaque<\/span><span class=\"NormalTextRun SCXW29266332 BCX0\"> pi\u00e8ce unique.<\/span><\/span><span class=\"EOP SCXW29266332 BCX0\" data-ccp-props=\"{&quot;201341983&quot;:0,&quot;335559740&quot;:259}\">\u00a0<\/span><\/p>\n","protected":false},"excerpt":{"rendered":"<p>Applique compos\u00e9e de trois pi\u00e8ces organiques en argile gr\u00e9seuse, porcelaine biscuit et verre rose clair marbr\u00e9<br \/>\nPlaque en laiton vieilli<br \/>\nLes plaques d&#8217;argile, de porcelaine et de verre sont fa\u00e7onn\u00e9es et d\u00e9coup\u00e9es \u00e0 la main, rendant chaque pi\u00e8ce unique<br \/>\n1 x G9 LED (non inclus), max 230V pour l&#8217;Europe et 130V pour les USA<\/p>\n<p>L 25 x l 30 x H 10 cm<\/p>\n<p>Fabriqu\u00e9e \u00e0 la main au Portugal<br \/>\nD\u00e9lais de production : 12 &#8211; 16 semaines<\/p>\n<p><span style=\"text-decoration: underline;\"><a href=\"https:\/\/www.theinvisiblecollection.com\/fr\/demande-de-devis\/?product_id=558555\" target=\"_blank\" rel=\"noopener\">Contactez nous pour toute demande de devis ou de renseignements<\/a><\/span><\/p>\n","protected":false},"featured_media":1678462,"template":"","meta":{"_acf_changed":false,"content-type":"","_themeisle_gutenberg_block_has_review":false},"product_brand":[],"product_cat":[8975,12507],"product_tag":[7435,14925,22790,31474,31475,31476,31477,35206],"product_designer":[18613],"comfabric":[],"manufacturer":[18611],"reporting_designer":[37703],"samplecomfabric":[],"designer_clubroom":[],"class_list":{"0":"post-558555","1":"product","2":"type-product","3":"status-publish","4":"has-post-thumbnail","6":"product_cat-appliques-murales","7":"product_cat-luminaires","8":"product_tag-new-in-fr","9":"product_tag-hpfav-fr","10":"product_tag-disponible-immediatement","11":"product_tag-co-white-fr","12":"product_tag-st-ceramic-fr","13":"product_tag-st-collectible-fr","14":"product_tag-st-curvy-fr","15":"product_tag-exclusive-fr","16":"product_designer-amande-haeghen-fr","17":"manufacturer-amande-haeghen-fr","18":"reporting_designer-amande-haeghen","19":"exhibitions-paris-fr","20":"exhibitions-new-york-fr","22":"first","23":"instock","24":"taxable","25":"shipping-taxable","26":"purchasable","27":"product-type-variable"},"acf":[],"_links":{"self":[{"href":"https:\/\/theinvisiblecollection.com\/fr\/wp-json\/wp\/v2\/product\/558555","targetHints":{"allow":["GET"]}}],"collection":[{"href":"https:\/\/theinvisiblecollection.com\/fr\/wp-json\/wp\/v2\/product"}],"about":[{"href":"https:\/\/theinvisiblecollection.com\/fr\/wp-json\/wp\/v2\/types\/product"}],"wp:featuredmedia":[{"embeddable":true,"href":"https:\/\/theinvisiblecollection.com\/fr\/wp-json\/wp\/v2\/media\/1678462"}],"wp:attachment":[{"href":"https:\/\/theinvisiblecollection.com\/fr\/wp-json\/wp\/v2\/media?parent=558555"}],"wp:term":[{"taxonomy":"product_brand","embeddable":true,"href":"https:\/\/theinvisiblecollection.com\/fr\/wp-json\/wp\/v2\/product_brand?post=558555"},{"taxonomy":"product_cat","embeddable":true,"href":"https:\/\/theinvisiblecollection.com\/fr\/wp-json\/wp\/v2\/product_cat?post=558555"},{"taxonomy":"product_tag","embeddable":true,"href":"https:\/\/theinvisiblecollection.com\/fr\/wp-json\/wp\/v2\/product_tag?post=558555"},{"taxonomy":"product_designer","embeddable":true,"href":"https:\/\/theinvisiblecollection.com\/fr\/wp-json\/wp\/v2\/product_designer?post=558555"},{"taxonomy":"comfabric","embeddable":true,"href":"https:\/\/theinvisiblecollection.com\/fr\/wp-json\/wp\/v2\/comfabric?post=558555"},{"taxonomy":"manufacturer","embeddable":true,"href":"https:\/\/theinvisiblecollection.com\/fr\/wp-json\/wp\/v2\/manufacturer?post=558555"},{"taxonomy":"reporting_designer","embeddable":true,"href":"https:\/\/theinvisiblecollection.com\/fr\/wp-json\/wp\/v2\/reporting_designer?post=558555"},{"taxonomy":"samplecomfabric","embeddable":true,"href":"https:\/\/theinvisiblecollection.com\/fr\/wp-json\/wp\/v2\/samplecomfabric?post=558555"},{"taxonomy":"clubroom_product_designer","embeddable":true,"href":"https:\/\/theinvisiblecollection.com\/fr\/wp-json\/wp\/v2\/designer_clubroom?post=558555"}],"curies":[{"name":"wp","href":"https:\/\/api.w.org\/{rel}","templated":true}]}}