{"id":5595256,"date":"2025-01-06T13:16:40","date_gmt":"2025-01-06T13:16:40","guid":{"rendered":"https:\/\/theinvisiblecollection.com\/?post_type=product&#038;p=5595256"},"modified":"2026-05-01T07:37:31","modified_gmt":"2026-05-01T07:37:31","slug":"alexandre-guillemain-canape-snak","status":"publish","type":"product","link":"https:\/\/theinvisiblecollection.com\/fr\/produit\/alexandre-guillemain-canape-snak\/","title":{"rendered":"Canap\u00e9 Snak"},"content":{"rendered":"<p><span class=\"TextRun SCXW175489829 BCX8\" lang=\"FR-FR\" xml:lang=\"FR-FR\" data-contrast=\"auto\"><span class=\"NormalTextRun SCXW175489829 BCX8\">Le canap\u00e9 <\/span><span class=\"NormalTextRun SpellingErrorV2Themed SCXW175489829 BCX8\">Snak<\/span><span class=\"NormalTextRun SCXW175489829 BCX8\"> d&#8217;Alexandre Guillemain s&#8217;inspire des formes famili\u00e8res des cr\u00e9ations modernes du milieu du si\u00e8cle dernier, d\u00e9finies par des formes incurv\u00e9es et organiques. S&#8217;\u00e9loignant des structures traditionnelles, g\u00e9om\u00e9triquement rigides, ce canap\u00e9 \u00e9voque la courbe d&#8217;un haricot, tr\u00e8s pris\u00e9e par les cr\u00e9ateurs am\u00e9ricains du XX\u00e8me si\u00e8cle. Il est aussi ultra confortable et fonctionnel.<\/span><\/span><span class=\"EOP SCXW175489829 BCX8\" data-ccp-props=\"{&quot;134233117&quot;:false,&quot;134233118&quot;:false,&quot;335559738&quot;:0,&quot;335559739&quot;:0}\">\u00a0<\/span><\/p>\n","protected":false},"excerpt":{"rendered":"<p>Le canap\u00e9 Snak d&#8217;Alexandre Guillemain s&#8217;inspire des formes famili\u00e8res des cr\u00e9ations modernes du milieu du si\u00e8cle dernier, d\u00e9finies par des formes incurv\u00e9es et organiques. S&#8217;\u00e9loignant des structures traditionnelles, g\u00e9om\u00e9triquement rigides, ce canap\u00e9 \u00e9voque la courbe d&#8217;un haricot, tr\u00e8s pris\u00e9e par les cr\u00e9ateurs am\u00e9ricains du XX\u00e8me si\u00e8cle. Il est aussi ultra confortable et fonctionnel.\u00a0<\/p>\n","protected":false},"featured_media":5597571,"template":"","meta":{"_acf_changed":false,"content-type":"","_themeisle_gutenberg_block_has_review":false},"product_brand":[],"product_cat":[8976,12499],"product_tag":[7435,8942,8944,31477],"product_designer":[31602],"comfabric":[],"manufacturer":[28489],"reporting_designer":[37555],"samplecomfabric":[],"designer_clubroom":[],"class_list":{"0":"post-5595256","1":"product","2":"type-product","3":"status-publish","4":"has-post-thumbnail","6":"product_cat-canapes","7":"product_cat-assises","8":"product_tag-new-in-fr","9":"product_tag-assise","10":"product_tag-canape","11":"product_tag-st-curvy-fr","12":"pa_size-l-280-x-l-100-x-h-80-fr","13":"pa_size-moyen-fr","14":"pa_size-petit-fr","15":"product_designer-alexandre-guillemain-fr","16":"manufacturer-atelier-t-chair-fr","17":"reporting_designer-alexandre-guillemain","18":"exhibitions-londres-fr","20":"first","21":"instock","22":"taxable","23":"shipping-taxable","24":"purchasable","25":"product-type-variable"},"acf":[],"_links":{"self":[{"href":"https:\/\/theinvisiblecollection.com\/fr\/wp-json\/wp\/v2\/product\/5595256","targetHints":{"allow":["GET"]}}],"collection":[{"href":"https:\/\/theinvisiblecollection.com\/fr\/wp-json\/wp\/v2\/product"}],"about":[{"href":"https:\/\/theinvisiblecollection.com\/fr\/wp-json\/wp\/v2\/types\/product"}],"wp:featuredmedia":[{"embeddable":true,"href":"https:\/\/theinvisiblecollection.com\/fr\/wp-json\/wp\/v2\/media\/5597571"}],"wp:attachment":[{"href":"https:\/\/theinvisiblecollection.com\/fr\/wp-json\/wp\/v2\/media?parent=5595256"}],"wp:term":[{"taxonomy":"product_brand","embeddable":true,"href":"https:\/\/theinvisiblecollection.com\/fr\/wp-json\/wp\/v2\/product_brand?post=5595256"},{"taxonomy":"product_cat","embeddable":true,"href":"https:\/\/theinvisiblecollection.com\/fr\/wp-json\/wp\/v2\/product_cat?post=5595256"},{"taxonomy":"product_tag","embeddable":true,"href":"https:\/\/theinvisiblecollection.com\/fr\/wp-json\/wp\/v2\/product_tag?post=5595256"},{"taxonomy":"product_designer","embeddable":true,"href":"https:\/\/theinvisiblecollection.com\/fr\/wp-json\/wp\/v2\/product_designer?post=5595256"},{"taxonomy":"comfabric","embeddable":true,"href":"https:\/\/theinvisiblecollection.com\/fr\/wp-json\/wp\/v2\/comfabric?post=5595256"},{"taxonomy":"manufacturer","embeddable":true,"href":"https:\/\/theinvisiblecollection.com\/fr\/wp-json\/wp\/v2\/manufacturer?post=5595256"},{"taxonomy":"reporting_designer","embeddable":true,"href":"https:\/\/theinvisiblecollection.com\/fr\/wp-json\/wp\/v2\/reporting_designer?post=5595256"},{"taxonomy":"samplecomfabric","embeddable":true,"href":"https:\/\/theinvisiblecollection.com\/fr\/wp-json\/wp\/v2\/samplecomfabric?post=5595256"},{"taxonomy":"clubroom_product_designer","embeddable":true,"href":"https:\/\/theinvisiblecollection.com\/fr\/wp-json\/wp\/v2\/designer_clubroom?post=5595256"}],"curies":[{"name":"wp","href":"https:\/\/api.w.org\/{rel}","templated":true}]}}