{"id":5597128,"date":"2025-01-06T19:10:34","date_gmt":"2025-01-06T19:10:34","guid":{"rendered":"https:\/\/theinvisiblecollection.com\/?post_type=product&#038;p=5597128"},"modified":"2026-05-01T07:37:31","modified_gmt":"2026-05-01T07:37:31","slug":"alexandre-guillemain-table-dappoint-goug","status":"publish","type":"product","link":"https:\/\/theinvisiblecollection.com\/fr\/produit\/alexandre-guillemain-table-dappoint-goug\/","title":{"rendered":"Table d&#8217;Appoint Goug"},"content":{"rendered":"<p><span class=\"TextRun SCXW228164624 BCX8\" lang=\"FR-FR\" xml:lang=\"FR-FR\" data-contrast=\"auto\"><span class=\"NormalTextRun SCXW228164624 BCX8\">La table d&#8217;appoint <\/span><span class=\"NormalTextRun SpellingErrorV2Themed SCXW228164624 BCX8\">Goug<\/span><span class=\"NormalTextRun SCXW228164624 BCX8\"> d&#8217;Alexandre Guillemain est con\u00e7ue \u00e0 partir d\u2019une base en forme de champignon qui porte un plateau au fini bois goug\u00e9, clin d&#8217;\u0153il \u00e0 l&#8217;esth\u00e9tique des ann\u00e9es 1950.<\/span><\/span><span class=\"EOP SCXW228164624 BCX8\" data-ccp-props=\"{&quot;134233117&quot;:false,&quot;134233118&quot;:false,&quot;335559738&quot;:0,&quot;335559739&quot;:0}\">\u00a0<\/span><\/p>\n","protected":false},"excerpt":{"rendered":"<p>La table d&#8217;appoint Goug d&#8217;Alexandre Guillemain est con\u00e7ue \u00e0 partir d\u2019une base en forme de champignon qui porte un plateau au fini bois goug\u00e9, clin d&#8217;\u0153il \u00e0 l&#8217;esth\u00e9tique des ann\u00e9es 1950.\u00a0<\/p>\n","protected":false},"featured_media":5597362,"template":"","meta":{"_acf_changed":false,"content-type":"","_themeisle_gutenberg_block_has_review":false},"product_brand":[],"product_cat":[12332,12503],"product_tag":[9059,9366],"product_designer":[31602],"comfabric":[],"manufacturer":[31604],"reporting_designer":[37555],"samplecomfabric":[],"designer_clubroom":[],"class_list":{"0":"post-5597128","1":"product","2":"type-product","3":"status-publish","4":"has-post-thumbnail","6":"product_cat-tables-dappoint","7":"product_cat-tables-fr","8":"product_tag-gueridon-fr-2","9":"product_tag-bois-de-frene-fr","10":"pa_size-moyen","11":"pa_size-petit","12":"product_designer-alexandre-guillemain-fr","13":"manufacturer-tudor-tremblay-pick-up-alexandre-guillemain-fr","14":"reporting_designer-alexandre-guillemain","16":"first","17":"instock","18":"taxable","19":"shipping-taxable","20":"purchasable","21":"product-type-variable"},"acf":[],"_links":{"self":[{"href":"https:\/\/theinvisiblecollection.com\/fr\/wp-json\/wp\/v2\/product\/5597128","targetHints":{"allow":["GET"]}}],"collection":[{"href":"https:\/\/theinvisiblecollection.com\/fr\/wp-json\/wp\/v2\/product"}],"about":[{"href":"https:\/\/theinvisiblecollection.com\/fr\/wp-json\/wp\/v2\/types\/product"}],"wp:featuredmedia":[{"embeddable":true,"href":"https:\/\/theinvisiblecollection.com\/fr\/wp-json\/wp\/v2\/media\/5597362"}],"wp:attachment":[{"href":"https:\/\/theinvisiblecollection.com\/fr\/wp-json\/wp\/v2\/media?parent=5597128"}],"wp:term":[{"taxonomy":"product_brand","embeddable":true,"href":"https:\/\/theinvisiblecollection.com\/fr\/wp-json\/wp\/v2\/product_brand?post=5597128"},{"taxonomy":"product_cat","embeddable":true,"href":"https:\/\/theinvisiblecollection.com\/fr\/wp-json\/wp\/v2\/product_cat?post=5597128"},{"taxonomy":"product_tag","embeddable":true,"href":"https:\/\/theinvisiblecollection.com\/fr\/wp-json\/wp\/v2\/product_tag?post=5597128"},{"taxonomy":"product_designer","embeddable":true,"href":"https:\/\/theinvisiblecollection.com\/fr\/wp-json\/wp\/v2\/product_designer?post=5597128"},{"taxonomy":"comfabric","embeddable":true,"href":"https:\/\/theinvisiblecollection.com\/fr\/wp-json\/wp\/v2\/comfabric?post=5597128"},{"taxonomy":"manufacturer","embeddable":true,"href":"https:\/\/theinvisiblecollection.com\/fr\/wp-json\/wp\/v2\/manufacturer?post=5597128"},{"taxonomy":"reporting_designer","embeddable":true,"href":"https:\/\/theinvisiblecollection.com\/fr\/wp-json\/wp\/v2\/reporting_designer?post=5597128"},{"taxonomy":"samplecomfabric","embeddable":true,"href":"https:\/\/theinvisiblecollection.com\/fr\/wp-json\/wp\/v2\/samplecomfabric?post=5597128"},{"taxonomy":"clubroom_product_designer","embeddable":true,"href":"https:\/\/theinvisiblecollection.com\/fr\/wp-json\/wp\/v2\/designer_clubroom?post=5597128"}],"curies":[{"name":"wp","href":"https:\/\/api.w.org\/{rel}","templated":true}]}}