{"id":56067,"date":"2020-10-02T11:42:56","date_gmt":"2020-10-02T10:42:56","guid":{"rendered":"https:\/\/www.theinvisiblecollection.com\/?post_type=product&#038;p=56067"},"modified":"2026-05-01T07:39:35","modified_gmt":"2026-05-01T07:39:35","slug":"francesco-balzano-table-murano-opaque","status":"publish","type":"product","link":"https:\/\/theinvisiblecollection.com\/fr\/produit\/francesco-balzano-table-murano-opaque\/","title":{"rendered":"Table Murano Opaque"},"content":{"rendered":"<p style=\"text-align: justify;\">MURANO est un hommage contemporain au travail formel des ma\u00eetres verriers v\u00e9nitien. Les couleurs de la collection font \u00e9cho aux diff\u00e9rentes tonalit\u00e9s de vert de la lagune v\u00e9nitienne. La r\u00e9sine a \u00e9t\u00e9 choisie pour apporter de la l\u00e9g\u00e8ret\u00e9 aux pi\u00e8ces tout en travaillant la mati\u00e8re en une texture tr\u00e8s similaire au verre sabl\u00e9 et poli par l\u2019eau.<\/p>\n","protected":false},"excerpt":{"rendered":"<p><em>Sign\u00e9e et num\u00e9rot\u00e9e<\/em><br \/>\nTable en r\u00e9sine opaque, coloris FB20\/04 &#8211; 8<br \/>\nDimensions et coloris sur-mesure sur demande<\/p>\n<p>L 100 x l 100 x H 85 cm<\/p>\n<p>Fabriqu\u00e9e \u00e0 la main aux Pays-Bas<br \/>\nD\u00e9lais de fabrication : 12 semaines<\/p>\n<p class=\"p1\"><span style=\"text-decoration: underline;\"><span class=\"s1\"><a href=\"https:\/\/www.theinvisiblecollection.com\/fr\/demande-de-devis\/?product_id=56067\">Contactez-nous pour toute demande de devis ou de renseignements<\/a><\/span><\/span><\/p>\n","protected":false},"featured_media":108896,"template":"","meta":{"_acf_changed":false,"content-type":"","_themeisle_gutenberg_block_has_review":false},"product_brand":[],"product_cat":[12332,12503],"product_tag":[9059,9431,9959,10070,31477],"product_designer":[9965],"comfabric":[],"manufacturer":[16882],"reporting_designer":[37822],"samplecomfabric":[],"designer_clubroom":[],"class_list":{"0":"post-56067","1":"product","2":"type-product","3":"status-publish","4":"has-post-thumbnail","6":"product_cat-tables-dappoint","7":"product_cat-tables-fr","8":"product_tag-gueridon-fr-2","9":"product_tag-gueridon-fr-3","10":"product_tag-francesco-balzano-fr","11":"product_tag-balzano-fr","12":"product_tag-st-curvy-fr","13":"product_designer-francesco-balzano-fr","14":"manufacturer-s-t-r-s-fr","15":"reporting_designer-francesco-balzano","17":"first","18":"instock","19":"taxable","20":"shipping-taxable","21":"purchasable","22":"product-type-simple"},"acf":[],"_links":{"self":[{"href":"https:\/\/theinvisiblecollection.com\/fr\/wp-json\/wp\/v2\/product\/56067","targetHints":{"allow":["GET"]}}],"collection":[{"href":"https:\/\/theinvisiblecollection.com\/fr\/wp-json\/wp\/v2\/product"}],"about":[{"href":"https:\/\/theinvisiblecollection.com\/fr\/wp-json\/wp\/v2\/types\/product"}],"wp:featuredmedia":[{"embeddable":true,"href":"https:\/\/theinvisiblecollection.com\/fr\/wp-json\/wp\/v2\/media\/108896"}],"wp:attachment":[{"href":"https:\/\/theinvisiblecollection.com\/fr\/wp-json\/wp\/v2\/media?parent=56067"}],"wp:term":[{"taxonomy":"product_brand","embeddable":true,"href":"https:\/\/theinvisiblecollection.com\/fr\/wp-json\/wp\/v2\/product_brand?post=56067"},{"taxonomy":"product_cat","embeddable":true,"href":"https:\/\/theinvisiblecollection.com\/fr\/wp-json\/wp\/v2\/product_cat?post=56067"},{"taxonomy":"product_tag","embeddable":true,"href":"https:\/\/theinvisiblecollection.com\/fr\/wp-json\/wp\/v2\/product_tag?post=56067"},{"taxonomy":"product_designer","embeddable":true,"href":"https:\/\/theinvisiblecollection.com\/fr\/wp-json\/wp\/v2\/product_designer?post=56067"},{"taxonomy":"comfabric","embeddable":true,"href":"https:\/\/theinvisiblecollection.com\/fr\/wp-json\/wp\/v2\/comfabric?post=56067"},{"taxonomy":"manufacturer","embeddable":true,"href":"https:\/\/theinvisiblecollection.com\/fr\/wp-json\/wp\/v2\/manufacturer?post=56067"},{"taxonomy":"reporting_designer","embeddable":true,"href":"https:\/\/theinvisiblecollection.com\/fr\/wp-json\/wp\/v2\/reporting_designer?post=56067"},{"taxonomy":"samplecomfabric","embeddable":true,"href":"https:\/\/theinvisiblecollection.com\/fr\/wp-json\/wp\/v2\/samplecomfabric?post=56067"},{"taxonomy":"clubroom_product_designer","embeddable":true,"href":"https:\/\/theinvisiblecollection.com\/fr\/wp-json\/wp\/v2\/designer_clubroom?post=56067"}],"curies":[{"name":"wp","href":"https:\/\/api.w.org\/{rel}","templated":true}]}}