{"id":5608668,"date":"2024-10-28T17:37:24","date_gmt":"2024-10-28T17:37:24","guid":{"rendered":"https:\/\/theinvisiblecollection.com\/?post_type=product&#038;p=5608668"},"modified":"2026-05-01T07:37:31","modified_gmt":"2026-05-01T07:37:31","slug":"studio-valerie-name-le-tabouret-naos","status":"publish","type":"product","link":"https:\/\/theinvisiblecollection.com\/fr\/produit\/studio-valerie-name-le-tabouret-naos\/","title":{"rendered":"Le Tabouret Naos"},"content":{"rendered":"<div class=\"flex-shrink-0 flex flex-col relative items-end\">\n<div>\n<div class=\"pt-0\">\n<div class=\"gizmo-bot-avatar flex h-8 w-8 items-center justify-center overflow-hidden rounded-full\">\n<div class=\"relative p-1 rounded-sm flex items-center justify-center bg-token-main-surface-primary text-token-text-primary h-8 w-8\" style=\"text-align: justify;\">Le Tabouret Naos est sculpt\u00e9 dans la noble solidit\u00e9 du bois grec en hommage \u00e0 un artisanat intemporel, s&#8217;inspirant de l&#8217;h\u00e9ritage v\u00e9n\u00e9rable de l&#8217;architecture gr\u00e9co-romaine.<br \/>\nDans chaque courbe et contour se trouve l\u2019histoire du voyage de notre directeur artistique \u00e0 travers des monuments anciens. Notre technique de boutons consiste \u00e0 estampiller manuellement de l&#8217;argile sur ces surfaces pour cr\u00e9er une exp\u00e9rience tactile qui refl\u00e8te les textures, les reliefs et l&#8217;essence des ruines classiques et de la magnificence architecturale, pr\u00e9servant l&#8217;essence des \u00e9poques pass\u00e9es.<br \/>\nChaque bouton minutieusement travaill\u00e9 est soigneusement cousu dans le tissu, conf\u00e9rant ainsi \u00e0 chacun une empreinte vivante de l&#8217;histoire \u2014 un sceau du temps qui rena\u00eet dans une pi\u00e8ce.<\/div>\n<\/div>\n<\/div>\n<\/div>\n<\/div>\n","protected":false},"excerpt":{"rendered":"<p>Le Tabouret Naos est sculpt\u00e9 dans la noble solidit\u00e9 du bois grec en hommage \u00e0 un artisanat intemporel, s&#8217;inspirant de l&#8217;h\u00e9ritage v\u00e9n\u00e9rable de l&#8217;architecture gr\u00e9co-romaine. Dans chaque courbe et contour se trouve l\u2019histoire du voyage de notre directeur artistique \u00e0 travers des monuments anciens. Notre technique de boutons consiste \u00e0 estampiller manuellement de l&#8217;argile sur [&hellip;]<\/p>\n","protected":false},"featured_media":5535319,"template":"","meta":{"_acf_changed":false,"content-type":"","_themeisle_gutenberg_block_has_review":false},"product_brand":[],"product_cat":[8969,12499],"product_tag":[22790,31475,35206],"product_designer":[32139],"comfabric":[],"manufacturer":[32133],"reporting_designer":[37811],"samplecomfabric":[],"designer_clubroom":[],"class_list":{"0":"post-5608668","1":"product","2":"type-product","3":"status-publish","4":"has-post-thumbnail","6":"product_cat-ottomans-tabourets","7":"product_cat-assises","8":"product_tag-disponible-immediatement","9":"product_tag-st-ceramic-fr","10":"product_tag-exclusive-fr","11":"product_designer-studio-valerie-name-fr","12":"manufacturer-studio-valerie-name-pick-up-greece-fr","13":"reporting_designer-studio-valerie-name","14":"exhibitions-los-angeles-fr","16":"first","17":"instock","18":"taxable","19":"shipping-taxable","20":"purchasable","21":"product-type-variable"},"acf":[],"_links":{"self":[{"href":"https:\/\/theinvisiblecollection.com\/fr\/wp-json\/wp\/v2\/product\/5608668","targetHints":{"allow":["GET"]}}],"collection":[{"href":"https:\/\/theinvisiblecollection.com\/fr\/wp-json\/wp\/v2\/product"}],"about":[{"href":"https:\/\/theinvisiblecollection.com\/fr\/wp-json\/wp\/v2\/types\/product"}],"wp:featuredmedia":[{"embeddable":true,"href":"https:\/\/theinvisiblecollection.com\/fr\/wp-json\/wp\/v2\/media\/5535319"}],"wp:attachment":[{"href":"https:\/\/theinvisiblecollection.com\/fr\/wp-json\/wp\/v2\/media?parent=5608668"}],"wp:term":[{"taxonomy":"product_brand","embeddable":true,"href":"https:\/\/theinvisiblecollection.com\/fr\/wp-json\/wp\/v2\/product_brand?post=5608668"},{"taxonomy":"product_cat","embeddable":true,"href":"https:\/\/theinvisiblecollection.com\/fr\/wp-json\/wp\/v2\/product_cat?post=5608668"},{"taxonomy":"product_tag","embeddable":true,"href":"https:\/\/theinvisiblecollection.com\/fr\/wp-json\/wp\/v2\/product_tag?post=5608668"},{"taxonomy":"product_designer","embeddable":true,"href":"https:\/\/theinvisiblecollection.com\/fr\/wp-json\/wp\/v2\/product_designer?post=5608668"},{"taxonomy":"comfabric","embeddable":true,"href":"https:\/\/theinvisiblecollection.com\/fr\/wp-json\/wp\/v2\/comfabric?post=5608668"},{"taxonomy":"manufacturer","embeddable":true,"href":"https:\/\/theinvisiblecollection.com\/fr\/wp-json\/wp\/v2\/manufacturer?post=5608668"},{"taxonomy":"reporting_designer","embeddable":true,"href":"https:\/\/theinvisiblecollection.com\/fr\/wp-json\/wp\/v2\/reporting_designer?post=5608668"},{"taxonomy":"samplecomfabric","embeddable":true,"href":"https:\/\/theinvisiblecollection.com\/fr\/wp-json\/wp\/v2\/samplecomfabric?post=5608668"},{"taxonomy":"clubroom_product_designer","embeddable":true,"href":"https:\/\/theinvisiblecollection.com\/fr\/wp-json\/wp\/v2\/designer_clubroom?post=5608668"}],"curies":[{"name":"wp","href":"https:\/\/api.w.org\/{rel}","templated":true}]}}