{"id":5608698,"date":"2024-10-28T17:44:15","date_gmt":"2024-10-28T17:44:15","guid":{"rendered":"https:\/\/theinvisiblecollection.com\/?post_type=product&#038;p=5608698"},"modified":"2026-05-01T07:37:31","modified_gmt":"2026-05-01T07:37:31","slug":"studio-valerie-name-le-banc-naos","status":"publish","type":"product","link":"https:\/\/theinvisiblecollection.com\/fr\/produit\/studio-valerie-name-le-banc-naos\/","title":{"rendered":"Le Banc Naos"},"content":{"rendered":"<p style=\"text-align: justify;\">Le Banc Naos est sculpt\u00e9 dans la noble solidit\u00e9 du bois grec en hommage \u00e0 un artisanat intemporel, s&#8217;inspirant de l&#8217;h\u00e9ritage v\u00e9n\u00e9rable de l&#8217;architecture gr\u00e9co-romaine.<br \/>\nDans chaque courbe et contour se trouve l\u2019histoire du voyage de notre directeur artistique \u00e0 travers des monuments anciens. Notre technique de boutons consiste \u00e0 estampiller manuellement de l&#8217;argile sur ces surfaces pour cr\u00e9er une exp\u00e9rience tactile qui refl\u00e8te les textures, les reliefs et l&#8217;essence des ruines classiques et de la magnificence architecturale, pr\u00e9servant l&#8217;essence des \u00e9poques pass\u00e9es.<br \/>\nChaque bouton finement travaill\u00e9 est minutieusement cousu dans le tissu, conf\u00e9rant ainsi \u00e0 chacun une empreinte vivante de l&#8217;histoire \u2014 un sceau du temps qui prend vie dans une pi\u00e8ce.<\/p>\n","protected":false},"excerpt":{"rendered":"<p>Le Banc Naos est sculpt\u00e9 dans la noble solidit\u00e9 du bois grec en hommage \u00e0 un artisanat intemporel, s&#8217;inspirant de l&#8217;h\u00e9ritage v\u00e9n\u00e9rable de l&#8217;architecture gr\u00e9co-romaine. Dans chaque courbe et contour se trouve l\u2019histoire du voyage de notre directeur artistique \u00e0 travers des monuments anciens. Notre technique de boutons consiste \u00e0 estampiller manuellement de l&#8217;argile sur [&hellip;]<\/p>\n","protected":false},"featured_media":5389964,"template":"","meta":{"_acf_changed":false,"content-type":"","_themeisle_gutenberg_block_has_review":false},"product_brand":[],"product_cat":[8947,12499],"product_tag":[35206],"product_designer":[32139],"comfabric":[],"manufacturer":[32133],"reporting_designer":[37811],"samplecomfabric":[],"designer_clubroom":[],"class_list":{"0":"post-5608698","1":"product","2":"type-product","3":"status-publish","4":"has-post-thumbnail","6":"product_cat-bancs","7":"product_cat-assises","8":"product_tag-exclusive-fr","9":"product_designer-studio-valerie-name-fr","10":"manufacturer-studio-valerie-name-pick-up-greece-fr","11":"reporting_designer-studio-valerie-name","13":"first","14":"instock","15":"taxable","16":"shipping-taxable","17":"purchasable","18":"product-type-variable"},"acf":[],"_links":{"self":[{"href":"https:\/\/theinvisiblecollection.com\/fr\/wp-json\/wp\/v2\/product\/5608698","targetHints":{"allow":["GET"]}}],"collection":[{"href":"https:\/\/theinvisiblecollection.com\/fr\/wp-json\/wp\/v2\/product"}],"about":[{"href":"https:\/\/theinvisiblecollection.com\/fr\/wp-json\/wp\/v2\/types\/product"}],"wp:featuredmedia":[{"embeddable":true,"href":"https:\/\/theinvisiblecollection.com\/fr\/wp-json\/wp\/v2\/media\/5389964"}],"wp:attachment":[{"href":"https:\/\/theinvisiblecollection.com\/fr\/wp-json\/wp\/v2\/media?parent=5608698"}],"wp:term":[{"taxonomy":"product_brand","embeddable":true,"href":"https:\/\/theinvisiblecollection.com\/fr\/wp-json\/wp\/v2\/product_brand?post=5608698"},{"taxonomy":"product_cat","embeddable":true,"href":"https:\/\/theinvisiblecollection.com\/fr\/wp-json\/wp\/v2\/product_cat?post=5608698"},{"taxonomy":"product_tag","embeddable":true,"href":"https:\/\/theinvisiblecollection.com\/fr\/wp-json\/wp\/v2\/product_tag?post=5608698"},{"taxonomy":"product_designer","embeddable":true,"href":"https:\/\/theinvisiblecollection.com\/fr\/wp-json\/wp\/v2\/product_designer?post=5608698"},{"taxonomy":"comfabric","embeddable":true,"href":"https:\/\/theinvisiblecollection.com\/fr\/wp-json\/wp\/v2\/comfabric?post=5608698"},{"taxonomy":"manufacturer","embeddable":true,"href":"https:\/\/theinvisiblecollection.com\/fr\/wp-json\/wp\/v2\/manufacturer?post=5608698"},{"taxonomy":"reporting_designer","embeddable":true,"href":"https:\/\/theinvisiblecollection.com\/fr\/wp-json\/wp\/v2\/reporting_designer?post=5608698"},{"taxonomy":"samplecomfabric","embeddable":true,"href":"https:\/\/theinvisiblecollection.com\/fr\/wp-json\/wp\/v2\/samplecomfabric?post=5608698"},{"taxonomy":"clubroom_product_designer","embeddable":true,"href":"https:\/\/theinvisiblecollection.com\/fr\/wp-json\/wp\/v2\/designer_clubroom?post=5608698"}],"curies":[{"name":"wp","href":"https:\/\/api.w.org\/{rel}","templated":true}]}}