{"id":5610431,"date":"2025-01-06T19:10:55","date_gmt":"2025-01-06T19:10:55","guid":{"rendered":"https:\/\/theinvisiblecollection.com\/?post_type=product&#038;p=5610431"},"modified":"2026-05-01T07:37:31","modified_gmt":"2026-05-01T07:37:31","slug":"alexandre-guillemain-chevet-nigh","status":"publish","type":"product","link":"https:\/\/theinvisiblecollection.com\/fr\/produit\/alexandre-guillemain-chevet-nigh\/","title":{"rendered":"Chevet Nigh"},"content":{"rendered":"<p><span data-contrast=\"auto\">La table de chevet Nigh d&#8217;Alexandre Guillemain est un assemblage ludique de formes compos\u00e9 d\u2019une base conique surmont\u00e9e d&#8217;un cubo\u00efde. Une pr\u00e9sence sculpturale pour encadrer le lit.<\/span><span data-ccp-props=\"{&quot;134233117&quot;:false,&quot;134233118&quot;:false,&quot;335559738&quot;:0,&quot;335559739&quot;:0}\">\u00a0<\/span><\/p>\n","protected":false},"excerpt":{"rendered":"<p>La table de chevet Nigh d&#8217;Alexandre Guillemain est un assemblage ludique de formes compos\u00e9 d\u2019une base conique surmont\u00e9e d&#8217;un cubo\u00efde. Une pr\u00e9sence sculpturale pour encadrer le lit.\u00a0<\/p>\n","protected":false},"featured_media":5610412,"template":"","meta":{"_acf_changed":false,"content-type":"","_themeisle_gutenberg_block_has_review":false},"product_brand":[],"product_cat":[12332,12503],"product_tag":[7435,9366],"product_designer":[31602],"comfabric":[],"manufacturer":[31604],"reporting_designer":[37555],"samplecomfabric":[],"designer_clubroom":[],"class_list":{"0":"post-5610431","1":"product","2":"type-product","3":"status-publish","4":"has-post-thumbnail","6":"product_cat-tables-dappoint","7":"product_cat-tables-fr","8":"product_tag-new-in-fr","9":"product_tag-bois-de-frene-fr","10":"product_designer-alexandre-guillemain-fr","11":"manufacturer-tudor-tremblay-pick-up-alexandre-guillemain-fr","12":"reporting_designer-alexandre-guillemain","14":"first","15":"instock","16":"taxable","17":"shipping-taxable","18":"purchasable","19":"product-type-variable"},"acf":[],"_links":{"self":[{"href":"https:\/\/theinvisiblecollection.com\/fr\/wp-json\/wp\/v2\/product\/5610431","targetHints":{"allow":["GET"]}}],"collection":[{"href":"https:\/\/theinvisiblecollection.com\/fr\/wp-json\/wp\/v2\/product"}],"about":[{"href":"https:\/\/theinvisiblecollection.com\/fr\/wp-json\/wp\/v2\/types\/product"}],"wp:featuredmedia":[{"embeddable":true,"href":"https:\/\/theinvisiblecollection.com\/fr\/wp-json\/wp\/v2\/media\/5610412"}],"wp:attachment":[{"href":"https:\/\/theinvisiblecollection.com\/fr\/wp-json\/wp\/v2\/media?parent=5610431"}],"wp:term":[{"taxonomy":"product_brand","embeddable":true,"href":"https:\/\/theinvisiblecollection.com\/fr\/wp-json\/wp\/v2\/product_brand?post=5610431"},{"taxonomy":"product_cat","embeddable":true,"href":"https:\/\/theinvisiblecollection.com\/fr\/wp-json\/wp\/v2\/product_cat?post=5610431"},{"taxonomy":"product_tag","embeddable":true,"href":"https:\/\/theinvisiblecollection.com\/fr\/wp-json\/wp\/v2\/product_tag?post=5610431"},{"taxonomy":"product_designer","embeddable":true,"href":"https:\/\/theinvisiblecollection.com\/fr\/wp-json\/wp\/v2\/product_designer?post=5610431"},{"taxonomy":"comfabric","embeddable":true,"href":"https:\/\/theinvisiblecollection.com\/fr\/wp-json\/wp\/v2\/comfabric?post=5610431"},{"taxonomy":"manufacturer","embeddable":true,"href":"https:\/\/theinvisiblecollection.com\/fr\/wp-json\/wp\/v2\/manufacturer?post=5610431"},{"taxonomy":"reporting_designer","embeddable":true,"href":"https:\/\/theinvisiblecollection.com\/fr\/wp-json\/wp\/v2\/reporting_designer?post=5610431"},{"taxonomy":"samplecomfabric","embeddable":true,"href":"https:\/\/theinvisiblecollection.com\/fr\/wp-json\/wp\/v2\/samplecomfabric?post=5610431"},{"taxonomy":"clubroom_product_designer","embeddable":true,"href":"https:\/\/theinvisiblecollection.com\/fr\/wp-json\/wp\/v2\/designer_clubroom?post=5610431"}],"curies":[{"name":"wp","href":"https:\/\/api.w.org\/{rel}","templated":true}]}}