{"id":5610486,"date":"2025-01-06T13:04:01","date_gmt":"2025-01-06T13:04:01","guid":{"rendered":"https:\/\/theinvisiblecollection.com\/?post_type=product&#038;p=5610486"},"modified":"2026-05-01T07:37:31","modified_gmt":"2026-05-01T07:37:31","slug":"alexnadre-guillemain-pouf-snak","status":"publish","type":"product","link":"https:\/\/theinvisiblecollection.com\/fr\/produit\/alexnadre-guillemain-pouf-snak\/","title":{"rendered":"Pouf Snak"},"content":{"rendered":"<p>Le pouf Snak d&#8217;Alexandre Guillemain s&#8217;inspire des formes famili\u00e8res du design moderne du milieu du si\u00e8cle, caract\u00e9ris\u00e9es par des lignes courbes et des formes organiques.<\/p>\n","protected":false},"excerpt":{"rendered":"<p>Le pouf Snak d&#8217;Alexandre Guillemain s&#8217;inspire des formes famili\u00e8res du design moderne du milieu du si\u00e8cle, caract\u00e9ris\u00e9es par des lignes courbes et des formes organiques.<\/p>\n","protected":false},"featured_media":5621184,"template":"","meta":{"_acf_changed":false,"content-type":"","_themeisle_gutenberg_block_has_review":false},"product_brand":[],"product_cat":[8969,12499],"product_tag":[31477],"product_designer":[31602],"comfabric":[],"manufacturer":[28489],"reporting_designer":[37555],"samplecomfabric":[],"designer_clubroom":[],"class_list":{"0":"post-5610486","1":"product","2":"type-product","3":"status-publish","4":"has-post-thumbnail","6":"product_cat-ottomans-tabourets","7":"product_cat-assises","8":"product_tag-st-curvy-fr","9":"product_designer-alexandre-guillemain-fr","10":"manufacturer-atelier-t-chair-fr","11":"reporting_designer-alexandre-guillemain","12":"exhibitions-londres-fr","14":"first","15":"instock","16":"taxable","17":"shipping-taxable","18":"purchasable","19":"product-type-variable"},"acf":[],"_links":{"self":[{"href":"https:\/\/theinvisiblecollection.com\/fr\/wp-json\/wp\/v2\/product\/5610486","targetHints":{"allow":["GET"]}}],"collection":[{"href":"https:\/\/theinvisiblecollection.com\/fr\/wp-json\/wp\/v2\/product"}],"about":[{"href":"https:\/\/theinvisiblecollection.com\/fr\/wp-json\/wp\/v2\/types\/product"}],"wp:featuredmedia":[{"embeddable":true,"href":"https:\/\/theinvisiblecollection.com\/fr\/wp-json\/wp\/v2\/media\/5621184"}],"wp:attachment":[{"href":"https:\/\/theinvisiblecollection.com\/fr\/wp-json\/wp\/v2\/media?parent=5610486"}],"wp:term":[{"taxonomy":"product_brand","embeddable":true,"href":"https:\/\/theinvisiblecollection.com\/fr\/wp-json\/wp\/v2\/product_brand?post=5610486"},{"taxonomy":"product_cat","embeddable":true,"href":"https:\/\/theinvisiblecollection.com\/fr\/wp-json\/wp\/v2\/product_cat?post=5610486"},{"taxonomy":"product_tag","embeddable":true,"href":"https:\/\/theinvisiblecollection.com\/fr\/wp-json\/wp\/v2\/product_tag?post=5610486"},{"taxonomy":"product_designer","embeddable":true,"href":"https:\/\/theinvisiblecollection.com\/fr\/wp-json\/wp\/v2\/product_designer?post=5610486"},{"taxonomy":"comfabric","embeddable":true,"href":"https:\/\/theinvisiblecollection.com\/fr\/wp-json\/wp\/v2\/comfabric?post=5610486"},{"taxonomy":"manufacturer","embeddable":true,"href":"https:\/\/theinvisiblecollection.com\/fr\/wp-json\/wp\/v2\/manufacturer?post=5610486"},{"taxonomy":"reporting_designer","embeddable":true,"href":"https:\/\/theinvisiblecollection.com\/fr\/wp-json\/wp\/v2\/reporting_designer?post=5610486"},{"taxonomy":"samplecomfabric","embeddable":true,"href":"https:\/\/theinvisiblecollection.com\/fr\/wp-json\/wp\/v2\/samplecomfabric?post=5610486"},{"taxonomy":"clubroom_product_designer","embeddable":true,"href":"https:\/\/theinvisiblecollection.com\/fr\/wp-json\/wp\/v2\/designer_clubroom?post=5610486"}],"curies":[{"name":"wp","href":"https:\/\/api.w.org\/{rel}","templated":true}]}}