{"id":5612002,"date":"2024-10-29T11:52:09","date_gmt":"2024-10-29T11:52:09","guid":{"rendered":"https:\/\/theinvisiblecollection.com\/?post_type=product&#038;p=5612002"},"modified":"2026-05-08T04:38:46","modified_gmt":"2026-05-08T04:38:46","slug":"studio-valerie-name-lampe-scavo","status":"publish","type":"product","link":"https:\/\/theinvisiblecollection.com\/fr\/produit\/studio-valerie-name-lampe-scavo\/","title":{"rendered":"Lampe Scavo"},"content":{"rendered":"<p style=\"text-align: justify;\">La Lampe Scavo, con\u00e7ue en plus de 16 heures, incarne un revival unique, faisant \u00e9cho \u00e0 des reliques autrefois r\u00e9serv\u00e9es aux halls des mus\u00e9es. Le r\u00e9sultat est un \u00e9clairage qui rayonne d&#8217;un caract\u00e8re intemporel &#8211; un feu antique dans des pi\u00e8ces modernes.<br \/>\nS&#8217;inspirant du verre historique romain, nous avons ressuscit\u00e9 cette pratique s\u00e9culaire. Un produit unique qui s&#8217;inspire des traditions des anciens Grecs et Romains et de leurs m\u00e9thodes secr\u00e8tes de soufflage de verre, transmises pour la post\u00e9rit\u00e9.<br \/>\nChaque pi\u00e8ce cr\u00e9e un pont entre l&#8217;antiquit\u00e9 et la modernit\u00e9 dans tout sanctuaire personnel avec une gr\u00e2ce in\u00e9gal\u00e9e.<\/p>\n","protected":false},"excerpt":{"rendered":"<p>La Lampe Scavo, con\u00e7ue en plus de 16 heures, incarne un revival unique, faisant \u00e9cho \u00e0 des reliques autrefois r\u00e9serv\u00e9es aux halls des mus\u00e9es. Le r\u00e9sultat est un \u00e9clairage qui rayonne d&#8217;un caract\u00e8re intemporel &#8211; un feu antique dans des pi\u00e8ces modernes. S&#8217;inspirant du verre historique romain, nous avons ressuscit\u00e9 cette pratique s\u00e9culaire. Un produit [&hellip;]<\/p>\n","protected":false},"featured_media":5611912,"template":"","meta":{"_acf_changed":false,"content-type":"","_themeisle_gutenberg_block_has_review":false},"product_brand":[],"product_cat":[8974,12507],"product_tag":[35206],"product_designer":[32139],"comfabric":[],"manufacturer":[32127],"reporting_designer":[37811],"samplecomfabric":[],"designer_clubroom":[],"class_list":{"0":"post-5612002","1":"product","2":"type-product","3":"status-publish","4":"has-post-thumbnail","6":"product_cat-lampes-de-table","7":"product_cat-luminaires","8":"product_tag-exclusive-fr","9":"product_designer-studio-valerie-name-fr","10":"manufacturer-studio-valerie-name-pick-up-us-fr","11":"reporting_designer-studio-valerie-name","13":"first","14":"instock","15":"taxable","16":"shipping-taxable","17":"purchasable","18":"product-type-variable"},"acf":[],"_links":{"self":[{"href":"https:\/\/theinvisiblecollection.com\/fr\/wp-json\/wp\/v2\/product\/5612002","targetHints":{"allow":["GET"]}}],"collection":[{"href":"https:\/\/theinvisiblecollection.com\/fr\/wp-json\/wp\/v2\/product"}],"about":[{"href":"https:\/\/theinvisiblecollection.com\/fr\/wp-json\/wp\/v2\/types\/product"}],"wp:featuredmedia":[{"embeddable":true,"href":"https:\/\/theinvisiblecollection.com\/fr\/wp-json\/wp\/v2\/media\/5611912"}],"wp:attachment":[{"href":"https:\/\/theinvisiblecollection.com\/fr\/wp-json\/wp\/v2\/media?parent=5612002"}],"wp:term":[{"taxonomy":"product_brand","embeddable":true,"href":"https:\/\/theinvisiblecollection.com\/fr\/wp-json\/wp\/v2\/product_brand?post=5612002"},{"taxonomy":"product_cat","embeddable":true,"href":"https:\/\/theinvisiblecollection.com\/fr\/wp-json\/wp\/v2\/product_cat?post=5612002"},{"taxonomy":"product_tag","embeddable":true,"href":"https:\/\/theinvisiblecollection.com\/fr\/wp-json\/wp\/v2\/product_tag?post=5612002"},{"taxonomy":"product_designer","embeddable":true,"href":"https:\/\/theinvisiblecollection.com\/fr\/wp-json\/wp\/v2\/product_designer?post=5612002"},{"taxonomy":"comfabric","embeddable":true,"href":"https:\/\/theinvisiblecollection.com\/fr\/wp-json\/wp\/v2\/comfabric?post=5612002"},{"taxonomy":"manufacturer","embeddable":true,"href":"https:\/\/theinvisiblecollection.com\/fr\/wp-json\/wp\/v2\/manufacturer?post=5612002"},{"taxonomy":"reporting_designer","embeddable":true,"href":"https:\/\/theinvisiblecollection.com\/fr\/wp-json\/wp\/v2\/reporting_designer?post=5612002"},{"taxonomy":"samplecomfabric","embeddable":true,"href":"https:\/\/theinvisiblecollection.com\/fr\/wp-json\/wp\/v2\/samplecomfabric?post=5612002"},{"taxonomy":"clubroom_product_designer","embeddable":true,"href":"https:\/\/theinvisiblecollection.com\/fr\/wp-json\/wp\/v2\/designer_clubroom?post=5612002"}],"curies":[{"name":"wp","href":"https:\/\/api.w.org\/{rel}","templated":true}]}}