{"id":56132,"date":"2024-09-10T00:00:00","date_gmt":"2024-09-10T00:00:00","guid":{"rendered":"https:\/\/www.theinvisiblecollection.com\/?post_type=product&#038;p=56132"},"modified":"2026-05-01T07:39:35","modified_gmt":"2026-05-01T07:39:35","slug":"diner-en-ville-table-thanksgiving","status":"publish","type":"product","link":"https:\/\/theinvisiblecollection.com\/fr\/produit\/diner-en-ville-table-thanksgiving\/","title":{"rendered":"Bo\u00eete D\u00eener en Ville &#8220;Tartan Delight&#8221;"},"content":{"rendered":"<p style=\"text-align: justify;\">Les Bo\u00eetes &#8220;D\u00eener en Ville&#8221; ont \u00e9t\u00e9 imagin\u00e9es par Isabelle Moltzer, connue pour son talent \u00e0 concevoir des d\u00eeners tr\u00e8s parisiens, avec un chic timeless et inimitable. Pr\u00e9par\u00e9es g\u00e9n\u00e9reusement pour 12 personnes, les Bo\u00eetes &#8220;D\u00eener en Ville&#8221; comprennent 12 assiettes vintage en fa\u00efence, 12 verres \u00e0 vin et \u00e0 eau, nappes et serviettes ainsi qu&#8217;un choix d&#8217;objets glan\u00e9s pour la bo\u00eete exclusivement. Cool et chic avec un twist ! Chaque Bo\u00eete D\u00eener en Ville est unique, soyez les premiers et les seuls \u00e0 recevoir \u00e0 la maison pour des d\u00eeners inoubliables avec la table compl\u00e8te Picault. Si vous r\u00e9sistez \u00e0 la tentation, vous pouvez aussi l&#8217;offrir \u00e0 vos amis.<\/p>\n","protected":false},"excerpt":{"rendered":"<p>Bo\u00eete D\u00eener En Ville &#8220;Tartan Delight&#8221; pour 6 personnes<br \/>\n<em>Un exemplaire unique<br \/>\n<\/em>Bo\u00eete pour 2 personnes \u00e9galement disponible<\/p>\n<p>6 serviettes en lin orange<br \/>\n6 grandes assiettes <span class=\"s2\">fa\u00efence<br \/>\n<\/span>6 assiettes \u00e0 dessert<br \/>\n6 verres \u00e0 vin<br \/>\n6 verres gobelets ocre<br \/>\n2 vases en verre souffl\u00e9<br \/>\n1 vase \u00e0 anses en verre souffl\u00e9<span class=\"s1\"><span class=\"s2\"><br \/>\n<\/span><\/span>7 marque-places<\/p>\n<p>Disponible imm\u00e9diatement<\/p>\n<p class=\"p1\"><span class=\"s1\"><a href=\"https:\/\/www.theinvisiblecollection.com\/fr\/demande-de-devis\/?product_id=56132\">Contactez-nous pour toute demande de devis ou de renseignements<\/a><\/span><\/p><\/p>\n","protected":false},"featured_media":56624,"template":"","meta":{"_acf_changed":false,"content-type":"","_themeisle_gutenberg_block_has_review":false},"product_brand":[],"product_cat":[7517,19973,19981,19989,19990],"product_tag":[11355,11356,11358,9022,9028,9046,9060,10396],"product_designer":[10979],"comfabric":[],"manufacturer":[16668],"reporting_designer":[37456],"samplecomfabric":[],"designer_clubroom":[],"class_list":{"0":"post-56132","1":"product","2":"type-product","3":"status-publish","4":"has-post-thumbnail","6":"product_cat-deco-fr","7":"product_cat-accessoires-pour-la-maison","8":"product_cat-art-de-la-table","9":"product_cat-linge-de-table","10":"product_cat-accessoires-de-cuisine","11":"product_tag-assiette-vintage","12":"product_tag-boite-vintage","13":"product_tag-vaisselle-vintage","14":"product_tag-assiette-fr-2","15":"product_tag-asiettes","16":"product_tag-art-de-la-table","17":"product_tag-verre","18":"product_tag-vintage-fr-2","19":"product_shipping_class-diner-en-ville-25kgs-fr","20":"pa_choice-boite-pour-2","21":"pa_choice-boite-pour-6","22":"product_designer-diner-en-ville-fr","23":"manufacturer-diner-en-ville","24":"reporting_designer-diner-en-ville","25":"exhibitions-londres-fr","27":"first","28":"instock","29":"taxable","30":"shipping-taxable","31":"purchasable","32":"product-type-variable"},"acf":[],"_links":{"self":[{"href":"https:\/\/theinvisiblecollection.com\/fr\/wp-json\/wp\/v2\/product\/56132","targetHints":{"allow":["GET"]}}],"collection":[{"href":"https:\/\/theinvisiblecollection.com\/fr\/wp-json\/wp\/v2\/product"}],"about":[{"href":"https:\/\/theinvisiblecollection.com\/fr\/wp-json\/wp\/v2\/types\/product"}],"wp:featuredmedia":[{"embeddable":true,"href":"https:\/\/theinvisiblecollection.com\/fr\/wp-json\/wp\/v2\/media\/56624"}],"wp:attachment":[{"href":"https:\/\/theinvisiblecollection.com\/fr\/wp-json\/wp\/v2\/media?parent=56132"}],"wp:term":[{"taxonomy":"product_brand","embeddable":true,"href":"https:\/\/theinvisiblecollection.com\/fr\/wp-json\/wp\/v2\/product_brand?post=56132"},{"taxonomy":"product_cat","embeddable":true,"href":"https:\/\/theinvisiblecollection.com\/fr\/wp-json\/wp\/v2\/product_cat?post=56132"},{"taxonomy":"product_tag","embeddable":true,"href":"https:\/\/theinvisiblecollection.com\/fr\/wp-json\/wp\/v2\/product_tag?post=56132"},{"taxonomy":"product_designer","embeddable":true,"href":"https:\/\/theinvisiblecollection.com\/fr\/wp-json\/wp\/v2\/product_designer?post=56132"},{"taxonomy":"comfabric","embeddable":true,"href":"https:\/\/theinvisiblecollection.com\/fr\/wp-json\/wp\/v2\/comfabric?post=56132"},{"taxonomy":"manufacturer","embeddable":true,"href":"https:\/\/theinvisiblecollection.com\/fr\/wp-json\/wp\/v2\/manufacturer?post=56132"},{"taxonomy":"reporting_designer","embeddable":true,"href":"https:\/\/theinvisiblecollection.com\/fr\/wp-json\/wp\/v2\/reporting_designer?post=56132"},{"taxonomy":"samplecomfabric","embeddable":true,"href":"https:\/\/theinvisiblecollection.com\/fr\/wp-json\/wp\/v2\/samplecomfabric?post=56132"},{"taxonomy":"clubroom_product_designer","embeddable":true,"href":"https:\/\/theinvisiblecollection.com\/fr\/wp-json\/wp\/v2\/designer_clubroom?post=56132"}],"curies":[{"name":"wp","href":"https:\/\/api.w.org\/{rel}","templated":true}]}}