{"id":56145,"date":"2017-07-11T00:10:47","date_gmt":"2017-07-10T23:10:47","guid":{"rendered":"https:\/\/www.theinvisiblecollection.com\/?post_type=product&#038;p=56145"},"modified":"2026-05-01T07:39:35","modified_gmt":"2026-05-01T07:39:35","slug":"totem-tre-colori-gueridon","status":"publish","type":"product","link":"https:\/\/theinvisiblecollection.com\/fr\/produit\/totem-tre-colori-gueridon\/","title":{"rendered":"Totem Tre Colori Gu\u00e9ridon"},"content":{"rendered":"","protected":false},"excerpt":{"rendered":"<p>Design &#8211; Karen Chekerdjian<br \/>\n\u00c9dition num\u00e9rot\u00e9e<br \/>\nMat\u00e9riaux : Table basse en marbre Nero Marquinia, Rosso Levanto, Verde Imperiale<\/p>\n<p>&nbsp;<\/p>\n<p>D 42 x H 62 cm<\/p>\n<p>Fabriqu\u00e9 \u00e0 la main en Italie<br \/>\nD\u00e9lais de fabrication : 5 \u00e0 6 semaines<br \/>\nDisponible imm\u00e9diatement<\/p>\n<p><span class=\"s1\"><a href=\"https:\/\/www.theinvisiblecollection.com\/fr\/demande-de-devis\/?product_id=40512\">Contactez-nous pour toute demande de devis ou de renseignements<\/a><\/span><\/p>\n","protected":false},"featured_media":5340663,"template":"","meta":{"_acf_changed":false,"content-type":"","_themeisle_gutenberg_block_has_review":false},"product_brand":[],"product_cat":[7509,12503],"product_tag":[9030,10386,11544,31474,33319],"product_designer":[8892,8905],"comfabric":[],"manufacturer":[16732],"reporting_designer":[37664],"samplecomfabric":[],"designer_clubroom":[],"class_list":{"0":"post-56145","1":"product","2":"type-product","3":"status-publish","4":"has-post-thumbnail","6":"product_cat-tables-basses-dappoint","7":"product_cat-tables-fr","8":"product_tag-marbre-fr-2","9":"product_tag-shippables-fr-fr","10":"product_tag-tables-irresistibles","11":"product_tag-co-white-fr","12":"product_tag-edition-limitee","13":"product_shipping_class-mmairo-70kg-fr","14":"product_designer-mmairo-fr","15":"product_designer-karen-chekerdjian-fr","16":"manufacturer-mmairo-fr","17":"reporting_designer-mmairo","19":"first","20":"instock","21":"taxable","22":"shipping-taxable","23":"purchasable","24":"product-type-simple"},"acf":[],"_links":{"self":[{"href":"https:\/\/theinvisiblecollection.com\/fr\/wp-json\/wp\/v2\/product\/56145","targetHints":{"allow":["GET"]}}],"collection":[{"href":"https:\/\/theinvisiblecollection.com\/fr\/wp-json\/wp\/v2\/product"}],"about":[{"href":"https:\/\/theinvisiblecollection.com\/fr\/wp-json\/wp\/v2\/types\/product"}],"wp:featuredmedia":[{"embeddable":true,"href":"https:\/\/theinvisiblecollection.com\/fr\/wp-json\/wp\/v2\/media\/5340663"}],"wp:attachment":[{"href":"https:\/\/theinvisiblecollection.com\/fr\/wp-json\/wp\/v2\/media?parent=56145"}],"wp:term":[{"taxonomy":"product_brand","embeddable":true,"href":"https:\/\/theinvisiblecollection.com\/fr\/wp-json\/wp\/v2\/product_brand?post=56145"},{"taxonomy":"product_cat","embeddable":true,"href":"https:\/\/theinvisiblecollection.com\/fr\/wp-json\/wp\/v2\/product_cat?post=56145"},{"taxonomy":"product_tag","embeddable":true,"href":"https:\/\/theinvisiblecollection.com\/fr\/wp-json\/wp\/v2\/product_tag?post=56145"},{"taxonomy":"product_designer","embeddable":true,"href":"https:\/\/theinvisiblecollection.com\/fr\/wp-json\/wp\/v2\/product_designer?post=56145"},{"taxonomy":"comfabric","embeddable":true,"href":"https:\/\/theinvisiblecollection.com\/fr\/wp-json\/wp\/v2\/comfabric?post=56145"},{"taxonomy":"manufacturer","embeddable":true,"href":"https:\/\/theinvisiblecollection.com\/fr\/wp-json\/wp\/v2\/manufacturer?post=56145"},{"taxonomy":"reporting_designer","embeddable":true,"href":"https:\/\/theinvisiblecollection.com\/fr\/wp-json\/wp\/v2\/reporting_designer?post=56145"},{"taxonomy":"samplecomfabric","embeddable":true,"href":"https:\/\/theinvisiblecollection.com\/fr\/wp-json\/wp\/v2\/samplecomfabric?post=56145"},{"taxonomy":"clubroom_product_designer","embeddable":true,"href":"https:\/\/theinvisiblecollection.com\/fr\/wp-json\/wp\/v2\/designer_clubroom?post=56145"}],"curies":[{"name":"wp","href":"https:\/\/api.w.org\/{rel}","templated":true}]}}