{"id":5618442,"date":"2024-10-03T14:42:55","date_gmt":"2024-10-03T14:42:55","guid":{"rendered":"https:\/\/theinvisiblecollection.com\/?post_type=product&#038;p=5618442"},"modified":"2026-05-01T07:37:31","modified_gmt":"2026-05-01T07:37:31","slug":"sophie-dries-alia-vitae-miroir-petra","status":"publish","type":"product","link":"https:\/\/theinvisiblecollection.com\/fr\/produit\/sophie-dries-alia-vitae-miroir-petra\/","title":{"rendered":"Miroir Petra"},"content":{"rendered":"<p style=\"text-align: justify;\"><span class=\"TextRun Highlight SCXW100962341 BCX0\" lang=\"FR-FR\" xml:lang=\"FR-FR\" data-contrast=\"none\"><span class=\"NormalTextRun SCXW100962341 BCX0\">La collection Petra est profond\u00e9ment respectueuse de l\u2019environnement en utilisant des mat\u00e9riaux doux et en privil\u00e9giant les mati\u00e8res premi\u00e8res d\u2019origine fran\u00e7aise, elle est r\u00e9alis\u00e9e dans un atelier d\u2019ile de France \u00e0 la main.<\/span><\/span><span class=\"EOP SCXW100962341 BCX0\" data-ccp-props=\"{&quot;201341983&quot;:0,&quot;335559740&quot;:259}\">\u00a0<\/span><\/p>\n","protected":false},"excerpt":{"rendered":"<p>La collection Petra est profond\u00e9ment respectueuse de l\u2019environnement en utilisant des mat\u00e9riaux doux et en privil\u00e9giant les mati\u00e8res premi\u00e8res d\u2019origine fran\u00e7aise, elle est r\u00e9alis\u00e9e dans un atelier d\u2019ile de France \u00e0 la main.\u00a0<\/p>\n","protected":false},"featured_media":5618439,"template":"","meta":{"_acf_changed":false,"content-type":"","_themeisle_gutenberg_block_has_review":false},"product_brand":[],"product_cat":[12507,7517,8225],"product_tag":[31477],"product_designer":[17359],"comfabric":[],"manufacturer":[31892],"reporting_designer":[37325],"samplecomfabric":[],"designer_clubroom":[],"class_list":{"0":"post-5618442","1":"product","2":"type-product","3":"status-publish","4":"has-post-thumbnail","6":"product_cat-luminaires","7":"product_cat-deco-fr","8":"product_cat-miroirs-fr","9":"product_tag-st-curvy-fr","10":"product_designer-sophie-dries-fr","11":"manufacturer-atelier-sophie-dries-tour-orion-fr","12":"reporting_designer-sophie-dries","14":"first","15":"instock","16":"taxable","17":"shipping-taxable","18":"purchasable","19":"product-type-simple"},"acf":[],"_links":{"self":[{"href":"https:\/\/theinvisiblecollection.com\/fr\/wp-json\/wp\/v2\/product\/5618442","targetHints":{"allow":["GET"]}}],"collection":[{"href":"https:\/\/theinvisiblecollection.com\/fr\/wp-json\/wp\/v2\/product"}],"about":[{"href":"https:\/\/theinvisiblecollection.com\/fr\/wp-json\/wp\/v2\/types\/product"}],"wp:featuredmedia":[{"embeddable":true,"href":"https:\/\/theinvisiblecollection.com\/fr\/wp-json\/wp\/v2\/media\/5618439"}],"wp:attachment":[{"href":"https:\/\/theinvisiblecollection.com\/fr\/wp-json\/wp\/v2\/media?parent=5618442"}],"wp:term":[{"taxonomy":"product_brand","embeddable":true,"href":"https:\/\/theinvisiblecollection.com\/fr\/wp-json\/wp\/v2\/product_brand?post=5618442"},{"taxonomy":"product_cat","embeddable":true,"href":"https:\/\/theinvisiblecollection.com\/fr\/wp-json\/wp\/v2\/product_cat?post=5618442"},{"taxonomy":"product_tag","embeddable":true,"href":"https:\/\/theinvisiblecollection.com\/fr\/wp-json\/wp\/v2\/product_tag?post=5618442"},{"taxonomy":"product_designer","embeddable":true,"href":"https:\/\/theinvisiblecollection.com\/fr\/wp-json\/wp\/v2\/product_designer?post=5618442"},{"taxonomy":"comfabric","embeddable":true,"href":"https:\/\/theinvisiblecollection.com\/fr\/wp-json\/wp\/v2\/comfabric?post=5618442"},{"taxonomy":"manufacturer","embeddable":true,"href":"https:\/\/theinvisiblecollection.com\/fr\/wp-json\/wp\/v2\/manufacturer?post=5618442"},{"taxonomy":"reporting_designer","embeddable":true,"href":"https:\/\/theinvisiblecollection.com\/fr\/wp-json\/wp\/v2\/reporting_designer?post=5618442"},{"taxonomy":"samplecomfabric","embeddable":true,"href":"https:\/\/theinvisiblecollection.com\/fr\/wp-json\/wp\/v2\/samplecomfabric?post=5618442"},{"taxonomy":"clubroom_product_designer","embeddable":true,"href":"https:\/\/theinvisiblecollection.com\/fr\/wp-json\/wp\/v2\/designer_clubroom?post=5618442"}],"curies":[{"name":"wp","href":"https:\/\/api.w.org\/{rel}","templated":true}]}}