{"id":5621001,"date":"2021-03-29T14:06:44","date_gmt":"2021-03-29T13:06:44","guid":{"rendered":"https:\/\/theinvisiblecollection.com\/?post_type=product&#038;p=5621001"},"modified":"2026-05-01T07:37:31","modified_gmt":"2026-05-01T07:37:31","slug":"galerie-mcde-pierre-chareau-suspension-quart-de-rond","status":"publish","type":"product","link":"https:\/\/theinvisiblecollection.com\/fr\/produit\/galerie-mcde-pierre-chareau-suspension-quart-de-rond\/","title":{"rendered":"Suspension Quart De Rond"},"content":{"rendered":"<p style=\"text-align: justify;\">Cr\u00e9\u00e9e en 1925, la qualit\u00e9 de la lumi\u00e8re associ\u00e9e \u00e0 une recherche de l\u2019\u00e9l\u00e9gance : telle est la pr\u00e9occupation de Pierre Chareau dans la cr\u00e9ation de la suspension.<br \/>\nLes plaques d\u2019alb\u00e2tre s\u2019ouvrent comme un bouquet de fleurs.<\/p>\n","protected":false},"excerpt":{"rendered":"<p>Cr\u00e9\u00e9e en 1925, la qualit\u00e9 de la lumi\u00e8re associ\u00e9e \u00e0 une recherche de l\u2019\u00e9l\u00e9gance : telle est la pr\u00e9occupation de Pierre Chareau dans la cr\u00e9ation de la suspension. Les plaques d\u2019alb\u00e2tre s\u2019ouvrent comme un bouquet de fleurs.<\/p>\n","protected":false},"featured_media":5375170,"template":"","meta":{"_acf_changed":false,"content-type":"","_themeisle_gutenberg_block_has_review":false},"product_brand":[],"product_cat":[8961,12507],"product_tag":[9048,9200,10400,11235,22680,22681,22682,22683,31474],"product_designer":[10239,13455],"comfabric":[],"manufacturer":[20718],"reporting_designer":[37390],"samplecomfabric":[],"designer_clubroom":[],"class_list":{"0":"post-5621001","1":"product","2":"type-product","3":"status-publish","4":"has-post-thumbnail","6":"product_cat-suspensions","7":"product_cat-luminaires","8":"product_tag-lampe","9":"product_tag-luminaire-fr-2","10":"product_tag-pierre-chareau-fr","11":"product_tag-reedition-fr-fr","12":"product_tag-applique-murale-fr","13":"product_tag-applique-fr-2","14":"product_tag-galerie-mcde-fr","15":"product_tag-mouche-fr","16":"product_tag-co-white-fr","17":"pa_size-grand-sus-102b","18":"pa_size-petit-sus-102a","19":"product_designer-pierre-chareau-fr","20":"product_designer-galerie-mcde-fr","21":"manufacturer-manufacture-zanzibar-fr","22":"reporting_designer-pierre-chareau","24":"first","25":"instock","26":"taxable","27":"shipping-taxable","28":"purchasable","29":"product-type-variable"},"acf":[],"_links":{"self":[{"href":"https:\/\/theinvisiblecollection.com\/fr\/wp-json\/wp\/v2\/product\/5621001","targetHints":{"allow":["GET"]}}],"collection":[{"href":"https:\/\/theinvisiblecollection.com\/fr\/wp-json\/wp\/v2\/product"}],"about":[{"href":"https:\/\/theinvisiblecollection.com\/fr\/wp-json\/wp\/v2\/types\/product"}],"wp:featuredmedia":[{"embeddable":true,"href":"https:\/\/theinvisiblecollection.com\/fr\/wp-json\/wp\/v2\/media\/5375170"}],"wp:attachment":[{"href":"https:\/\/theinvisiblecollection.com\/fr\/wp-json\/wp\/v2\/media?parent=5621001"}],"wp:term":[{"taxonomy":"product_brand","embeddable":true,"href":"https:\/\/theinvisiblecollection.com\/fr\/wp-json\/wp\/v2\/product_brand?post=5621001"},{"taxonomy":"product_cat","embeddable":true,"href":"https:\/\/theinvisiblecollection.com\/fr\/wp-json\/wp\/v2\/product_cat?post=5621001"},{"taxonomy":"product_tag","embeddable":true,"href":"https:\/\/theinvisiblecollection.com\/fr\/wp-json\/wp\/v2\/product_tag?post=5621001"},{"taxonomy":"product_designer","embeddable":true,"href":"https:\/\/theinvisiblecollection.com\/fr\/wp-json\/wp\/v2\/product_designer?post=5621001"},{"taxonomy":"comfabric","embeddable":true,"href":"https:\/\/theinvisiblecollection.com\/fr\/wp-json\/wp\/v2\/comfabric?post=5621001"},{"taxonomy":"manufacturer","embeddable":true,"href":"https:\/\/theinvisiblecollection.com\/fr\/wp-json\/wp\/v2\/manufacturer?post=5621001"},{"taxonomy":"reporting_designer","embeddable":true,"href":"https:\/\/theinvisiblecollection.com\/fr\/wp-json\/wp\/v2\/reporting_designer?post=5621001"},{"taxonomy":"samplecomfabric","embeddable":true,"href":"https:\/\/theinvisiblecollection.com\/fr\/wp-json\/wp\/v2\/samplecomfabric?post=5621001"},{"taxonomy":"clubroom_product_designer","embeddable":true,"href":"https:\/\/theinvisiblecollection.com\/fr\/wp-json\/wp\/v2\/designer_clubroom?post=5621001"}],"curies":[{"name":"wp","href":"https:\/\/api.w.org\/{rel}","templated":true}]}}