{"id":5636541,"date":"2020-10-07T17:30:31","date_gmt":"2020-10-07T16:30:31","guid":{"rendered":"https:\/\/theinvisiblecollection.com\/?post_type=product&#038;p=5636541"},"modified":"2026-05-01T07:37:31","modified_gmt":"2026-05-01T07:37:31","slug":"ozone-chandelier-m101","status":"publish","type":"product","link":"https:\/\/theinvisiblecollection.com\/fr\/produit\/ozone-chandelier-m101\/","title":{"rendered":"Chandelier M101"},"content":{"rendered":"<p>En 2018, Ozone a lanc\u00e9 M101, une collection de lustres dessin\u00e9s par Pierre Paulin en 1964 pour la Maison de la Radio \u00e0 Paris.<\/p>\n","protected":false},"excerpt":{"rendered":"<p>En 2018, Ozone a lanc\u00e9 M101, une collection de lustres dessin\u00e9s par Pierre Paulin en 1964 pour la Maison de la Radio \u00e0 Paris.<\/p>\n","protected":false},"featured_media":1917279,"template":"","meta":{"_acf_changed":false,"content-type":"","_themeisle_gutenberg_block_has_review":false},"product_brand":[],"product_cat":[8961,12507],"product_tag":[11235,11958,11960,31474,31477,35206,9200,9237,9319,9450,9728],"product_designer":[11898,26602],"comfabric":[],"manufacturer":[16738],"reporting_designer":[37576],"samplecomfabric":[],"designer_clubroom":[],"class_list":{"0":"post-5636541","1":"product","2":"type-product","3":"status-publish","4":"has-post-thumbnail","6":"product_cat-suspensions","7":"product_cat-luminaires","8":"product_tag-reedition-fr-fr","9":"product_tag-paulin-fr","10":"product_tag-ozone-fr","11":"product_tag-co-white-fr","12":"product_tag-st-curvy-fr","13":"product_tag-exclusive-fr","14":"product_tag-luminaire-fr-2","15":"product_tag-lampe-fr-2","16":"product_tag-plafond","17":"product_tag-suspension-fr-3","18":"product_tag-chandelier-fr","19":"pa_size-m101-1-sphere-fr","20":"pa_size-m101-12-spheres-fr","21":"pa_size-m101-6-spheres-fr","22":"pa_size-m101-8-spheres-fr","23":"product_designer-ozone-fr","24":"product_designer-pierre-paulin-by-ozone-fr","25":"manufacturer-ozone-fr","26":"reporting_designer-ozone","28":"first","29":"instock","30":"taxable","31":"shipping-taxable","32":"purchasable","33":"product-type-variable"},"acf":[],"_links":{"self":[{"href":"https:\/\/theinvisiblecollection.com\/fr\/wp-json\/wp\/v2\/product\/5636541","targetHints":{"allow":["GET"]}}],"collection":[{"href":"https:\/\/theinvisiblecollection.com\/fr\/wp-json\/wp\/v2\/product"}],"about":[{"href":"https:\/\/theinvisiblecollection.com\/fr\/wp-json\/wp\/v2\/types\/product"}],"wp:featuredmedia":[{"embeddable":true,"href":"https:\/\/theinvisiblecollection.com\/fr\/wp-json\/wp\/v2\/media\/1917279"}],"wp:attachment":[{"href":"https:\/\/theinvisiblecollection.com\/fr\/wp-json\/wp\/v2\/media?parent=5636541"}],"wp:term":[{"taxonomy":"product_brand","embeddable":true,"href":"https:\/\/theinvisiblecollection.com\/fr\/wp-json\/wp\/v2\/product_brand?post=5636541"},{"taxonomy":"product_cat","embeddable":true,"href":"https:\/\/theinvisiblecollection.com\/fr\/wp-json\/wp\/v2\/product_cat?post=5636541"},{"taxonomy":"product_tag","embeddable":true,"href":"https:\/\/theinvisiblecollection.com\/fr\/wp-json\/wp\/v2\/product_tag?post=5636541"},{"taxonomy":"product_designer","embeddable":true,"href":"https:\/\/theinvisiblecollection.com\/fr\/wp-json\/wp\/v2\/product_designer?post=5636541"},{"taxonomy":"comfabric","embeddable":true,"href":"https:\/\/theinvisiblecollection.com\/fr\/wp-json\/wp\/v2\/comfabric?post=5636541"},{"taxonomy":"manufacturer","embeddable":true,"href":"https:\/\/theinvisiblecollection.com\/fr\/wp-json\/wp\/v2\/manufacturer?post=5636541"},{"taxonomy":"reporting_designer","embeddable":true,"href":"https:\/\/theinvisiblecollection.com\/fr\/wp-json\/wp\/v2\/reporting_designer?post=5636541"},{"taxonomy":"samplecomfabric","embeddable":true,"href":"https:\/\/theinvisiblecollection.com\/fr\/wp-json\/wp\/v2\/samplecomfabric?post=5636541"},{"taxonomy":"clubroom_product_designer","embeddable":true,"href":"https:\/\/theinvisiblecollection.com\/fr\/wp-json\/wp\/v2\/designer_clubroom?post=5636541"}],"curies":[{"name":"wp","href":"https:\/\/api.w.org\/{rel}","templated":true}]}}