{"id":5643357,"date":"2025-02-21T10:56:37","date_gmt":"2025-02-21T10:56:37","guid":{"rendered":"https:\/\/theinvisiblecollection.com\/?post_type=product&#038;p=5643357"},"modified":"2026-05-01T07:37:31","modified_gmt":"2026-05-01T07:37:31","slug":"noe-duchaufour-lawrance-table-basse-ancrage-2-bois","status":"publish","type":"product","link":"https:\/\/theinvisiblecollection.com\/fr\/produit\/noe-duchaufour-lawrance-table-basse-ancrage-2-bois\/","title":{"rendered":"Table Basse Ancrage 2 Bois"},"content":{"rendered":"<p>La table basse Ancrage de No\u00e9 Duchaufour-Lawrance exprime l\u2019harmonie g\u00e9om\u00e9trique. Les lignes verticales et horizontales se connectent dans des intersections soulign\u00e9es. La clart\u00e9 radicale de leur conception rend un hommage subtil \u00e0 Rietveld et au brutalisme.<\/p>\n","protected":false},"excerpt":{"rendered":"<p>La table basse Ancrage de No\u00e9 Duchaufour-Lawrance exprime l\u2019harmonie g\u00e9om\u00e9trique. Les lignes verticales et horizontales se connectent dans des intersections soulign\u00e9es. La clart\u00e9 radicale de leur conception rend un hommage subtil \u00e0 Rietveld et au brutalisme.<\/p>\n","protected":false},"featured_media":5825977,"template":"","meta":{"_acf_changed":false,"content-type":"","_themeisle_gutenberg_block_has_review":false},"product_brand":[],"product_cat":[7509,12503],"product_tag":[31477],"product_designer":[18423],"comfabric":[],"manufacturer":[31915],"reporting_designer":[37745],"samplecomfabric":[],"designer_clubroom":[],"class_list":{"0":"post-5643357","1":"product","2":"type-product","3":"status-publish","4":"has-post-thumbnail","6":"product_cat-tables-basses-dappoint","7":"product_cat-tables-fr","8":"product_tag-st-curvy-fr","9":"product_designer-noe-duchaufour-lawrance-fr","10":"manufacturer-atelier-souchet-pick-up-ndl-fr","11":"reporting_designer-noe-duchaufour-lawrance","13":"first","14":"instock","15":"featured","16":"taxable","17":"shipping-taxable","18":"purchasable","19":"product-type-simple"},"acf":[],"_links":{"self":[{"href":"https:\/\/theinvisiblecollection.com\/fr\/wp-json\/wp\/v2\/product\/5643357","targetHints":{"allow":["GET"]}}],"collection":[{"href":"https:\/\/theinvisiblecollection.com\/fr\/wp-json\/wp\/v2\/product"}],"about":[{"href":"https:\/\/theinvisiblecollection.com\/fr\/wp-json\/wp\/v2\/types\/product"}],"wp:featuredmedia":[{"embeddable":true,"href":"https:\/\/theinvisiblecollection.com\/fr\/wp-json\/wp\/v2\/media\/5825977"}],"wp:attachment":[{"href":"https:\/\/theinvisiblecollection.com\/fr\/wp-json\/wp\/v2\/media?parent=5643357"}],"wp:term":[{"taxonomy":"product_brand","embeddable":true,"href":"https:\/\/theinvisiblecollection.com\/fr\/wp-json\/wp\/v2\/product_brand?post=5643357"},{"taxonomy":"product_cat","embeddable":true,"href":"https:\/\/theinvisiblecollection.com\/fr\/wp-json\/wp\/v2\/product_cat?post=5643357"},{"taxonomy":"product_tag","embeddable":true,"href":"https:\/\/theinvisiblecollection.com\/fr\/wp-json\/wp\/v2\/product_tag?post=5643357"},{"taxonomy":"product_designer","embeddable":true,"href":"https:\/\/theinvisiblecollection.com\/fr\/wp-json\/wp\/v2\/product_designer?post=5643357"},{"taxonomy":"comfabric","embeddable":true,"href":"https:\/\/theinvisiblecollection.com\/fr\/wp-json\/wp\/v2\/comfabric?post=5643357"},{"taxonomy":"manufacturer","embeddable":true,"href":"https:\/\/theinvisiblecollection.com\/fr\/wp-json\/wp\/v2\/manufacturer?post=5643357"},{"taxonomy":"reporting_designer","embeddable":true,"href":"https:\/\/theinvisiblecollection.com\/fr\/wp-json\/wp\/v2\/reporting_designer?post=5643357"},{"taxonomy":"samplecomfabric","embeddable":true,"href":"https:\/\/theinvisiblecollection.com\/fr\/wp-json\/wp\/v2\/samplecomfabric?post=5643357"},{"taxonomy":"clubroom_product_designer","embeddable":true,"href":"https:\/\/theinvisiblecollection.com\/fr\/wp-json\/wp\/v2\/designer_clubroom?post=5643357"}],"curies":[{"name":"wp","href":"https:\/\/api.w.org\/{rel}","templated":true}]}}