{"id":5655613,"date":"2024-10-21T17:02:22","date_gmt":"2024-10-21T17:02:22","guid":{"rendered":"https:\/\/theinvisiblecollection.com\/?post_type=product&#038;p=5655613"},"modified":"2026-05-01T07:37:31","modified_gmt":"2026-05-01T07:37:31","slug":"noe-duchaufour-lawrance-fauteuil-ancrage-bois","status":"publish","type":"product","link":"https:\/\/theinvisiblecollection.com\/fr\/produit\/noe-duchaufour-lawrance-fauteuil-ancrage-bois\/","title":{"rendered":"Fauteuil Ancrage Bois"},"content":{"rendered":"<p><span class=\"TextRun SCXW212976085 BCX0\" lang=\"FR-FR\" xml:lang=\"FR-FR\" data-contrast=\"auto\"><span class=\"NormalTextRun SCXW212976085 BCX0\">Le fauteuil <\/span><span class=\"NormalTextRun SCXW212976085 BCX0\">Ancrage de No\u00e9 <\/span><span class=\"NormalTextRun SCXW212976085 BCX0\">Duchaufour-Lawr<\/span><span class=\"NormalTextRun SCXW212976085 BCX0\">a<\/span><span class=\"NormalTextRun SCXW212976085 BCX0\">nce<\/span><span class=\"NormalTextRun SCXW212976085 BCX0\"> exprime l\u2019harmonie g\u00e9om\u00e9trique. <\/span><span class=\"NormalTextRun SCXW212976085 BCX0\">Les lignes verticales et horizontales se connectent dans des intersections soulign\u00e9es. La clart\u00e9 radicale de leur conception rend un hommage subtil \u00e0 <\/span><span class=\"NormalTextRun SCXW212976085 BCX0\">Rietveld<\/span><span class=\"NormalTextRun SCXW212976085 BCX0\"> et au brutalisme.<\/span><\/span><span class=\"LineBreakBlob BlobObject DragDrop SCXW212976085 BCX0\"><span class=\"SCXW212976085 BCX0\">\u00a0<\/span><br class=\"SCXW212976085 BCX0\" \/><\/span><\/p>\n","protected":false},"excerpt":{"rendered":"<p>Le fauteuil Ancrage de No\u00e9 Duchaufour-Lawrance exprime l\u2019harmonie g\u00e9om\u00e9trique. Les lignes verticales et horizontales se connectent dans des intersections soulign\u00e9es. La clart\u00e9 radicale de leur conception rend un hommage subtil \u00e0 Rietveld et au brutalisme.\u00a0<\/p>\n","protected":false},"featured_media":5826037,"template":"","meta":{"_acf_changed":false,"content-type":"","_themeisle_gutenberg_block_has_review":false},"product_brand":[],"product_cat":[8945,12499],"product_tag":[],"product_designer":[18423],"comfabric":[],"manufacturer":[31915],"reporting_designer":[37745],"samplecomfabric":[],"designer_clubroom":[],"class_list":{"0":"post-5655613","1":"product","2":"type-product","3":"status-publish","4":"has-post-thumbnail","6":"product_cat-fauteuils","7":"product_cat-assises","8":"product_designer-noe-duchaufour-lawrance-fr","9":"manufacturer-atelier-souchet-pick-up-ndl-fr","10":"reporting_designer-noe-duchaufour-lawrance","12":"first","13":"instock","14":"taxable","15":"shipping-taxable","16":"purchasable","17":"product-type-variable"},"acf":[],"_links":{"self":[{"href":"https:\/\/theinvisiblecollection.com\/fr\/wp-json\/wp\/v2\/product\/5655613","targetHints":{"allow":["GET"]}}],"collection":[{"href":"https:\/\/theinvisiblecollection.com\/fr\/wp-json\/wp\/v2\/product"}],"about":[{"href":"https:\/\/theinvisiblecollection.com\/fr\/wp-json\/wp\/v2\/types\/product"}],"wp:featuredmedia":[{"embeddable":true,"href":"https:\/\/theinvisiblecollection.com\/fr\/wp-json\/wp\/v2\/media\/5826037"}],"wp:attachment":[{"href":"https:\/\/theinvisiblecollection.com\/fr\/wp-json\/wp\/v2\/media?parent=5655613"}],"wp:term":[{"taxonomy":"product_brand","embeddable":true,"href":"https:\/\/theinvisiblecollection.com\/fr\/wp-json\/wp\/v2\/product_brand?post=5655613"},{"taxonomy":"product_cat","embeddable":true,"href":"https:\/\/theinvisiblecollection.com\/fr\/wp-json\/wp\/v2\/product_cat?post=5655613"},{"taxonomy":"product_tag","embeddable":true,"href":"https:\/\/theinvisiblecollection.com\/fr\/wp-json\/wp\/v2\/product_tag?post=5655613"},{"taxonomy":"product_designer","embeddable":true,"href":"https:\/\/theinvisiblecollection.com\/fr\/wp-json\/wp\/v2\/product_designer?post=5655613"},{"taxonomy":"comfabric","embeddable":true,"href":"https:\/\/theinvisiblecollection.com\/fr\/wp-json\/wp\/v2\/comfabric?post=5655613"},{"taxonomy":"manufacturer","embeddable":true,"href":"https:\/\/theinvisiblecollection.com\/fr\/wp-json\/wp\/v2\/manufacturer?post=5655613"},{"taxonomy":"reporting_designer","embeddable":true,"href":"https:\/\/theinvisiblecollection.com\/fr\/wp-json\/wp\/v2\/reporting_designer?post=5655613"},{"taxonomy":"samplecomfabric","embeddable":true,"href":"https:\/\/theinvisiblecollection.com\/fr\/wp-json\/wp\/v2\/samplecomfabric?post=5655613"},{"taxonomy":"clubroom_product_designer","embeddable":true,"href":"https:\/\/theinvisiblecollection.com\/fr\/wp-json\/wp\/v2\/designer_clubroom?post=5655613"}],"curies":[{"name":"wp","href":"https:\/\/api.w.org\/{rel}","templated":true}]}}