{"id":5661219,"date":"2024-10-17T09:56:52","date_gmt":"2024-10-17T09:56:52","guid":{"rendered":"https:\/\/theinvisiblecollection.com\/?post_type=product&#038;p=5661219"},"modified":"2026-05-01T07:37:31","modified_gmt":"2026-05-01T07:37:31","slug":"canape-modulable-lagoon-i-ii","status":"publish","type":"product","link":"https:\/\/theinvisiblecollection.com\/fr\/produit\/canape-modulable-lagoon-i-ii\/","title":{"rendered":"Canap\u00e9 Modulable Lagoon I + I I"},"content":{"rendered":"<p style=\"text-align: justify;\"><span class=\"TextRun SCXW61963942 BCX8\" lang=\"EN-US\" xml:lang=\"EN-US\" data-contrast=\"auto\"><span class=\"NormalTextRun SCXW61963942 BCX8\">Le Lagoon Sofa de Rebecca <\/span><span class=\"NormalTextRun SCXW61963942 BCX8\">K\u00f6rner<\/span> <span class=\"NormalTextRun SpellingErrorV2Themed SCXW61963942 BCX8\">est<\/span> <span class=\"NormalTextRun SpellingErrorV2Themed SCXW61963942 BCX8\">une<\/span><span class=\"NormalTextRun SCXW61963942 BCX8\"> invitation \u00e0 <\/span><span class=\"NormalTextRun SpellingErrorV2Themed SCXW61963942 BCX8\">savourer<\/span><span class=\"NormalTextRun SCXW61963942 BCX8\"> de <\/span><span class=\"NormalTextRun SpellingErrorV2Themed SCXW61963942 BCX8\">nouvelles<\/span><span class=\"NormalTextRun SCXW61963942 BCX8\"> fa\u00e7ons de vivre le <\/span><span class=\"NormalTextRun SpellingErrorV2Themed SCXW61963942 BCX8\">confort<\/span><span class=\"NormalTextRun SCXW61963942 BCX8\">. <\/span><span class=\"NormalTextRun SpellingErrorV2Themed SCXW61963942 BCX8\">Ses<\/span> <span class=\"NormalTextRun SpellingErrorV2Themed SCXW61963942 BCX8\">lignes<\/span> <span class=\"NormalTextRun SpellingErrorV2Themed SCXW61963942 BCX8\">voluptueuses<\/span><span class=\"NormalTextRun SCXW61963942 BCX8\"> et <\/span><span class=\"NormalTextRun SpellingErrorV2Themed SCXW61963942 BCX8\">confortables<\/span> <span class=\"NormalTextRun SpellingErrorV2Themed SCXW61963942 BCX8\">sont<\/span><span class=\"NormalTextRun SCXW61963942 BCX8\"> le <\/span><span class=\"NormalTextRun SpellingErrorV2Themed SCXW61963942 BCX8\">r\u00e9sultat<\/span><span class=\"NormalTextRun SCXW61963942 BCX8\"> de <\/span><span class=\"NormalTextRun SpellingErrorV2Themed SCXW61963942 BCX8\">l\u2019association<\/span><span class=\"NormalTextRun SCXW61963942 BCX8\"> de <\/span><span class=\"NormalTextRun SpellingErrorV2Themed SCXW61963942 BCX8\">pi\u00e8ces<\/span> <span class=\"NormalTextRun SpellingErrorV2Themed SCXW61963942 BCX8\">modulaires<\/span><span class=\"NormalTextRun SCXW61963942 BCX8\">. <\/span><span class=\"NormalTextRun SpellingErrorV2Themed SCXW61963942 BCX8\">Utilis\u00e9s<\/span><span class=\"NormalTextRun SCXW61963942 BCX8\"> seuls <\/span><span class=\"NormalTextRun SpellingErrorV2Themed SCXW61963942 BCX8\">ou<\/span> <span class=\"NormalTextRun SpellingErrorV2Themed SCXW61963942 BCX8\">associ\u00e9s<\/span><span class=\"NormalTextRun SCXW61963942 BCX8\"> pour varier les <\/span><span class=\"NormalTextRun SpellingErrorV2Themed SCXW61963942 BCX8\">agencements<\/span><span class=\"NormalTextRun SCXW61963942 BCX8\">, les <\/span><span class=\"NormalTextRun SpellingErrorV2Themed SCXW61963942 BCX8\">diff\u00e9rents<\/span> <span class=\"NormalTextRun SpellingErrorV2Themed SCXW61963942 BCX8\">\u00e9l\u00e9ments<\/span><span class=\"NormalTextRun SCXW61963942 BCX8\"> de <\/span><span class=\"NormalTextRun SpellingErrorV2Themed SCXW61963942 BCX8\">ce<\/span><span class=\"NormalTextRun SCXW61963942 BCX8\"> canap\u00e9 <\/span><span class=\"NormalTextRun SpellingErrorV2Themed SCXW61963942 BCX8\">s\u2019adaptent<\/span><span class=\"NormalTextRun SCXW61963942 BCX8\"> \u00e0 <\/span><span class=\"NormalTextRun SpellingErrorV2Themed SCXW61963942 BCX8\">tous<\/span><span class=\"NormalTextRun SCXW61963942 BCX8\"> les <\/span><span class=\"NormalTextRun SpellingErrorV2Themed SCXW61963942 BCX8\">sc\u00e9narios<\/span><span class=\"NormalTextRun SCXW61963942 BCX8\"> de la vie <\/span><span class=\"NormalTextRun SpellingErrorV2Themed SCXW61963942 BCX8\">quotidienne<\/span><span class=\"NormalTextRun SCXW61963942 BCX8\">.\u00a0 <\/span><span class=\"NormalTextRun SpellingErrorV2Themed SCXW61963942 BCX8\">Somptueux<\/span><span class=\"NormalTextRun SCXW61963942 BCX8\"> et <\/span><span class=\"NormalTextRun SpellingErrorV2Themed SCXW61963942 BCX8\">\u00e9tonnant<\/span><span class=\"NormalTextRun SCXW61963942 BCX8\"> \u00e0 la <\/span><span class=\"NormalTextRun SpellingErrorV2Themed SCXW61963942 BCX8\">fois<\/span><span class=\"NormalTextRun SCXW61963942 BCX8\"> avec <\/span><span class=\"NormalTextRun SpellingErrorV2Themed SCXW61963942 BCX8\">ses<\/span> <span class=\"NormalTextRun SpellingErrorV2Themed SCXW61963942 BCX8\">formes<\/span> <span class=\"NormalTextRun SpellingErrorV2Themed SCXW61963942 BCX8\">organiques<\/span><span class=\"NormalTextRun SCXW61963942 BCX8\"> et <\/span><span class=\"NormalTextRun SpellingErrorV2Themed SCXW61963942 BCX8\">sculpturales<\/span><span class=\"NormalTextRun SCXW61963942 BCX8\">, le canap\u00e9 Lagoon <\/span><span class=\"NormalTextRun SpellingErrorV2Themed SCXW61963942 BCX8\">r\u00e9interpr\u00e8te<\/span> <span class=\"NormalTextRun SpellingErrorV2Themed SCXW61963942 BCX8\">l&#8217;essence<\/span> <span class=\"NormalTextRun SpellingErrorV2Themed SCXW61963942 BCX8\">m\u00eame<\/span><span class=\"NormalTextRun SCXW61963942 BCX8\"> de <\/span><span class=\"NormalTextRun SpellingErrorV2Themed SCXW61963942 BCX8\">notre<\/span><span class=\"NormalTextRun SCXW61963942 BCX8\"> mode de vie. Une <\/span><span class=\"NormalTextRun SpellingErrorV2Themed SCXW61963942 BCX8\">cr\u00e9ation<\/span> <span class=\"NormalTextRun SpellingErrorV2Themed SCXW61963942 BCX8\">subtile<\/span><span class=\"NormalTextRun SCXW61963942 BCX8\"> qui <\/span><span class=\"NormalTextRun SpellingErrorV2Themed SCXW61963942 BCX8\">s&#8217;int\u00e8gre<\/span> <span class=\"NormalTextRun SpellingErrorV2Themed SCXW61963942 BCX8\">aussi<\/span><span class=\"NormalTextRun SCXW61963942 BCX8\"> bien dans les <\/span><span class=\"NormalTextRun SpellingErrorV2Themed SCXW61963942 BCX8\">int\u00e9rieurs<\/span> <span class=\"NormalTextRun SpellingErrorV2Themed SCXW61963942 BCX8\">classiques<\/span><span class=\"NormalTextRun SCXW61963942 BCX8\"> que <\/span><span class=\"NormalTextRun SpellingErrorV2Themed SCXW61963942 BCX8\">contemporains<\/span><span class=\"NormalTextRun SCXW61963942 BCX8\">, <\/span><span class=\"NormalTextRun SpellingErrorV2Themed SCXW61963942 BCX8\">associ\u00e9e<\/span><span class=\"NormalTextRun SCXW61963942 BCX8\"> \u00e0 <\/span><span class=\"NormalTextRun SpellingErrorV2Themed SCXW61963942 BCX8\">l\u2019envie<\/span><span class=\"NormalTextRun SCXW61963942 BCX8\"> de <\/span><span class=\"NormalTextRun SpellingErrorV2Themed SCXW61963942 BCX8\">segmenter<\/span> <span class=\"NormalTextRun SpellingErrorV2Themed SCXW61963942 BCX8\">ou<\/span><span class=\"NormalTextRun SCXW61963942 BCX8\"> de <\/span><span class=\"NormalTextRun SpellingErrorV2Themed SCXW61963942 BCX8\">regrouper<\/span><span class=\"NormalTextRun SCXW61963942 BCX8\"> les <\/span><span class=\"NormalTextRun SpellingErrorV2Themed SCXW61963942 BCX8\">diff\u00e9rents<\/span> <span class=\"NormalTextRun SpellingErrorV2Themed SCXW61963942 BCX8\">\u00e9l\u00e9ments<\/span><span class=\"NormalTextRun SCXW61963942 BCX8\">.<\/span><\/span><span class=\"EOP SCXW61963942 BCX8\" data-ccp-props=\"{}\">\u00a0<\/span><\/p>\n","protected":false},"excerpt":{"rendered":"<p>Le Lagoon Sofa de Rebecca K\u00f6rner est une invitation \u00e0 savourer de nouvelles fa\u00e7ons de vivre le confort. Ses lignes voluptueuses et confortables sont le r\u00e9sultat de l\u2019association de pi\u00e8ces modulaires. Utilis\u00e9s seuls ou associ\u00e9s pour varier les agencements, les diff\u00e9rents \u00e9l\u00e9ments de ce canap\u00e9 s\u2019adaptent \u00e0 tous les sc\u00e9narios de la vie quotidienne.\u00a0 Somptueux [&hellip;]<\/p>\n","protected":false},"featured_media":5655065,"template":"","meta":{"_acf_changed":false,"content-type":"","_themeisle_gutenberg_block_has_review":false},"product_brand":[],"product_cat":[8976,12499],"product_tag":[],"product_designer":[12048],"comfabric":[35165],"manufacturer":[22718],"reporting_designer":[37235],"samplecomfabric":[35167],"designer_clubroom":[],"class_list":{"0":"post-5661219","1":"product","2":"type-product","3":"status-publish","4":"has-post-thumbnail","6":"product_cat-canapes","7":"product_cat-assises","8":"product_designer-korner-interiors-fr","9":"comfabric-krner-interiors-com-address-fr","10":"manufacturer-krner-wimbledon-fr","11":"reporting_designer-korner-interiors","12":"samplecomfabric-krner-interiors-com-address-fr","14":"first","15":"instock","16":"taxable","17":"shipping-taxable","18":"purchasable","19":"product-type-variable"},"acf":[],"_links":{"self":[{"href":"https:\/\/theinvisiblecollection.com\/fr\/wp-json\/wp\/v2\/product\/5661219","targetHints":{"allow":["GET"]}}],"collection":[{"href":"https:\/\/theinvisiblecollection.com\/fr\/wp-json\/wp\/v2\/product"}],"about":[{"href":"https:\/\/theinvisiblecollection.com\/fr\/wp-json\/wp\/v2\/types\/product"}],"wp:featuredmedia":[{"embeddable":true,"href":"https:\/\/theinvisiblecollection.com\/fr\/wp-json\/wp\/v2\/media\/5655065"}],"wp:attachment":[{"href":"https:\/\/theinvisiblecollection.com\/fr\/wp-json\/wp\/v2\/media?parent=5661219"}],"wp:term":[{"taxonomy":"product_brand","embeddable":true,"href":"https:\/\/theinvisiblecollection.com\/fr\/wp-json\/wp\/v2\/product_brand?post=5661219"},{"taxonomy":"product_cat","embeddable":true,"href":"https:\/\/theinvisiblecollection.com\/fr\/wp-json\/wp\/v2\/product_cat?post=5661219"},{"taxonomy":"product_tag","embeddable":true,"href":"https:\/\/theinvisiblecollection.com\/fr\/wp-json\/wp\/v2\/product_tag?post=5661219"},{"taxonomy":"product_designer","embeddable":true,"href":"https:\/\/theinvisiblecollection.com\/fr\/wp-json\/wp\/v2\/product_designer?post=5661219"},{"taxonomy":"comfabric","embeddable":true,"href":"https:\/\/theinvisiblecollection.com\/fr\/wp-json\/wp\/v2\/comfabric?post=5661219"},{"taxonomy":"manufacturer","embeddable":true,"href":"https:\/\/theinvisiblecollection.com\/fr\/wp-json\/wp\/v2\/manufacturer?post=5661219"},{"taxonomy":"reporting_designer","embeddable":true,"href":"https:\/\/theinvisiblecollection.com\/fr\/wp-json\/wp\/v2\/reporting_designer?post=5661219"},{"taxonomy":"samplecomfabric","embeddable":true,"href":"https:\/\/theinvisiblecollection.com\/fr\/wp-json\/wp\/v2\/samplecomfabric?post=5661219"},{"taxonomy":"clubroom_product_designer","embeddable":true,"href":"https:\/\/theinvisiblecollection.com\/fr\/wp-json\/wp\/v2\/designer_clubroom?post=5661219"}],"curies":[{"name":"wp","href":"https:\/\/api.w.org\/{rel}","templated":true}]}}