{"id":5673018,"date":"2024-10-21T14:22:14","date_gmt":"2024-10-21T14:22:14","guid":{"rendered":"https:\/\/theinvisiblecollection.com\/?post_type=product&#038;p=5673018"},"modified":"2026-05-01T07:37:28","modified_gmt":"2026-05-01T07:37:28","slug":"goossens-lustre-dream-catcher-grand","status":"publish","type":"product","link":"https:\/\/theinvisiblecollection.com\/fr\/produit\/goossens-lustre-dream-catcher-grand\/","title":{"rendered":"Lustre Dream Catcher Grand"},"content":{"rendered":"<p><span class=\"TextRun SCXW163349156 BCX0\" lang=\"FR-FR\" xml:lang=\"FR-FR\" data-contrast=\"none\"><span class=\"NormalTextRun SCXW163349156 BCX0\">La Collection <\/span><span class=\"NormalTextRun SpellingErrorV2Themed SCXW163349156 BCX0\">Dreamcatcher<\/span><span class=\"NormalTextRun SCXW163349156 BCX0\"> se compose d\u2019un lustre. <\/span><\/span><span class=\"TextRun SCXW163349156 BCX0\" lang=\"FR-FR\" xml:lang=\"FR-FR\" data-contrast=\"none\"><span class=\"NormalTextRun SCXW163349156 BCX0\">Ce lustre est bien plus qu&#8217;un simple luminaire ; c&#8217;est une v\u00e9ritable for\u00eat de symboles suspendue dans les airs. <\/span><\/span><span class=\"TextRun SCXW163349156 BCX0\" lang=\"FR-FR\" xml:lang=\"FR-FR\" data-contrast=\"none\"><span class=\"NormalTextRun SCXW163349156 BCX0\">Inspir\u00e9 des talismans Goossens, il \u00e9voque la nature avec ses pins maritimes, tr\u00e8fles porte-bonheur, lianes entrem\u00eal\u00e9es et arabesques organiques qui semblent flotter dans l&#8217;espace. Pour ajouter une touche mystique, des cristaux de roche aux inclusions uniques ornent la composition, cr\u00e9ant des jeux de lumi\u00e8re myst\u00e9rieux et enchanteurs. <\/span><\/span><span class=\"TextRun SCXW163349156 BCX0\" lang=\"FR-FR\" xml:lang=\"FR-FR\" data-contrast=\"none\"><span class=\"NormalTextRun SCXW163349156 BCX0\">Ce lustre est une ode \u00e0 la nature et au raffinement, parfait pour magnifier tout int\u00e9rieur.<\/span><\/span><span class=\"EOP SCXW163349156 BCX0\" data-ccp-props=\"{&quot;335551550&quot;:2,&quot;335551620&quot;:2}\">\u00a0<\/span><\/p>\n","protected":false},"excerpt":{"rendered":"<p>La Collection Dreamcatcher se compose d\u2019un lustre. Ce lustre est bien plus qu&#8217;un simple luminaire ; c&#8217;est une v\u00e9ritable for\u00eat de symboles suspendue dans les airs. Inspir\u00e9 des talismans Goossens, il \u00e9voque la nature avec ses pins maritimes, tr\u00e8fles porte-bonheur, lianes entrem\u00eal\u00e9es et arabesques organiques qui semblent flotter dans l&#8217;espace. Pour ajouter une touche mystique, [&hellip;]<\/p>\n","protected":false},"featured_media":5673083,"template":"","meta":{"_acf_changed":false,"content-type":"","_themeisle_gutenberg_block_has_review":false},"product_brand":[],"product_cat":[8961,12507],"product_tag":[35206],"product_designer":[8928],"comfabric":[],"manufacturer":[],"reporting_designer":[37524],"samplecomfabric":[],"designer_clubroom":[],"class_list":{"0":"post-5673018","1":"product","2":"type-product","3":"status-publish","4":"has-post-thumbnail","6":"product_cat-suspensions","7":"product_cat-luminaires","8":"product_tag-exclusive-fr","9":"product_designer-goossens-fr","10":"reporting_designer-goossens","12":"first","13":"instock","14":"taxable","15":"shipping-taxable","16":"purchasable","17":"product-type-simple"},"acf":[],"_links":{"self":[{"href":"https:\/\/theinvisiblecollection.com\/fr\/wp-json\/wp\/v2\/product\/5673018","targetHints":{"allow":["GET"]}}],"collection":[{"href":"https:\/\/theinvisiblecollection.com\/fr\/wp-json\/wp\/v2\/product"}],"about":[{"href":"https:\/\/theinvisiblecollection.com\/fr\/wp-json\/wp\/v2\/types\/product"}],"wp:featuredmedia":[{"embeddable":true,"href":"https:\/\/theinvisiblecollection.com\/fr\/wp-json\/wp\/v2\/media\/5673083"}],"wp:attachment":[{"href":"https:\/\/theinvisiblecollection.com\/fr\/wp-json\/wp\/v2\/media?parent=5673018"}],"wp:term":[{"taxonomy":"product_brand","embeddable":true,"href":"https:\/\/theinvisiblecollection.com\/fr\/wp-json\/wp\/v2\/product_brand?post=5673018"},{"taxonomy":"product_cat","embeddable":true,"href":"https:\/\/theinvisiblecollection.com\/fr\/wp-json\/wp\/v2\/product_cat?post=5673018"},{"taxonomy":"product_tag","embeddable":true,"href":"https:\/\/theinvisiblecollection.com\/fr\/wp-json\/wp\/v2\/product_tag?post=5673018"},{"taxonomy":"product_designer","embeddable":true,"href":"https:\/\/theinvisiblecollection.com\/fr\/wp-json\/wp\/v2\/product_designer?post=5673018"},{"taxonomy":"comfabric","embeddable":true,"href":"https:\/\/theinvisiblecollection.com\/fr\/wp-json\/wp\/v2\/comfabric?post=5673018"},{"taxonomy":"manufacturer","embeddable":true,"href":"https:\/\/theinvisiblecollection.com\/fr\/wp-json\/wp\/v2\/manufacturer?post=5673018"},{"taxonomy":"reporting_designer","embeddable":true,"href":"https:\/\/theinvisiblecollection.com\/fr\/wp-json\/wp\/v2\/reporting_designer?post=5673018"},{"taxonomy":"samplecomfabric","embeddable":true,"href":"https:\/\/theinvisiblecollection.com\/fr\/wp-json\/wp\/v2\/samplecomfabric?post=5673018"},{"taxonomy":"clubroom_product_designer","embeddable":true,"href":"https:\/\/theinvisiblecollection.com\/fr\/wp-json\/wp\/v2\/designer_clubroom?post=5673018"}],"curies":[{"name":"wp","href":"https:\/\/api.w.org\/{rel}","templated":true}]}}