{"id":5676670,"date":"2024-09-10T00:00:00","date_gmt":"2024-09-10T00:00:00","guid":{"rendered":"https:\/\/theinvisiblecollection.com\/?post_type=product&#038;p=5676670"},"modified":"2026-05-01T07:37:28","modified_gmt":"2026-05-01T07:37:28","slug":"stephen-antonson-suspension-four-arches-fr","status":"publish","type":"product","link":"https:\/\/theinvisiblecollection.com\/fr\/produit\/stephen-antonson-suspension-four-arches-fr\/","title":{"rendered":"Suspension Four Arches"},"content":{"rendered":"<p>Sculpteur\u00a0et\u00a0peintre\u00a0de formation\u00a0classique, Antonson puise\u00a0dans\u00a0ses\u00a0vastes\u00a0connaissances\u00a0artistiques\u00a0pour\u00a0enrichir\u00a0son travail. Chaque\u00a0pi\u00e8ce\u00a0est\u00a0cr\u00e9\u00e9e \u00e0 la main. Il peint\u00a0au\u00a0pinceau\u00a0le\u00a0pl\u00e2tre\u00a0avec des\u00a0couches\u00a0successives,\u00a0puis\u00a0le\u00a0sculpte\u00a0m\u00e9ticuleusement\u00a0et\u00a0le sable\u00a0\u00e0\u00a0plusieurs\u00a0reprises pour\u00a0obtenir\u00a0des\u00a0objets\u00a0d\u2019une\u00a0beaut\u00e9\u00a0surr\u00e9aliste. En plus de ses\u00a0cr\u00e9ations\u00a0personnelles,\u00a0Antonson\u00a0travaille\u00a0\u00e0\u00a0des collaborations\u00a0avec de\u00a0tr\u00e8s\u00a0nombreux\u00a0d\u00e9corateurs\u00a0et designers\u00a0pour\u00a0cr\u00e9er\u00a0des\u00a0pi\u00e8ces\u00a0sur\u00a0mesure.<\/p>\n","protected":false},"excerpt":{"rendered":"<p>Sculpteur\u00a0et\u00a0peintre\u00a0de formation\u00a0classique, Antonson puise\u00a0dans\u00a0ses\u00a0vastes\u00a0connaissances\u00a0artistiques\u00a0pour\u00a0enrichir\u00a0son travail. Chaque\u00a0pi\u00e8ce\u00a0est\u00a0cr\u00e9\u00e9e \u00e0 la main. Il peint\u00a0au\u00a0pinceau\u00a0le\u00a0pl\u00e2tre\u00a0avec des\u00a0couches\u00a0successives,\u00a0puis\u00a0le\u00a0sculpte\u00a0m\u00e9ticuleusement\u00a0et\u00a0le sable\u00a0\u00e0\u00a0plusieurs\u00a0reprises pour\u00a0obtenir\u00a0des\u00a0objets\u00a0d\u2019une\u00a0beaut\u00e9\u00a0surr\u00e9aliste. En plus de ses\u00a0cr\u00e9ations\u00a0personnelles,\u00a0Antonson\u00a0travaille\u00a0\u00e0\u00a0des collaborations\u00a0avec de\u00a0tr\u00e8s\u00a0nombreux\u00a0d\u00e9corateurs\u00a0et designers\u00a0pour\u00a0cr\u00e9er\u00a0des\u00a0pi\u00e8ces\u00a0sur\u00a0mesure.<\/p>\n","protected":false},"featured_media":2745240,"template":"","meta":{"_acf_changed":false,"content-type":"","_themeisle_gutenberg_block_has_review":false},"product_brand":[],"product_cat":[8961,12507],"product_tag":[9446,9728,9785,11671,9048,9200,9237],"product_designer":[11834],"comfabric":[],"manufacturer":[16751],"reporting_designer":[37790],"samplecomfabric":[],"designer_clubroom":[],"class_list":{"0":"post-5676670","1":"product","2":"type-product","3":"status-publish","4":"has-post-thumbnail","6":"product_cat-suspensions","7":"product_cat-luminaires","8":"product_tag-suspension","9":"product_tag-chandelier-fr","10":"product_tag-platre","11":"product_tag-lustre-fr","12":"product_tag-lampe","13":"product_tag-luminaire-fr-2","14":"product_tag-lampe-fr-2","15":"product_designer-stephen-antonson-fr","16":"manufacturer-stephen-antonson-fr","17":"reporting_designer-stephen-antonson","19":"first","20":"instock","21":"taxable","22":"shipping-taxable","23":"purchasable","24":"product-type-variable"},"acf":[],"_links":{"self":[{"href":"https:\/\/theinvisiblecollection.com\/fr\/wp-json\/wp\/v2\/product\/5676670","targetHints":{"allow":["GET"]}}],"collection":[{"href":"https:\/\/theinvisiblecollection.com\/fr\/wp-json\/wp\/v2\/product"}],"about":[{"href":"https:\/\/theinvisiblecollection.com\/fr\/wp-json\/wp\/v2\/types\/product"}],"wp:featuredmedia":[{"embeddable":true,"href":"https:\/\/theinvisiblecollection.com\/fr\/wp-json\/wp\/v2\/media\/2745240"}],"wp:attachment":[{"href":"https:\/\/theinvisiblecollection.com\/fr\/wp-json\/wp\/v2\/media?parent=5676670"}],"wp:term":[{"taxonomy":"product_brand","embeddable":true,"href":"https:\/\/theinvisiblecollection.com\/fr\/wp-json\/wp\/v2\/product_brand?post=5676670"},{"taxonomy":"product_cat","embeddable":true,"href":"https:\/\/theinvisiblecollection.com\/fr\/wp-json\/wp\/v2\/product_cat?post=5676670"},{"taxonomy":"product_tag","embeddable":true,"href":"https:\/\/theinvisiblecollection.com\/fr\/wp-json\/wp\/v2\/product_tag?post=5676670"},{"taxonomy":"product_designer","embeddable":true,"href":"https:\/\/theinvisiblecollection.com\/fr\/wp-json\/wp\/v2\/product_designer?post=5676670"},{"taxonomy":"comfabric","embeddable":true,"href":"https:\/\/theinvisiblecollection.com\/fr\/wp-json\/wp\/v2\/comfabric?post=5676670"},{"taxonomy":"manufacturer","embeddable":true,"href":"https:\/\/theinvisiblecollection.com\/fr\/wp-json\/wp\/v2\/manufacturer?post=5676670"},{"taxonomy":"reporting_designer","embeddable":true,"href":"https:\/\/theinvisiblecollection.com\/fr\/wp-json\/wp\/v2\/reporting_designer?post=5676670"},{"taxonomy":"samplecomfabric","embeddable":true,"href":"https:\/\/theinvisiblecollection.com\/fr\/wp-json\/wp\/v2\/samplecomfabric?post=5676670"},{"taxonomy":"clubroom_product_designer","embeddable":true,"href":"https:\/\/theinvisiblecollection.com\/fr\/wp-json\/wp\/v2\/designer_clubroom?post=5676670"}],"curies":[{"name":"wp","href":"https:\/\/api.w.org\/{rel}","templated":true}]}}