{"id":5676780,"date":"2024-11-21T10:52:51","date_gmt":"2024-11-21T10:52:51","guid":{"rendered":"https:\/\/theinvisiblecollection.com\/?post_type=product&#038;p=5676780"},"modified":"2026-05-01T07:37:28","modified_gmt":"2026-05-01T07:37:28","slug":"dagmar-fauteuil-clam-par-arnold-madsen","status":"publish","type":"product","link":"https:\/\/theinvisiblecollection.com\/fr\/produit\/dagmar-fauteuil-clam-par-arnold-madsen\/","title":{"rendered":"Fauteuil Clam par Arnold Madsen"},"content":{"rendered":"<p style=\"text-align: justify;\"><span data-contrast=\"auto\">Le fauteuil Clam a \u00e9t\u00e9 con\u00e7u en 1944 \u00e0 Copenhague par le tapissier danois Arnold Madsen. Un an plus tard, ce dernier a fond\u00e9 avec l&#8217;\u00e9b\u00e9niste Henry Schubell la soci\u00e9t\u00e9 de meubles Madsen &amp; Schubell, qui proposait alors une assise unique, connue sous le nom de \u00ab Muslingstol \u00bb (fauteuil \u00e0 palourdes), en raison de sa forme singuli\u00e8re. <\/span><span data-contrast=\"auto\">Cette r\u00e9\u00e9dition contemporaine associe des techniques de menuiserie traditionnelles et des technologies modernes, permettant d&#8217;obtenir une cr\u00e9ation authentique d\u2019une qualit\u00e9 exceptionnelle. Aujourd\u2019hui, Dagmar est fier de mettre \u00e0 l\u2019honneur cette ic\u00f4ne du mouvement moderne danois en collaboration avec la succession d&#8217;Arnold Madsen.<\/span><span data-ccp-props=\"{&quot;134233117&quot;:false,&quot;134233118&quot;:false,&quot;335551550&quot;:0,&quot;335551620&quot;:0,&quot;335559738&quot;:240,&quot;335559739&quot;:240}\">\u00a0<\/span><\/p>\n","protected":false},"excerpt":{"rendered":"<p>Le fauteuil Clam a \u00e9t\u00e9 con\u00e7u en 1944 \u00e0 Copenhague par le tapissier danois Arnold Madsen. Un an plus tard, ce dernier a fond\u00e9 avec l&#8217;\u00e9b\u00e9niste Henry Schubell la soci\u00e9t\u00e9 de meubles Madsen &amp; Schubell, qui proposait alors une assise unique, connue sous le nom de \u00ab Muslingstol \u00bb (fauteuil \u00e0 palourdes), en raison de [&hellip;]<\/p>\n","protected":false},"featured_media":5676731,"template":"","meta":{"_acf_changed":false,"content-type":"","_themeisle_gutenberg_block_has_review":false},"product_brand":[],"product_cat":[8945,12499],"product_tag":[31477,35326,11235,14925,22790,31474],"product_designer":[17681,32516],"comfabric":[32520],"manufacturer":[32518],"reporting_designer":[37466,37780],"samplecomfabric":[32522],"designer_clubroom":[],"class_list":{"0":"post-5676780","1":"product","2":"type-product","3":"status-publish","4":"has-post-thumbnail","6":"product_cat-fauteuils","7":"product_cat-assises","8":"product_tag-st-curvy-fr","9":"product_tag-st-scandinavian-fr","10":"product_tag-reedition-fr-fr","11":"product_tag-hpfav-fr","12":"product_tag-disponible-immediatement","13":"product_tag-co-white-fr","14":"product_designer-dagmar-fr","15":"product_designer-arnold-madsen-fr","16":"comfabric-dagmar-atelier-sweden-fr","17":"manufacturer-dagmar-atelier-sweden-fr","18":"reporting_designer-dagmar","19":"reporting_designer-arnold-madsen","20":"samplecomfabric-dagmar-atelier-sweden-fr","21":"exhibitions-londres-fr","23":"first","24":"instock","25":"taxable","26":"shipping-taxable","27":"product-type-variable"},"acf":[],"_links":{"self":[{"href":"https:\/\/theinvisiblecollection.com\/fr\/wp-json\/wp\/v2\/product\/5676780","targetHints":{"allow":["GET"]}}],"collection":[{"href":"https:\/\/theinvisiblecollection.com\/fr\/wp-json\/wp\/v2\/product"}],"about":[{"href":"https:\/\/theinvisiblecollection.com\/fr\/wp-json\/wp\/v2\/types\/product"}],"wp:featuredmedia":[{"embeddable":true,"href":"https:\/\/theinvisiblecollection.com\/fr\/wp-json\/wp\/v2\/media\/5676731"}],"wp:attachment":[{"href":"https:\/\/theinvisiblecollection.com\/fr\/wp-json\/wp\/v2\/media?parent=5676780"}],"wp:term":[{"taxonomy":"product_brand","embeddable":true,"href":"https:\/\/theinvisiblecollection.com\/fr\/wp-json\/wp\/v2\/product_brand?post=5676780"},{"taxonomy":"product_cat","embeddable":true,"href":"https:\/\/theinvisiblecollection.com\/fr\/wp-json\/wp\/v2\/product_cat?post=5676780"},{"taxonomy":"product_tag","embeddable":true,"href":"https:\/\/theinvisiblecollection.com\/fr\/wp-json\/wp\/v2\/product_tag?post=5676780"},{"taxonomy":"product_designer","embeddable":true,"href":"https:\/\/theinvisiblecollection.com\/fr\/wp-json\/wp\/v2\/product_designer?post=5676780"},{"taxonomy":"comfabric","embeddable":true,"href":"https:\/\/theinvisiblecollection.com\/fr\/wp-json\/wp\/v2\/comfabric?post=5676780"},{"taxonomy":"manufacturer","embeddable":true,"href":"https:\/\/theinvisiblecollection.com\/fr\/wp-json\/wp\/v2\/manufacturer?post=5676780"},{"taxonomy":"reporting_designer","embeddable":true,"href":"https:\/\/theinvisiblecollection.com\/fr\/wp-json\/wp\/v2\/reporting_designer?post=5676780"},{"taxonomy":"samplecomfabric","embeddable":true,"href":"https:\/\/theinvisiblecollection.com\/fr\/wp-json\/wp\/v2\/samplecomfabric?post=5676780"},{"taxonomy":"clubroom_product_designer","embeddable":true,"href":"https:\/\/theinvisiblecollection.com\/fr\/wp-json\/wp\/v2\/designer_clubroom?post=5676780"}],"curies":[{"name":"wp","href":"https:\/\/api.w.org\/{rel}","templated":true}]}}