{"id":5677162,"date":"2024-11-18T09:22:55","date_gmt":"2024-11-18T09:22:55","guid":{"rendered":"https:\/\/theinvisiblecollection.com\/?post_type=product&#038;p=5677162"},"modified":"2026-05-01T07:37:28","modified_gmt":"2026-05-01T07:37:28","slug":"dagmar-ottoman-luupo","status":"publish","type":"product","link":"https:\/\/theinvisiblecollection.com\/fr\/produit\/dagmar-ottoman-luupo\/","title":{"rendered":"Ottoman Luupo"},"content":{"rendered":"<p style=\"text-align: justify;\"><span class=\"TextRun SCXW11076596 BCX8\" lang=\"FR-FR\" xml:lang=\"FR-FR\" data-contrast=\"auto\"><span class=\"NormalTextRun SCXW11076596 BCX8\">L&#8217;ottoman<\/span> <span class=\"NormalTextRun SpellingErrorV2Themed SCXW11076596 BCX8\">Luupo<\/span><span class=\"NormalTextRun SCXW11076596 BCX8\"> de <\/span><span class=\"NormalTextRun SpellingErrorV2Themed SCXW11076596 BCX8\">Dagmar<\/span><span class=\"NormalTextRun SCXW11076596 BCX8\"> Studio <\/span><span class=\"NormalTextRun SCXW11076596 BCX8\">offre<\/span> <span class=\"NormalTextRun SCXW11076596 BCX8\">une<\/span> <span class=\"NormalTextRun SCXW11076596 BCX8\">option<\/span> <span class=\"NormalTextRun SCXW11076596 BCX8\">d&#8217;assise<\/span> <span class=\"NormalTextRun SCXW11076596 BCX8\">polyvalente<\/span><span class=\"NormalTextRun SCXW11076596 BCX8\"> et <\/span><span class=\"NormalTextRun SCXW11076596 BCX8\">sophistiqu\u00e9e<\/span><span class=\"NormalTextRun SCXW11076596 BCX8\"> pour tout <\/span><span class=\"NormalTextRun SCXW11076596 BCX8\">int\u00e9rieur<\/span><span class=\"NormalTextRun SCXW11076596 BCX8\"> contemporain. Sa <\/span><span class=\"NormalTextRun SCXW11076596 BCX8\">forme<\/span><span class=\"NormalTextRun SCXW11076596 BCX8\"> ronde et <\/span><span class=\"NormalTextRun SCXW11076596 BCX8\">accueillante<\/span><span class=\"NormalTextRun SCXW11076596 BCX8\"> repose sur des <\/span><span class=\"NormalTextRun SCXW11076596 BCX8\">pieds<\/span><span class=\"NormalTextRun SCXW11076596 BCX8\"> boules <\/span><span class=\"NormalTextRun SCXW11076596 BCX8\">en<\/span> <span class=\"NormalTextRun SCXW11076596 BCX8\">ch\u00eane<\/span> <span class=\"NormalTextRun SCXW11076596 BCX8\">ou<\/span> <span class=\"NormalTextRun SCXW11076596 BCX8\">en<\/span> <span class=\"NormalTextRun SCXW11076596 BCX8\">noyer<\/span><span class=\"NormalTextRun SCXW11076596 BCX8\"> massifs, <\/span><span class=\"NormalTextRun SCXW11076596 BCX8\">offrant<\/span> <span class=\"NormalTextRun SCXW11076596 BCX8\">une<\/span> <span class=\"NormalTextRun SCXW11076596 BCX8\">vari\u00e9t\u00e9<\/span><span class=\"NormalTextRun SCXW11076596 BCX8\"> de <\/span><span class=\"NormalTextRun SCXW11076596 BCX8\">finitions<\/span><span class=\"NormalTextRun SCXW11076596 BCX8\"> qui <\/span><span class=\"NormalTextRun SCXW11076596 BCX8\">s\u2019harmonisent<\/span><span class=\"NormalTextRun SCXW11076596 BCX8\"> avec <\/span><span class=\"NormalTextRun SCXW11076596 BCX8\">diff\u00e9rents<\/span><span class=\"NormalTextRun SCXW11076596 BCX8\"> styles<\/span><span class=\"NormalTextRun SCXW11076596 BCX8\">.\u00a0 <\/span><span class=\"NormalTextRun SpellingErrorV2Themed SCXW11076596 BCX8\">Luupo<\/span><span class=\"NormalTextRun SCXW11076596 BCX8\"> se <\/span><span class=\"NormalTextRun SCXW11076596 BCX8\">d\u00e9cline<\/span> <span class=\"NormalTextRun SCXW11076596 BCX8\">en<\/span><span class=\"NormalTextRun SCXW11076596 BCX8\"> deux <\/span><span class=\"NormalTextRun SCXW11076596 BCX8\">hauteurs<\/span><span class=\"NormalTextRun SCXW11076596 BCX8\"> : la version Low (40 cm), <\/span><span class=\"NormalTextRun SCXW11076596 BCX8\">id\u00e9ale<\/span><span class=\"NormalTextRun SCXW11076596 BCX8\"> pour <\/span><span class=\"NormalTextRun SCXW11076596 BCX8\">servir<\/span><span class=\"NormalTextRun SCXW11076596 BCX8\"> de pouf <\/span><span class=\"NormalTextRun SCXW11076596 BCX8\">en<\/span> <span class=\"NormalTextRun SCXW11076596 BCX8\">compl\u00e9ment<\/span><span class=\"NormalTextRun SCXW11076596 BCX8\"> d\u2019un fauteuil <\/span><span class=\"NormalTextRun SCXW11076596 BCX8\">ou<\/span><span class=\"NormalTextRun SCXW11076596 BCX8\"> d\u2019un canap\u00e9, et la version High (45 cm), qui se <\/span><span class=\"NormalTextRun SCXW11076596 BCX8\">r\u00e9v\u00e8le<\/span> <span class=\"NormalTextRun SCXW11076596 BCX8\">parfaite<\/span> <span class=\"NormalTextRun SCXW11076596 BCX8\">en<\/span><span class=\"NormalTextRun SCXW11076596 BCX8\"> tant que <\/span><span class=\"NormalTextRun SCXW11076596 BCX8\">si\u00e8ge<\/span> <span class=\"NormalTextRun SCXW11076596 BCX8\">suppl\u00e9mentaire<\/span> <span class=\"NormalTextRun SCXW11076596 BCX8\">ou<\/span> <span class=\"NormalTextRun SCXW11076596 BCX8\">comme<\/span><span class=\"NormalTextRun SCXW11076596 BCX8\"> table <\/span><span class=\"NormalTextRun SCXW11076596 BCX8\">d&#8217;appoint<\/span><span class=\"NormalTextRun SCXW11076596 BCX8\">.\u00a0 <\/span><\/span><span class=\"EOP SCXW11076596 BCX8\" data-ccp-props=\"{}\">\u00a0<\/span><\/p>\n","protected":false},"excerpt":{"rendered":"<p>L&#8217;ottoman Luupo de Dagmar Studio offre une option d&#8217;assise polyvalente et sophistiqu\u00e9e pour tout int\u00e9rieur contemporain. Sa forme ronde et accueillante repose sur des pieds boules en ch\u00eane ou en noyer massifs, offrant une vari\u00e9t\u00e9 de finitions qui s\u2019harmonisent avec diff\u00e9rents styles.\u00a0 Luupo se d\u00e9cline en deux hauteurs : la version Low (40 cm), id\u00e9ale [&hellip;]<\/p>\n","protected":false},"featured_media":5677044,"template":"","meta":{"_acf_changed":false,"content-type":"","_themeisle_gutenberg_block_has_review":false},"product_brand":[],"product_cat":[8969,12499],"product_tag":[11235,31477,35326],"product_designer":[17681],"comfabric":[32520],"manufacturer":[32518],"reporting_designer":[37466],"samplecomfabric":[32522],"designer_clubroom":[],"class_list":{"0":"post-5677162","1":"product","2":"type-product","3":"status-publish","4":"has-post-thumbnail","6":"product_cat-ottomans-tabourets","7":"product_cat-assises","8":"product_tag-reedition-fr-fr","9":"product_tag-st-curvy-fr","10":"product_tag-st-scandinavian-fr","11":"product_designer-dagmar-fr","12":"comfabric-dagmar-atelier-sweden-fr","13":"manufacturer-dagmar-atelier-sweden-fr","14":"reporting_designer-dagmar","15":"samplecomfabric-dagmar-atelier-sweden-fr","17":"first","18":"instock","19":"taxable","20":"shipping-taxable","21":"product-type-variable"},"acf":[],"_links":{"self":[{"href":"https:\/\/theinvisiblecollection.com\/fr\/wp-json\/wp\/v2\/product\/5677162","targetHints":{"allow":["GET"]}}],"collection":[{"href":"https:\/\/theinvisiblecollection.com\/fr\/wp-json\/wp\/v2\/product"}],"about":[{"href":"https:\/\/theinvisiblecollection.com\/fr\/wp-json\/wp\/v2\/types\/product"}],"wp:featuredmedia":[{"embeddable":true,"href":"https:\/\/theinvisiblecollection.com\/fr\/wp-json\/wp\/v2\/media\/5677044"}],"wp:attachment":[{"href":"https:\/\/theinvisiblecollection.com\/fr\/wp-json\/wp\/v2\/media?parent=5677162"}],"wp:term":[{"taxonomy":"product_brand","embeddable":true,"href":"https:\/\/theinvisiblecollection.com\/fr\/wp-json\/wp\/v2\/product_brand?post=5677162"},{"taxonomy":"product_cat","embeddable":true,"href":"https:\/\/theinvisiblecollection.com\/fr\/wp-json\/wp\/v2\/product_cat?post=5677162"},{"taxonomy":"product_tag","embeddable":true,"href":"https:\/\/theinvisiblecollection.com\/fr\/wp-json\/wp\/v2\/product_tag?post=5677162"},{"taxonomy":"product_designer","embeddable":true,"href":"https:\/\/theinvisiblecollection.com\/fr\/wp-json\/wp\/v2\/product_designer?post=5677162"},{"taxonomy":"comfabric","embeddable":true,"href":"https:\/\/theinvisiblecollection.com\/fr\/wp-json\/wp\/v2\/comfabric?post=5677162"},{"taxonomy":"manufacturer","embeddable":true,"href":"https:\/\/theinvisiblecollection.com\/fr\/wp-json\/wp\/v2\/manufacturer?post=5677162"},{"taxonomy":"reporting_designer","embeddable":true,"href":"https:\/\/theinvisiblecollection.com\/fr\/wp-json\/wp\/v2\/reporting_designer?post=5677162"},{"taxonomy":"samplecomfabric","embeddable":true,"href":"https:\/\/theinvisiblecollection.com\/fr\/wp-json\/wp\/v2\/samplecomfabric?post=5677162"},{"taxonomy":"clubroom_product_designer","embeddable":true,"href":"https:\/\/theinvisiblecollection.com\/fr\/wp-json\/wp\/v2\/designer_clubroom?post=5677162"}],"curies":[{"name":"wp","href":"https:\/\/api.w.org\/{rel}","templated":true}]}}