{"id":5677203,"date":"2024-11-18T09:23:00","date_gmt":"2024-11-18T09:23:00","guid":{"rendered":"https:\/\/theinvisiblecollection.com\/?post_type=product&#038;p=5677203"},"modified":"2026-05-01T07:37:28","modified_gmt":"2026-05-01T07:37:28","slug":"dagmar-fauteuil-ryo-par-hans-hansen-and-son","status":"publish","type":"product","link":"https:\/\/theinvisiblecollection.com\/fr\/produit\/dagmar-fauteuil-ryo-par-hans-hansen-and-son\/","title":{"rendered":"Fauteuil Ryo par Hans Hansen &#038; Son"},"content":{"rendered":"<p style=\"text-align: justify;\"><span class=\"TextRun SCXW206053024 BCX8\" lang=\"EN-US\" xml:lang=\"EN-US\" data-contrast=\"auto\"><span class=\"NormalTextRun SCXW206053024 BCX8\">Le fauteuil Ryo, <\/span><span class=\"NormalTextRun SpellingErrorV2Themed SCXW206053024 BCX8\">produit<\/span><span class=\"NormalTextRun SCXW206053024 BCX8\"> par Dagmar, <\/span><span class=\"NormalTextRun SpellingErrorV2Themed SCXW206053024 BCX8\">est<\/span> <span class=\"NormalTextRun SpellingErrorV2Themed SCXW206053024 BCX8\">une<\/span><span class=\"NormalTextRun SCXW206053024 BCX8\"> nouvelle <\/span><span class=\"NormalTextRun SpellingErrorV2Themed SCXW206053024 BCX8\">\u00e9dition<\/span><span class=\"NormalTextRun SCXW206053024 BCX8\"> d&#8217;un <\/span><span class=\"NormalTextRun SpellingErrorV2Themed SCXW206053024 BCX8\">mod\u00e8le<\/span> <span class=\"NormalTextRun SpellingErrorV2Themed SCXW206053024 BCX8\">cr\u00e9\u00e9<\/span><span class=\"NormalTextRun SCXW206053024 BCX8\"> par les <\/span><span class=\"NormalTextRun SpellingErrorV2Themed SCXW206053024 BCX8\">\u00e9b\u00e9nistes<\/span><span class=\"NormalTextRun SCXW206053024 BCX8\"> Hans Hansen &amp; Son au d\u00e9but des <\/span><span class=\"NormalTextRun SpellingErrorV2Themed SCXW206053024 BCX8\">ann\u00e9es<\/span><span class=\"NormalTextRun SCXW206053024 BCX8\"> 1940 dans <\/span><span class=\"NormalTextRun SpellingErrorV2Themed SCXW206053024 BCX8\">leur<\/span><span class=\"NormalTextRun SCXW206053024 BCX8\"> atelier <\/span><span class=\"NormalTextRun SpellingErrorV2Themed SCXW206053024 BCX8\">d&#8217;Odense<\/span><span class=\"NormalTextRun SCXW206053024 BCX8\">, au <\/span><span class=\"NormalTextRun SpellingErrorV2Themed SCXW206053024 BCX8\">Danemark<\/span><span class=\"NormalTextRun SCXW206053024 BCX8\">. Ryo <\/span><span class=\"NormalTextRun SpellingErrorV2Themed SCXW206053024 BCX8\">incarne<\/span> <span class=\"NormalTextRun SpellingErrorV2Themed SCXW206053024 BCX8\">l&#8217;approche<\/span><span class=\"NormalTextRun SCXW206053024 BCX8\"> \u00e9l\u00e9gante et <\/span><span class=\"NormalTextRun SpellingErrorV2Themed SCXW206053024 BCX8\">minimaliste<\/span><span class=\"NormalTextRun SCXW206053024 BCX8\"> du mobilier <\/span><span class=\"NormalTextRun SpellingErrorV2Themed SCXW206053024 BCX8\">rembourr\u00e9<\/span><span class=\"NormalTextRun SCXW206053024 BCX8\">, <\/span><span class=\"NormalTextRun SpellingErrorV2Themed SCXW206053024 BCX8\">v\u00e9ritable<\/span> <span class=\"NormalTextRun SpellingErrorV2Themed SCXW206053024 BCX8\">symbole<\/span><span class=\"NormalTextRun SCXW206053024 BCX8\"> des <\/span><span class=\"NormalTextRun SpellingErrorV2Themed SCXW206053024 BCX8\">cr\u00e9ations<\/span> <span class=\"NormalTextRun SpellingErrorV2Themed SCXW206053024 BCX8\">danoises<\/span><span class=\"NormalTextRun SCXW206053024 BCX8\"> de <\/span><span class=\"NormalTextRun SpellingErrorV2Themed SCXW206053024 BCX8\">cette<\/span><span class=\"NormalTextRun SCXW206053024 BCX8\"> \u00e9poque. Il <\/span><span class=\"NormalTextRun SpellingErrorV2Themed SCXW206053024 BCX8\">apporte<\/span><span class=\"NormalTextRun SCXW206053024 BCX8\"> un <\/span><span class=\"NormalTextRun SpellingErrorV2Themed SCXW206053024 BCX8\">\u00e9quilibre<\/span> <span class=\"NormalTextRun SpellingErrorV2Themed SCXW206053024 BCX8\">classique<\/span><span class=\"NormalTextRun SCXW206053024 BCX8\"> et raffin\u00e9 aux <\/span><span class=\"NormalTextRun SpellingErrorV2Themed SCXW206053024 BCX8\">int\u00e9rieurs<\/span> <span class=\"NormalTextRun SpellingErrorV2Themed SCXW206053024 BCX8\">contemporains<\/span> <span class=\"NormalTextRun SpellingErrorV2Themed SCXW206053024 BCX8\">d&#8217;aujourd&#8217;hui<\/span><span class=\"NormalTextRun SCXW206053024 BCX8\">.<\/span><\/span><span class=\"EOP SCXW206053024 BCX8\" data-ccp-props=\"{}\">\u00a0<\/span><\/p>\n","protected":false},"excerpt":{"rendered":"<p>Le fauteuil Ryo, produit par Dagmar, est une nouvelle \u00e9dition d&#8217;un mod\u00e8le cr\u00e9\u00e9 par les \u00e9b\u00e9nistes Hans Hansen &amp; Son au d\u00e9but des ann\u00e9es 1940 dans leur atelier d&#8217;Odense, au Danemark. Ryo incarne l&#8217;approche \u00e9l\u00e9gante et minimaliste du mobilier rembourr\u00e9, v\u00e9ritable symbole des cr\u00e9ations danoises de cette \u00e9poque. Il apporte un \u00e9quilibre classique et raffin\u00e9 [&hellip;]<\/p>\n","protected":false},"featured_media":5677176,"template":"","meta":{"_acf_changed":false,"content-type":"","_themeisle_gutenberg_block_has_review":false},"product_brand":[],"product_cat":[8945,12499],"product_tag":[11235,31477,35326],"product_designer":[17681],"comfabric":[],"manufacturer":[32518],"reporting_designer":[37466],"samplecomfabric":[],"designer_clubroom":[],"class_list":{"0":"post-5677203","1":"product","2":"type-product","3":"status-publish","4":"has-post-thumbnail","6":"product_cat-fauteuils","7":"product_cat-assises","8":"product_tag-reedition-fr-fr","9":"product_tag-st-curvy-fr","10":"product_tag-st-scandinavian-fr","11":"pa_fabric-en-blanc-sans-tissu-fr","12":"pa_fabric-pierre-frey-arsene-fr-2","13":"pa_fabric-pierre-frey-tissu-teddy-mohair","14":"pa_fabric-chase-erwin-embrace-fr","15":"pa_fabric-kvadrat-sahco-zero-fr","16":"pa_fabric-skandilock-shearling-fr","17":"pa_fabric-yarn-collective-regent-velvet-fr","18":"product_designer-dagmar-fr","19":"manufacturer-dagmar-atelier-sweden-fr","20":"reporting_designer-dagmar","22":"first","23":"instock","24":"taxable","25":"shipping-taxable","26":"product-type-variable"},"acf":[],"_links":{"self":[{"href":"https:\/\/theinvisiblecollection.com\/fr\/wp-json\/wp\/v2\/product\/5677203","targetHints":{"allow":["GET"]}}],"collection":[{"href":"https:\/\/theinvisiblecollection.com\/fr\/wp-json\/wp\/v2\/product"}],"about":[{"href":"https:\/\/theinvisiblecollection.com\/fr\/wp-json\/wp\/v2\/types\/product"}],"wp:featuredmedia":[{"embeddable":true,"href":"https:\/\/theinvisiblecollection.com\/fr\/wp-json\/wp\/v2\/media\/5677176"}],"wp:attachment":[{"href":"https:\/\/theinvisiblecollection.com\/fr\/wp-json\/wp\/v2\/media?parent=5677203"}],"wp:term":[{"taxonomy":"product_brand","embeddable":true,"href":"https:\/\/theinvisiblecollection.com\/fr\/wp-json\/wp\/v2\/product_brand?post=5677203"},{"taxonomy":"product_cat","embeddable":true,"href":"https:\/\/theinvisiblecollection.com\/fr\/wp-json\/wp\/v2\/product_cat?post=5677203"},{"taxonomy":"product_tag","embeddable":true,"href":"https:\/\/theinvisiblecollection.com\/fr\/wp-json\/wp\/v2\/product_tag?post=5677203"},{"taxonomy":"product_designer","embeddable":true,"href":"https:\/\/theinvisiblecollection.com\/fr\/wp-json\/wp\/v2\/product_designer?post=5677203"},{"taxonomy":"comfabric","embeddable":true,"href":"https:\/\/theinvisiblecollection.com\/fr\/wp-json\/wp\/v2\/comfabric?post=5677203"},{"taxonomy":"manufacturer","embeddable":true,"href":"https:\/\/theinvisiblecollection.com\/fr\/wp-json\/wp\/v2\/manufacturer?post=5677203"},{"taxonomy":"reporting_designer","embeddable":true,"href":"https:\/\/theinvisiblecollection.com\/fr\/wp-json\/wp\/v2\/reporting_designer?post=5677203"},{"taxonomy":"samplecomfabric","embeddable":true,"href":"https:\/\/theinvisiblecollection.com\/fr\/wp-json\/wp\/v2\/samplecomfabric?post=5677203"},{"taxonomy":"clubroom_product_designer","embeddable":true,"href":"https:\/\/theinvisiblecollection.com\/fr\/wp-json\/wp\/v2\/designer_clubroom?post=5677203"}],"curies":[{"name":"wp","href":"https:\/\/api.w.org\/{rel}","templated":true}]}}