{"id":5677220,"date":"2024-11-18T09:23:04","date_gmt":"2024-11-18T09:23:04","guid":{"rendered":"https:\/\/theinvisiblecollection.com\/?post_type=product&#038;p=5677220"},"modified":"2026-05-01T07:37:28","modified_gmt":"2026-05-01T07:37:28","slug":"dagmar-fauteuil-sampo-par-christian-sorensen","status":"publish","type":"product","link":"https:\/\/theinvisiblecollection.com\/fr\/produit\/dagmar-fauteuil-sampo-par-christian-sorensen\/","title":{"rendered":"Fauteuil Sampo par Christian Sorensen"},"content":{"rendered":"<p style=\"text-align: justify;\"><span class=\"TextRun SCXW213974168 BCX8\" lang=\"FR-FR\" xml:lang=\"FR-FR\" data-contrast=\"auto\"><span class=\"NormalTextRun SCXW213974168 BCX8\">Le fauteuil <\/span><span class=\"NormalTextRun SpellingErrorV2Themed SCXW213974168 BCX8\">Sampo<\/span><span class=\"NormalTextRun SCXW213974168 BCX8\">, \u00e9dit\u00e9 par <\/span><span class=\"NormalTextRun SpellingErrorV2Themed SCXW213974168 BCX8\">Dagmar<\/span><span class=\"NormalTextRun SCXW213974168 BCX8\">, est un mod\u00e8le m\u00e9connu qui a vu le jour dans l&#8217;atelier d&#8217;un tapissier peu connu de Copenhague, Christian Sorensen, au d\u00e9but des ann\u00e9es 1940. Sa silhouette fluide et organique est typique des fauteuils modernes danois de la premi\u00e8re p\u00e9riode, tout en conservant une touche contemporaine saisissante. Cette nouvelle \u00e9dition offre un confort et une esth\u00e9tique incroyables.<\/span><\/span><span class=\"EOP SCXW213974168 BCX8\" data-ccp-props=\"{&quot;134233117&quot;:false,&quot;134233118&quot;:false,&quot;335551550&quot;:6,&quot;335551620&quot;:6,&quot;335559738&quot;:0,&quot;335559739&quot;:0}\">\u00a0<\/span><\/p>\n","protected":false},"excerpt":{"rendered":"<p>Le fauteuil Sampo, \u00e9dit\u00e9 par Dagmar, est un mod\u00e8le m\u00e9connu qui a vu le jour dans l&#8217;atelier d&#8217;un tapissier peu connu de Copenhague, Christian Sorensen, au d\u00e9but des ann\u00e9es 1940. Sa silhouette fluide et organique est typique des fauteuils modernes danois de la premi\u00e8re p\u00e9riode, tout en conservant une touche contemporaine saisissante. Cette nouvelle \u00e9dition [&hellip;]<\/p>\n","protected":false},"featured_media":5677213,"template":"","meta":{"_acf_changed":false,"content-type":"","_themeisle_gutenberg_block_has_review":false},"product_brand":[],"product_cat":[8945,12499],"product_tag":[11235,31477,35326],"product_designer":[17681],"comfabric":[32520],"manufacturer":[32518],"reporting_designer":[37466],"samplecomfabric":[32522],"designer_clubroom":[],"class_list":{"0":"post-5677220","1":"product","2":"type-product","3":"status-publish","4":"has-post-thumbnail","6":"product_cat-fauteuils","7":"product_cat-assises","8":"product_tag-reedition-fr-fr","9":"product_tag-st-curvy-fr","10":"product_tag-st-scandinavian-fr","11":"product_designer-dagmar-fr","12":"comfabric-dagmar-atelier-sweden-fr","13":"manufacturer-dagmar-atelier-sweden-fr","14":"reporting_designer-dagmar","15":"samplecomfabric-dagmar-atelier-sweden-fr","16":"exhibitions-londres-fr","18":"first","19":"instock","20":"taxable","21":"shipping-taxable","22":"purchasable","23":"product-type-variable"},"acf":[],"_links":{"self":[{"href":"https:\/\/theinvisiblecollection.com\/fr\/wp-json\/wp\/v2\/product\/5677220","targetHints":{"allow":["GET"]}}],"collection":[{"href":"https:\/\/theinvisiblecollection.com\/fr\/wp-json\/wp\/v2\/product"}],"about":[{"href":"https:\/\/theinvisiblecollection.com\/fr\/wp-json\/wp\/v2\/types\/product"}],"wp:featuredmedia":[{"embeddable":true,"href":"https:\/\/theinvisiblecollection.com\/fr\/wp-json\/wp\/v2\/media\/5677213"}],"wp:attachment":[{"href":"https:\/\/theinvisiblecollection.com\/fr\/wp-json\/wp\/v2\/media?parent=5677220"}],"wp:term":[{"taxonomy":"product_brand","embeddable":true,"href":"https:\/\/theinvisiblecollection.com\/fr\/wp-json\/wp\/v2\/product_brand?post=5677220"},{"taxonomy":"product_cat","embeddable":true,"href":"https:\/\/theinvisiblecollection.com\/fr\/wp-json\/wp\/v2\/product_cat?post=5677220"},{"taxonomy":"product_tag","embeddable":true,"href":"https:\/\/theinvisiblecollection.com\/fr\/wp-json\/wp\/v2\/product_tag?post=5677220"},{"taxonomy":"product_designer","embeddable":true,"href":"https:\/\/theinvisiblecollection.com\/fr\/wp-json\/wp\/v2\/product_designer?post=5677220"},{"taxonomy":"comfabric","embeddable":true,"href":"https:\/\/theinvisiblecollection.com\/fr\/wp-json\/wp\/v2\/comfabric?post=5677220"},{"taxonomy":"manufacturer","embeddable":true,"href":"https:\/\/theinvisiblecollection.com\/fr\/wp-json\/wp\/v2\/manufacturer?post=5677220"},{"taxonomy":"reporting_designer","embeddable":true,"href":"https:\/\/theinvisiblecollection.com\/fr\/wp-json\/wp\/v2\/reporting_designer?post=5677220"},{"taxonomy":"samplecomfabric","embeddable":true,"href":"https:\/\/theinvisiblecollection.com\/fr\/wp-json\/wp\/v2\/samplecomfabric?post=5677220"},{"taxonomy":"clubroom_product_designer","embeddable":true,"href":"https:\/\/theinvisiblecollection.com\/fr\/wp-json\/wp\/v2\/designer_clubroom?post=5677220"}],"curies":[{"name":"wp","href":"https:\/\/api.w.org\/{rel}","templated":true}]}}