{"id":5678237,"date":"2024-06-10T11:23:28","date_gmt":"2024-06-10T11:23:28","guid":{"rendered":"https:\/\/theinvisiblecollection.com\/?post_type=product&#038;p=5678237"},"modified":"2026-05-08T04:38:46","modified_gmt":"2026-05-08T04:38:46","slug":"semeur-detoiles-lustre-12-planetes","status":"publish","type":"product","link":"https:\/\/theinvisiblecollection.com\/fr\/produit\/semeur-detoiles-lustre-12-planetes\/","title":{"rendered":"Lustre 12 Plan\u00e8tes"},"content":{"rendered":"<p>Les Plan\u00e8tes en verre souffl\u00e9 bouche sont le fruit d\u2019un travail d\u00e9licat \u00e0 quatre mains superposant 6 couches : la lumi\u00e8re caresse la poudre de roche suspendue dans le verre. Nous utilisons pour cela des rebuts de carri\u00e8re. Chaque exemplaire est unique. Elles offrent une grande libert\u00e9 de composition gr\u00e2ce \u00e0 des styles de verreries vari\u00e9s (blanches comme sur la photo, ou couleur), \u00e0 leurs diff\u00e9rents diam\u00e8tres, \u00e0 leurs hauteurs r\u00e9glables, aux diff\u00e9rentes options d\u2019\u00e9clairage et au choix du mode d\u2019accrochage.<\/p>\n","protected":false},"excerpt":{"rendered":"<p>Les Plan\u00e8tes en verre souffl\u00e9 bouche sont le fruit d\u2019un travail d\u00e9licat \u00e0 quatre mains superposant 6 couches : la lumi\u00e8re caresse la poudre de roche suspendue dans le verre. Nous utilisons pour cela des rebuts de carri\u00e8re. Chaque exemplaire est unique. Elles offrent une grande libert\u00e9 de composition gr\u00e2ce \u00e0 des styles de verreries [&hellip;]<\/p>\n","protected":false},"featured_media":5361010,"template":"","meta":{"_acf_changed":false,"content-type":"","_themeisle_gutenberg_block_has_review":false},"product_brand":[],"product_cat":[8961,12507],"product_tag":[],"product_designer":[11388],"comfabric":[],"manufacturer":[19677],"reporting_designer":[37883],"samplecomfabric":[],"designer_clubroom":[],"class_list":{"0":"post-5678237","1":"product","2":"type-product","3":"status-publish","4":"has-post-thumbnail","6":"product_cat-suspensions","7":"product_cat-luminaires","8":"product_designer-semeur-detoiles-fr","9":"manufacturer-semeur-dtoiles-warehouse-fr","10":"reporting_designer-semeur-detoiles","12":"first","13":"instock","14":"taxable","15":"shipping-taxable","16":"purchasable","17":"product-type-variable"},"acf":[],"_links":{"self":[{"href":"https:\/\/theinvisiblecollection.com\/fr\/wp-json\/wp\/v2\/product\/5678237","targetHints":{"allow":["GET"]}}],"collection":[{"href":"https:\/\/theinvisiblecollection.com\/fr\/wp-json\/wp\/v2\/product"}],"about":[{"href":"https:\/\/theinvisiblecollection.com\/fr\/wp-json\/wp\/v2\/types\/product"}],"wp:featuredmedia":[{"embeddable":true,"href":"https:\/\/theinvisiblecollection.com\/fr\/wp-json\/wp\/v2\/media\/5361010"}],"wp:attachment":[{"href":"https:\/\/theinvisiblecollection.com\/fr\/wp-json\/wp\/v2\/media?parent=5678237"}],"wp:term":[{"taxonomy":"product_brand","embeddable":true,"href":"https:\/\/theinvisiblecollection.com\/fr\/wp-json\/wp\/v2\/product_brand?post=5678237"},{"taxonomy":"product_cat","embeddable":true,"href":"https:\/\/theinvisiblecollection.com\/fr\/wp-json\/wp\/v2\/product_cat?post=5678237"},{"taxonomy":"product_tag","embeddable":true,"href":"https:\/\/theinvisiblecollection.com\/fr\/wp-json\/wp\/v2\/product_tag?post=5678237"},{"taxonomy":"product_designer","embeddable":true,"href":"https:\/\/theinvisiblecollection.com\/fr\/wp-json\/wp\/v2\/product_designer?post=5678237"},{"taxonomy":"comfabric","embeddable":true,"href":"https:\/\/theinvisiblecollection.com\/fr\/wp-json\/wp\/v2\/comfabric?post=5678237"},{"taxonomy":"manufacturer","embeddable":true,"href":"https:\/\/theinvisiblecollection.com\/fr\/wp-json\/wp\/v2\/manufacturer?post=5678237"},{"taxonomy":"reporting_designer","embeddable":true,"href":"https:\/\/theinvisiblecollection.com\/fr\/wp-json\/wp\/v2\/reporting_designer?post=5678237"},{"taxonomy":"samplecomfabric","embeddable":true,"href":"https:\/\/theinvisiblecollection.com\/fr\/wp-json\/wp\/v2\/samplecomfabric?post=5678237"},{"taxonomy":"clubroom_product_designer","embeddable":true,"href":"https:\/\/theinvisiblecollection.com\/fr\/wp-json\/wp\/v2\/designer_clubroom?post=5678237"}],"curies":[{"name":"wp","href":"https:\/\/api.w.org\/{rel}","templated":true}]}}