{"id":5678276,"date":"2020-09-25T17:00:24","date_gmt":"2020-09-25T17:00:24","guid":{"rendered":"https:\/\/theinvisiblecollection.com\/?post_type=product&#038;p=5678276"},"modified":"2026-05-01T07:37:28","modified_gmt":"2026-05-01T07:37:28","slug":"semeur-d-etoiles-paire-de-suspensions-lune","status":"publish","type":"product","link":"https:\/\/theinvisiblecollection.com\/fr\/produit\/semeur-d-etoiles-paire-de-suspensions-lune\/","title":{"rendered":"Paire de Suspensions Lune"},"content":{"rendered":"<p>Nos Lunes en verre souffl\u00e9 bouche sont des pi\u00e8ces uniques et exclusives. Pour \u00e9voquer la Lune et cr\u00e9er des effets lumineux remarquables, nous les fabriquons \u00e0 la main. Elles sont le r\u00e9sultat de quinze traitements adroits pour fusionner verre et poudre de pierres choisies. Nous utilisons des d\u00e9chets de carri\u00e8re pour cela. Mont\u00e9es en suspensions ou en lustres, elles offrent une grande libert\u00e9 de composition gr\u00e2ce aux diff\u00e9rents diam\u00e8tres propos\u00e9s, \u00e0 leurs hauteurs r\u00e9glables, aux diff\u00e9rentes options d\u2019\u00e9clairage et au choix du mode d\u2019accrochage. D\u2019autres verres blanc et couleurs sont disponibles.<\/p>\n","protected":false},"excerpt":{"rendered":"<p>Nos Lunes en verre souffl\u00e9 bouche sont des pi\u00e8ces uniques et exclusives. Pour \u00e9voquer la Lune et cr\u00e9er des effets lumineux remarquables, nous les fabriquons \u00e0 la main. Elles sont le r\u00e9sultat de quinze traitements adroits pour fusionner verre et poudre de pierres choisies. Nous utilisons des d\u00e9chets de carri\u00e8re pour cela. Mont\u00e9es en suspensions [&hellip;]<\/p>\n","protected":false},"featured_media":5677518,"template":"","meta":{"_acf_changed":false,"content-type":"","_themeisle_gutenberg_block_has_review":false},"product_brand":[],"product_cat":[8961,12507,19977],"product_tag":[11709,31477,9052,9200,9237,9450,11010,11302,11706,11707,11708],"product_designer":[11388],"comfabric":[],"manufacturer":[19677],"reporting_designer":[37884],"samplecomfabric":[],"designer_clubroom":[],"class_list":{"0":"post-5678276","1":"product","2":"type-product","3":"status-publish","4":"has-post-thumbnail","6":"product_cat-suspensions","7":"product_cat-luminaires","8":"product_cat-accessoires-de-salle-de-bain","9":"product_tag-space-fr","10":"product_tag-st-curvy-fr","11":"product_tag-verre-souffle","12":"product_tag-luminaire-fr-2","13":"product_tag-lampe-fr-2","14":"product_tag-suspension-fr-3","15":"product_tag-decoration-de-plafond","16":"product_tag-semeur-detoiles","17":"product_tag-moon","18":"product_tag-lune-fr-2","19":"product_tag-pendant-fr","20":"pa_size-extra-large-fr","21":"pa_size-l-280-x-l-100-x-h-80-fr","22":"pa_size-mini","23":"pa_size-moyen","24":"pa_size-petit","25":"pa_size-tres-mini","26":"product_designer-semeur-detoiles-fr","27":"manufacturer-semeur-dtoiles-warehouse-fr","28":"reporting_designer-semeur-detoiles","30":"first","31":"instock","32":"taxable","33":"shipping-taxable","34":"purchasable","35":"product-type-variable"},"acf":[],"_links":{"self":[{"href":"https:\/\/theinvisiblecollection.com\/fr\/wp-json\/wp\/v2\/product\/5678276","targetHints":{"allow":["GET"]}}],"collection":[{"href":"https:\/\/theinvisiblecollection.com\/fr\/wp-json\/wp\/v2\/product"}],"about":[{"href":"https:\/\/theinvisiblecollection.com\/fr\/wp-json\/wp\/v2\/types\/product"}],"wp:featuredmedia":[{"embeddable":true,"href":"https:\/\/theinvisiblecollection.com\/fr\/wp-json\/wp\/v2\/media\/5677518"}],"wp:attachment":[{"href":"https:\/\/theinvisiblecollection.com\/fr\/wp-json\/wp\/v2\/media?parent=5678276"}],"wp:term":[{"taxonomy":"product_brand","embeddable":true,"href":"https:\/\/theinvisiblecollection.com\/fr\/wp-json\/wp\/v2\/product_brand?post=5678276"},{"taxonomy":"product_cat","embeddable":true,"href":"https:\/\/theinvisiblecollection.com\/fr\/wp-json\/wp\/v2\/product_cat?post=5678276"},{"taxonomy":"product_tag","embeddable":true,"href":"https:\/\/theinvisiblecollection.com\/fr\/wp-json\/wp\/v2\/product_tag?post=5678276"},{"taxonomy":"product_designer","embeddable":true,"href":"https:\/\/theinvisiblecollection.com\/fr\/wp-json\/wp\/v2\/product_designer?post=5678276"},{"taxonomy":"comfabric","embeddable":true,"href":"https:\/\/theinvisiblecollection.com\/fr\/wp-json\/wp\/v2\/comfabric?post=5678276"},{"taxonomy":"manufacturer","embeddable":true,"href":"https:\/\/theinvisiblecollection.com\/fr\/wp-json\/wp\/v2\/manufacturer?post=5678276"},{"taxonomy":"reporting_designer","embeddable":true,"href":"https:\/\/theinvisiblecollection.com\/fr\/wp-json\/wp\/v2\/reporting_designer?post=5678276"},{"taxonomy":"samplecomfabric","embeddable":true,"href":"https:\/\/theinvisiblecollection.com\/fr\/wp-json\/wp\/v2\/samplecomfabric?post=5678276"},{"taxonomy":"clubroom_product_designer","embeddable":true,"href":"https:\/\/theinvisiblecollection.com\/fr\/wp-json\/wp\/v2\/designer_clubroom?post=5678276"}],"curies":[{"name":"wp","href":"https:\/\/api.w.org\/{rel}","templated":true}]}}