{"id":5678670,"date":"2024-11-18T14:45:20","date_gmt":"2024-11-18T14:45:20","guid":{"rendered":"https:\/\/theinvisiblecollection.com\/?post_type=product&#038;p=5678670"},"modified":"2026-05-01T07:37:28","modified_gmt":"2026-05-01T07:37:28","slug":"victoria-magniant-applique-stella","status":"publish","type":"product","link":"https:\/\/theinvisiblecollection.com\/fr\/produit\/victoria-magniant-applique-stella\/","title":{"rendered":"Applique Stella"},"content":{"rendered":"<p style=\"text-align: justify;\">Fa\u00e7onn\u00e9e \u00e0 la main par un artisan fran\u00e7ais d\u2019exception, ma\u00eetre dans l\u2019art rare du verre fusionn\u00e9, chaque pi\u00e8ce r\u00e9v\u00e8le un jeu subtil de textures, de transparence et de lumi\u00e8re. Les teintes semblent y flotter comme une couleur liquide, changeante, captivant le regard dans un mouvement silencieux.<\/p>\n<p style=\"text-align: justify;\">Cette applique murale fait partie d\u2019une \u00e9dition limit\u00e9e \u00e0 30 exemplaires. Chaque pi\u00e8ce est unique, num\u00e9rot\u00e9e, sign\u00e9e, et polie \u00e0 la main. Elle est disponible en trois formats et dans une vari\u00e9t\u00e9 de couleurs, avec des possibilit\u00e9s de personnalisation sur demande.<\/p>\n","protected":false},"excerpt":{"rendered":"<p>Fa\u00e7onn\u00e9e \u00e0 la main par un artisan fran\u00e7ais d\u2019exception, ma\u00eetre dans l\u2019art rare du verre fusionn\u00e9, chaque pi\u00e8ce r\u00e9v\u00e8le un jeu subtil de textures, de transparence et de lumi\u00e8re. Les teintes semblent y flotter comme une couleur liquide, changeante, captivant le regard dans un mouvement silencieux. Cette applique murale fait partie d\u2019une \u00e9dition limit\u00e9e \u00e0 [&hellip;]<\/p>\n","protected":false},"featured_media":5898908,"template":"","meta":{"_acf_changed":false,"content-type":"","_themeisle_gutenberg_block_has_review":false},"product_brand":[],"product_cat":[8975,12507],"product_tag":[7435,8990],"product_designer":[11131],"comfabric":[],"manufacturer":[23410],"reporting_designer":[37391],"samplecomfabric":[],"designer_clubroom":[],"class_list":{"0":"post-5678670","1":"product","2":"type-product","3":"status-publish","4":"has-post-thumbnail","6":"product_cat-appliques-murales","7":"product_cat-luminaires","8":"product_tag-new-in-fr","9":"product_tag-applique-murale","10":"pa_size-large-fr-2","11":"pa_size-moyenne-l-70-x-l-82-x-h-41-cm","12":"pa_size-petit","13":"product_designer-victoria-magniant-fr","14":"manufacturer-l-e-c-fr","15":"reporting_designer-victoria-magniant","17":"first","18":"instock","19":"taxable","20":"shipping-taxable","21":"purchasable","22":"product-type-variable"},"acf":[],"_links":{"self":[{"href":"https:\/\/theinvisiblecollection.com\/fr\/wp-json\/wp\/v2\/product\/5678670","targetHints":{"allow":["GET"]}}],"collection":[{"href":"https:\/\/theinvisiblecollection.com\/fr\/wp-json\/wp\/v2\/product"}],"about":[{"href":"https:\/\/theinvisiblecollection.com\/fr\/wp-json\/wp\/v2\/types\/product"}],"wp:featuredmedia":[{"embeddable":true,"href":"https:\/\/theinvisiblecollection.com\/fr\/wp-json\/wp\/v2\/media\/5898908"}],"wp:attachment":[{"href":"https:\/\/theinvisiblecollection.com\/fr\/wp-json\/wp\/v2\/media?parent=5678670"}],"wp:term":[{"taxonomy":"product_brand","embeddable":true,"href":"https:\/\/theinvisiblecollection.com\/fr\/wp-json\/wp\/v2\/product_brand?post=5678670"},{"taxonomy":"product_cat","embeddable":true,"href":"https:\/\/theinvisiblecollection.com\/fr\/wp-json\/wp\/v2\/product_cat?post=5678670"},{"taxonomy":"product_tag","embeddable":true,"href":"https:\/\/theinvisiblecollection.com\/fr\/wp-json\/wp\/v2\/product_tag?post=5678670"},{"taxonomy":"product_designer","embeddable":true,"href":"https:\/\/theinvisiblecollection.com\/fr\/wp-json\/wp\/v2\/product_designer?post=5678670"},{"taxonomy":"comfabric","embeddable":true,"href":"https:\/\/theinvisiblecollection.com\/fr\/wp-json\/wp\/v2\/comfabric?post=5678670"},{"taxonomy":"manufacturer","embeddable":true,"href":"https:\/\/theinvisiblecollection.com\/fr\/wp-json\/wp\/v2\/manufacturer?post=5678670"},{"taxonomy":"reporting_designer","embeddable":true,"href":"https:\/\/theinvisiblecollection.com\/fr\/wp-json\/wp\/v2\/reporting_designer?post=5678670"},{"taxonomy":"samplecomfabric","embeddable":true,"href":"https:\/\/theinvisiblecollection.com\/fr\/wp-json\/wp\/v2\/samplecomfabric?post=5678670"},{"taxonomy":"clubroom_product_designer","embeddable":true,"href":"https:\/\/theinvisiblecollection.com\/fr\/wp-json\/wp\/v2\/designer_clubroom?post=5678670"}],"curies":[{"name":"wp","href":"https:\/\/api.w.org\/{rel}","templated":true}]}}