{"id":5678804,"date":"2024-10-30T15:06:09","date_gmt":"2024-10-30T15:06:09","guid":{"rendered":"https:\/\/theinvisiblecollection.com\/?post_type=product&#038;p=5678804"},"modified":"2026-05-01T07:37:28","modified_gmt":"2026-05-01T07:37:28","slug":"nordic-knots-tapis-astronome","status":"publish","type":"product","link":"https:\/\/theinvisiblecollection.com\/fr\/produit\/nordic-knots-tapis-astronome\/","title":{"rendered":"Tapis Astronome"},"content":{"rendered":"<p style=\"text-align: justify;\">La collection de l&#8217;architecte d&#8217;int\u00e9rieur Fabrizio Casiraghi pour Nordic Knots pr\u00e9sente un trio de tapis con\u00e7us pour illustrer le lien \u00e9ternel entre l&#8217;homme et la nature \u00e0 travers le pass\u00e9, le pr\u00e9sent et l&#8217;avenir. Casiraghi donne vie \u00e0 ce r\u00e9cit \u00e0 travers trois personnages principaux : L&#8217;arch\u00e9ologue, le fermier et l&#8217;astronome. Chaque pi\u00e8ce est nou\u00e9e \u00e0 la main \u00e0 partir de laine n\u00e9o-z\u00e9landaise douce et durable, ce qui permet d&#8217;obtenir une finition lisse et un niveau de d\u00e9tail remarquable.<\/p>\n","protected":false},"excerpt":{"rendered":"<p>La collection de l&#8217;architecte d&#8217;int\u00e9rieur Fabrizio Casiraghi pour Nordic Knots pr\u00e9sente un trio de tapis con\u00e7us pour illustrer le lien \u00e9ternel entre l&#8217;homme et la nature \u00e0 travers le pass\u00e9, le pr\u00e9sent et l&#8217;avenir. Casiraghi donne vie \u00e0 ce r\u00e9cit \u00e0 travers trois personnages principaux : L&#8217;arch\u00e9ologue, le fermier et l&#8217;astronome. Chaque pi\u00e8ce est nou\u00e9e [&hellip;]<\/p>\n","protected":false},"featured_media":5678812,"template":"","meta":{"_acf_changed":false,"content-type":"","_themeisle_gutenberg_block_has_review":false},"product_brand":[],"product_cat":[12540,17999],"product_tag":[],"product_designer":[31649],"comfabric":[],"manufacturer":[],"reporting_designer":[37437],"samplecomfabric":[],"designer_clubroom":[],"class_list":{"0":"post-5678804","1":"product","2":"type-product","3":"status-publish","4":"has-post-thumbnail","6":"product_cat-tapis-fr","7":"product_cat-tisses-a-la-main","8":"pa_size-l-280-x-l-100-x-h-80-fr","9":"pa_size-moyen","10":"pa_size-petit","11":"pa_size-us-grand-pour-le-marche-americain-uniquement","12":"pa_size-us-moyen-pour-le-marche-americain-uniquement","13":"pa_size-us-petit-pour-le-marche-americain-uniquement","14":"product_designer-nordic-knots-fr","15":"reporting_designer-nordic-knots","17":"first","18":"instock","19":"taxable","20":"shipping-taxable","21":"purchasable","22":"product-type-variable"},"acf":[],"_links":{"self":[{"href":"https:\/\/theinvisiblecollection.com\/fr\/wp-json\/wp\/v2\/product\/5678804","targetHints":{"allow":["GET"]}}],"collection":[{"href":"https:\/\/theinvisiblecollection.com\/fr\/wp-json\/wp\/v2\/product"}],"about":[{"href":"https:\/\/theinvisiblecollection.com\/fr\/wp-json\/wp\/v2\/types\/product"}],"wp:featuredmedia":[{"embeddable":true,"href":"https:\/\/theinvisiblecollection.com\/fr\/wp-json\/wp\/v2\/media\/5678812"}],"wp:attachment":[{"href":"https:\/\/theinvisiblecollection.com\/fr\/wp-json\/wp\/v2\/media?parent=5678804"}],"wp:term":[{"taxonomy":"product_brand","embeddable":true,"href":"https:\/\/theinvisiblecollection.com\/fr\/wp-json\/wp\/v2\/product_brand?post=5678804"},{"taxonomy":"product_cat","embeddable":true,"href":"https:\/\/theinvisiblecollection.com\/fr\/wp-json\/wp\/v2\/product_cat?post=5678804"},{"taxonomy":"product_tag","embeddable":true,"href":"https:\/\/theinvisiblecollection.com\/fr\/wp-json\/wp\/v2\/product_tag?post=5678804"},{"taxonomy":"product_designer","embeddable":true,"href":"https:\/\/theinvisiblecollection.com\/fr\/wp-json\/wp\/v2\/product_designer?post=5678804"},{"taxonomy":"comfabric","embeddable":true,"href":"https:\/\/theinvisiblecollection.com\/fr\/wp-json\/wp\/v2\/comfabric?post=5678804"},{"taxonomy":"manufacturer","embeddable":true,"href":"https:\/\/theinvisiblecollection.com\/fr\/wp-json\/wp\/v2\/manufacturer?post=5678804"},{"taxonomy":"reporting_designer","embeddable":true,"href":"https:\/\/theinvisiblecollection.com\/fr\/wp-json\/wp\/v2\/reporting_designer?post=5678804"},{"taxonomy":"samplecomfabric","embeddable":true,"href":"https:\/\/theinvisiblecollection.com\/fr\/wp-json\/wp\/v2\/samplecomfabric?post=5678804"},{"taxonomy":"clubroom_product_designer","embeddable":true,"href":"https:\/\/theinvisiblecollection.com\/fr\/wp-json\/wp\/v2\/designer_clubroom?post=5678804"}],"curies":[{"name":"wp","href":"https:\/\/api.w.org\/{rel}","templated":true}]}}