{"id":5678850,"date":"2024-10-30T15:33:19","date_gmt":"2024-10-30T15:33:19","guid":{"rendered":"https:\/\/theinvisiblecollection.com\/?post_type=product&#038;p=5678850"},"modified":"2026-05-01T07:37:28","modified_gmt":"2026-05-01T07:37:28","slug":"nordic-knots-tapis-blanc-poussiereux","status":"publish","type":"product","link":"https:\/\/theinvisiblecollection.com\/fr\/produit\/nordic-knots-tapis-blanc-poussiereux\/","title":{"rendered":"Tapis Blanc Poussi\u00e9reux"},"content":{"rendered":"<p style=\"text-align: justify;\">L&#8217;artiste parisienne Garance Vall\u00e9e r\u00e9imagine les tapis de notre collection Grand avec des d\u00e9coupes tot\u00e9miques et des angles transform\u00e9s. Elle pr\u00e9sente un trio sculptural de tapis qui peuvent \u00eatre utilis\u00e9s comme des pi\u00e8ces ind\u00e9pendantes ou \u00eatre combin\u00e9s, car les diff\u00e9rentes formes de la collection s&#8217;embo\u00eetent comme un puzzle. Les pi\u00e8ces fabriqu\u00e9es de mani\u00e8re artisanale pr\u00e9sentent un design \u00e0 poils coup\u00e9s fabriqu\u00e9 \u00e0 partir de laine n\u00e9o-z\u00e9landaise extr\u00eamement douce et durable.<\/p>\n","protected":false},"excerpt":{"rendered":"<p>L&#8217;artiste parisienne Garance Vall\u00e9e r\u00e9imagine les tapis de notre collection Grand avec des d\u00e9coupes tot\u00e9miques et des angles transform\u00e9s. Elle pr\u00e9sente un trio sculptural de tapis qui peuvent \u00eatre utilis\u00e9s comme des pi\u00e8ces ind\u00e9pendantes ou \u00eatre combin\u00e9s, car les diff\u00e9rentes formes de la collection s&#8217;embo\u00eetent comme un puzzle. Les pi\u00e8ces fabriqu\u00e9es de mani\u00e8re artisanale pr\u00e9sentent [&hellip;]<\/p>\n","protected":false},"featured_media":5678873,"template":"","meta":{"_acf_changed":false,"content-type":"","_themeisle_gutenberg_block_has_review":false},"product_brand":[],"product_cat":[12540,17999],"product_tag":[],"product_designer":[31649],"comfabric":[],"manufacturer":[],"reporting_designer":[37437],"samplecomfabric":[],"designer_clubroom":[],"class_list":{"0":"post-5678850","1":"product","2":"type-product","3":"status-publish","4":"has-post-thumbnail","6":"product_cat-tapis-fr","7":"product_cat-tisses-a-la-main","8":"pa_size-dimensions-standards","9":"pa_size-us-standard","10":"product_designer-nordic-knots-fr","11":"reporting_designer-nordic-knots","13":"first","14":"instock","15":"taxable","16":"shipping-taxable","17":"purchasable","18":"product-type-variable"},"acf":[],"_links":{"self":[{"href":"https:\/\/theinvisiblecollection.com\/fr\/wp-json\/wp\/v2\/product\/5678850","targetHints":{"allow":["GET"]}}],"collection":[{"href":"https:\/\/theinvisiblecollection.com\/fr\/wp-json\/wp\/v2\/product"}],"about":[{"href":"https:\/\/theinvisiblecollection.com\/fr\/wp-json\/wp\/v2\/types\/product"}],"wp:featuredmedia":[{"embeddable":true,"href":"https:\/\/theinvisiblecollection.com\/fr\/wp-json\/wp\/v2\/media\/5678873"}],"wp:attachment":[{"href":"https:\/\/theinvisiblecollection.com\/fr\/wp-json\/wp\/v2\/media?parent=5678850"}],"wp:term":[{"taxonomy":"product_brand","embeddable":true,"href":"https:\/\/theinvisiblecollection.com\/fr\/wp-json\/wp\/v2\/product_brand?post=5678850"},{"taxonomy":"product_cat","embeddable":true,"href":"https:\/\/theinvisiblecollection.com\/fr\/wp-json\/wp\/v2\/product_cat?post=5678850"},{"taxonomy":"product_tag","embeddable":true,"href":"https:\/\/theinvisiblecollection.com\/fr\/wp-json\/wp\/v2\/product_tag?post=5678850"},{"taxonomy":"product_designer","embeddable":true,"href":"https:\/\/theinvisiblecollection.com\/fr\/wp-json\/wp\/v2\/product_designer?post=5678850"},{"taxonomy":"comfabric","embeddable":true,"href":"https:\/\/theinvisiblecollection.com\/fr\/wp-json\/wp\/v2\/comfabric?post=5678850"},{"taxonomy":"manufacturer","embeddable":true,"href":"https:\/\/theinvisiblecollection.com\/fr\/wp-json\/wp\/v2\/manufacturer?post=5678850"},{"taxonomy":"reporting_designer","embeddable":true,"href":"https:\/\/theinvisiblecollection.com\/fr\/wp-json\/wp\/v2\/reporting_designer?post=5678850"},{"taxonomy":"samplecomfabric","embeddable":true,"href":"https:\/\/theinvisiblecollection.com\/fr\/wp-json\/wp\/v2\/samplecomfabric?post=5678850"},{"taxonomy":"clubroom_product_designer","embeddable":true,"href":"https:\/\/theinvisiblecollection.com\/fr\/wp-json\/wp\/v2\/designer_clubroom?post=5678850"}],"curies":[{"name":"wp","href":"https:\/\/api.w.org\/{rel}","templated":true}]}}