{"id":5679119,"date":"2024-11-19T15:15:38","date_gmt":"2024-11-19T15:15:38","guid":{"rendered":"https:\/\/theinvisiblecollection.com\/?post_type=product&#038;p=5679119"},"modified":"2026-05-08T04:38:44","modified_gmt":"2026-05-08T04:38:44","slug":"pietro-francheschini-table-basse-automa","status":"publish","type":"product","link":"https:\/\/theinvisiblecollection.com\/fr\/produit\/pietro-francheschini-table-basse-automa\/","title":{"rendered":"Table Basse Automa"},"content":{"rendered":"<p style=\"text-align: justify;\">Fabriqu\u00e9e en m\u00e9tal liquide, cette table basse sculpturale d\u00e9fie les conventions avec ses quatre pieds qui se replient fluidement vers le haut pour d\u00e9voiler une surface \u00e0 plusieurs niveaux. \u00c0 mesure que chaque pied se m\u00e9tamorphose en plateau, Automa brouille la fronti\u00e8re entre sculpture et mobilier. La forme rencontre la fonction dans une d\u00e9monstration d&#8217;artisanat moderne. Cette \u0153uvre marque le d\u00e9but d&#8217;une nouvelle phase de recherche pour le studio, intitul\u00e9e \u00ab Objets de Col\u00e8re \u00bb.<\/p>\n","protected":false},"excerpt":{"rendered":"<p>Fabriqu\u00e9e en m\u00e9tal liquide, cette table basse sculpturale d\u00e9fie les conventions avec ses quatre pieds qui se replient fluidement vers le haut pour d\u00e9voiler une surface \u00e0 plusieurs niveaux. \u00c0 mesure que chaque pied se m\u00e9tamorphose en plateau, Automa brouille la fronti\u00e8re entre sculpture et mobilier. La forme rencontre la fonction dans une d\u00e9monstration d&#8217;artisanat [&hellip;]<\/p>\n","protected":false},"featured_media":5679104,"template":"","meta":{"_acf_changed":false,"content-type":"","_themeisle_gutenberg_block_has_review":false},"product_brand":[],"product_cat":[12503,7509],"product_tag":[],"product_designer":[15447],"comfabric":[],"manufacturer":[20692],"reporting_designer":[37831],"samplecomfabric":[],"designer_clubroom":[],"class_list":{"0":"post-5679119","1":"product","2":"type-product","3":"status-publish","4":"has-post-thumbnail","6":"product_cat-tables-fr","7":"product_cat-tables-basses-dappoint","8":"product_designer-pietro-franceschini-fr","9":"manufacturer-pietro-franceschini-we-do-fr","10":"reporting_designer-pietro-franceschini","12":"first","13":"instock","14":"taxable","15":"shipping-taxable","16":"purchasable","17":"product-type-simple"},"acf":[],"_links":{"self":[{"href":"https:\/\/theinvisiblecollection.com\/fr\/wp-json\/wp\/v2\/product\/5679119","targetHints":{"allow":["GET"]}}],"collection":[{"href":"https:\/\/theinvisiblecollection.com\/fr\/wp-json\/wp\/v2\/product"}],"about":[{"href":"https:\/\/theinvisiblecollection.com\/fr\/wp-json\/wp\/v2\/types\/product"}],"wp:featuredmedia":[{"embeddable":true,"href":"https:\/\/theinvisiblecollection.com\/fr\/wp-json\/wp\/v2\/media\/5679104"}],"wp:attachment":[{"href":"https:\/\/theinvisiblecollection.com\/fr\/wp-json\/wp\/v2\/media?parent=5679119"}],"wp:term":[{"taxonomy":"product_brand","embeddable":true,"href":"https:\/\/theinvisiblecollection.com\/fr\/wp-json\/wp\/v2\/product_brand?post=5679119"},{"taxonomy":"product_cat","embeddable":true,"href":"https:\/\/theinvisiblecollection.com\/fr\/wp-json\/wp\/v2\/product_cat?post=5679119"},{"taxonomy":"product_tag","embeddable":true,"href":"https:\/\/theinvisiblecollection.com\/fr\/wp-json\/wp\/v2\/product_tag?post=5679119"},{"taxonomy":"product_designer","embeddable":true,"href":"https:\/\/theinvisiblecollection.com\/fr\/wp-json\/wp\/v2\/product_designer?post=5679119"},{"taxonomy":"comfabric","embeddable":true,"href":"https:\/\/theinvisiblecollection.com\/fr\/wp-json\/wp\/v2\/comfabric?post=5679119"},{"taxonomy":"manufacturer","embeddable":true,"href":"https:\/\/theinvisiblecollection.com\/fr\/wp-json\/wp\/v2\/manufacturer?post=5679119"},{"taxonomy":"reporting_designer","embeddable":true,"href":"https:\/\/theinvisiblecollection.com\/fr\/wp-json\/wp\/v2\/reporting_designer?post=5679119"},{"taxonomy":"samplecomfabric","embeddable":true,"href":"https:\/\/theinvisiblecollection.com\/fr\/wp-json\/wp\/v2\/samplecomfabric?post=5679119"},{"taxonomy":"clubroom_product_designer","embeddable":true,"href":"https:\/\/theinvisiblecollection.com\/fr\/wp-json\/wp\/v2\/designer_clubroom?post=5679119"}],"curies":[{"name":"wp","href":"https:\/\/api.w.org\/{rel}","templated":true}]}}