{"id":5679147,"date":"2024-11-19T15:42:18","date_gmt":"2024-11-19T15:42:18","guid":{"rendered":"https:\/\/theinvisiblecollection.com\/?post_type=product&#038;p=5679147"},"modified":"2026-05-01T07:37:28","modified_gmt":"2026-05-01T07:37:28","slug":"pietro-franceschini-les-incroyables-fauteuil","status":"publish","type":"product","link":"https:\/\/theinvisiblecollection.com\/fr\/produit\/pietro-franceschini-les-incroyables-fauteuil\/","title":{"rendered":"Les Incroyables Fauteuil"},"content":{"rendered":"<p style=\"text-align: justify;\">Les Incroyables c\u00e9l\u00e8brent le design innovant et l&#8217;artisanat, m\u00ealant \u00e9l\u00e9gance intemporelle et audace avant-gardiste. Les lignes fluides du si\u00e8ge en boucl\u00e9 blanc s&#8217;harmonisent avec la distorsion sinueuse de la base en fr\u00eane. L&#8217;\u00c9dition MK \u2013 caract\u00e9ris\u00e9e par un jacquard blanc aux motifs animaliers \u2013 a \u00e9t\u00e9 cr\u00e9\u00e9e pour la r\u00e9sidence parisienne de l&#8217;\u00e9clectique Mauricio Kirshner et est propos\u00e9e en \u00e9dition limit\u00e9e \u00e0 10 pi\u00e8ces.<\/p>\n","protected":false},"excerpt":{"rendered":"<p>Les Incroyables c\u00e9l\u00e8brent le design innovant et l&#8217;artisanat, m\u00ealant \u00e9l\u00e9gance intemporelle et audace avant-gardiste. Les lignes fluides du si\u00e8ge en boucl\u00e9 blanc s&#8217;harmonisent avec la distorsion sinueuse de la base en fr\u00eane. L&#8217;\u00c9dition MK \u2013 caract\u00e9ris\u00e9e par un jacquard blanc aux motifs animaliers \u2013 a \u00e9t\u00e9 cr\u00e9\u00e9e pour la r\u00e9sidence parisienne de l&#8217;\u00e9clectique Mauricio Kirshner [&hellip;]<\/p>\n","protected":false},"featured_media":5900360,"template":"","meta":{"_acf_changed":false,"content-type":"","_themeisle_gutenberg_block_has_review":false},"product_brand":[],"product_cat":[8945,12499],"product_tag":[],"product_designer":[15447],"comfabric":[29500],"manufacturer":[20694],"reporting_designer":[37831],"samplecomfabric":[30420],"designer_clubroom":[],"class_list":{"0":"post-5679147","1":"product","2":"type-product","3":"status-publish","4":"has-post-thumbnail","6":"product_cat-fauteuils","7":"product_cat-assises","8":"product_designer-pietro-franceschini-fr","9":"comfabric-pietro-franceschini-arte-italia-home-srl-fr","10":"manufacturer-pietro-franceschini-arte-italia-home-srl-fr","11":"reporting_designer-pietro-franceschini","12":"samplecomfabric-pietro-franceschini-arte-italia-home-srl-fr","14":"first","15":"instock","16":"taxable","17":"shipping-taxable","18":"purchasable","19":"product-type-variable"},"acf":[],"_links":{"self":[{"href":"https:\/\/theinvisiblecollection.com\/fr\/wp-json\/wp\/v2\/product\/5679147","targetHints":{"allow":["GET"]}}],"collection":[{"href":"https:\/\/theinvisiblecollection.com\/fr\/wp-json\/wp\/v2\/product"}],"about":[{"href":"https:\/\/theinvisiblecollection.com\/fr\/wp-json\/wp\/v2\/types\/product"}],"wp:featuredmedia":[{"embeddable":true,"href":"https:\/\/theinvisiblecollection.com\/fr\/wp-json\/wp\/v2\/media\/5900360"}],"wp:attachment":[{"href":"https:\/\/theinvisiblecollection.com\/fr\/wp-json\/wp\/v2\/media?parent=5679147"}],"wp:term":[{"taxonomy":"product_brand","embeddable":true,"href":"https:\/\/theinvisiblecollection.com\/fr\/wp-json\/wp\/v2\/product_brand?post=5679147"},{"taxonomy":"product_cat","embeddable":true,"href":"https:\/\/theinvisiblecollection.com\/fr\/wp-json\/wp\/v2\/product_cat?post=5679147"},{"taxonomy":"product_tag","embeddable":true,"href":"https:\/\/theinvisiblecollection.com\/fr\/wp-json\/wp\/v2\/product_tag?post=5679147"},{"taxonomy":"product_designer","embeddable":true,"href":"https:\/\/theinvisiblecollection.com\/fr\/wp-json\/wp\/v2\/product_designer?post=5679147"},{"taxonomy":"comfabric","embeddable":true,"href":"https:\/\/theinvisiblecollection.com\/fr\/wp-json\/wp\/v2\/comfabric?post=5679147"},{"taxonomy":"manufacturer","embeddable":true,"href":"https:\/\/theinvisiblecollection.com\/fr\/wp-json\/wp\/v2\/manufacturer?post=5679147"},{"taxonomy":"reporting_designer","embeddable":true,"href":"https:\/\/theinvisiblecollection.com\/fr\/wp-json\/wp\/v2\/reporting_designer?post=5679147"},{"taxonomy":"samplecomfabric","embeddable":true,"href":"https:\/\/theinvisiblecollection.com\/fr\/wp-json\/wp\/v2\/samplecomfabric?post=5679147"},{"taxonomy":"clubroom_product_designer","embeddable":true,"href":"https:\/\/theinvisiblecollection.com\/fr\/wp-json\/wp\/v2\/designer_clubroom?post=5679147"}],"curies":[{"name":"wp","href":"https:\/\/api.w.org\/{rel}","templated":true}]}}