{"id":5680287,"date":"2024-11-07T18:30:05","date_gmt":"2024-11-07T18:30:05","guid":{"rendered":"https:\/\/theinvisiblecollection.com\/?post_type=product&#038;p=5680287"},"modified":"2026-05-15T05:02:08","modified_gmt":"2026-05-15T05:02:08","slug":"jacques-doucet-canape-spontini","status":"publish","type":"product","link":"https:\/\/theinvisiblecollection.com\/fr\/produit\/jacques-doucet-canape-spontini\/","title":{"rendered":"Canap\u00e9 Spontini"},"content":{"rendered":"<p style=\"text-align: justify;\"><span class=\"TextRun SCXW116345182 BCX8\" lang=\"FR-FR\" xml:lang=\"FR-FR\" data-contrast=\"none\"><span class=\"NormalTextRun SCXW116345182 BCX8\">Inspir\u00e9 par l&#8217;esprit du premier h\u00f4tel particulier de Jacques Doucet rue Spontini \u00e0 Paris, le <\/span><span class=\"NormalTextRun SCXW116345182 BCX8\">canap\u00e9 Spontini<\/span><span class=\"NormalTextRun SCXW116345182 BCX8\"> r\u00e9invente les codes avec une sensibilit\u00e9 contemporaine. <\/span><span class=\"NormalTextRun SCXW116345182 BCX8\">Ses<\/span><span class=\"NormalTextRun SCXW116345182 BCX8\"> lignes g\u00e9n\u00e9reuses et accueillantes fusionnent harmonieusement classicisme et modernit\u00e9, cr\u00e9ant <\/span><span class=\"NormalTextRun SCXW116345182 BCX8\">un<\/span> <span class=\"NormalTextRun SCXW116345182 BCX8\">mobilier<\/span><span class=\"NormalTextRun SCXW116345182 BCX8\"> aussi \u00e9l\u00e9gant que confortable. Le canap\u00e9<\/span> <span class=\"NormalTextRun SCXW116345182 BCX8\">est fabriqu\u00e9 \u00e0 la main dans un atelier d&#8217;excellence<\/span><span class=\"NormalTextRun SCXW116345182 BCX8\">. <\/span><span class=\"NormalTextRun SCXW116345182 BCX8\">Avec <\/span><span class=\"NormalTextRun SCXW116345182 BCX8\">son<\/span><span class=\"NormalTextRun SCXW116345182 BCX8\"> allure sophistiqu\u00e9e, ce<\/span><span class=\"NormalTextRun SCXW116345182 BCX8\">tte<\/span><span class=\"NormalTextRun SCXW116345182 BCX8\"> assise apporte une atmosph\u00e8re raffin\u00e9e et contemporaine, rappelant les r\u00e9ceptions <\/span><span class=\"NormalTextRun SCXW116345182 BCX8\">l\u00e9gendaires<\/span><span class=\"NormalTextRun SCXW116345182 BCX8\"> du c\u00e9l\u00e8bre couturier collectionneur o\u00f9 se m\u00ealaient l&#8217;art et la culture.<\/span><\/span><span class=\"EOP SCXW116345182 BCX8\" data-ccp-props=\"{&quot;335557856&quot;:16777215,&quot;335559738&quot;:200,&quot;335559739&quot;:200}\">\u00a0<\/span><\/p>\n","protected":false},"excerpt":{"rendered":"<p>Inspir\u00e9 par l&#8217;esprit du premier h\u00f4tel particulier de Jacques Doucet rue Spontini \u00e0 Paris, le canap\u00e9 Spontini r\u00e9invente les codes avec une sensibilit\u00e9 contemporaine. Ses lignes g\u00e9n\u00e9reuses et accueillantes fusionnent harmonieusement classicisme et modernit\u00e9, cr\u00e9ant un mobilier aussi \u00e9l\u00e9gant que confortable. Le canap\u00e9 est fabriqu\u00e9 \u00e0 la main dans un atelier d&#8217;excellence. Avec son allure [&hellip;]<\/p>\n","protected":false},"featured_media":5681394,"template":"","meta":{"_acf_changed":false,"content-type":"","_themeisle_gutenberg_block_has_review":false},"product_brand":[],"product_cat":[8976,12499],"product_tag":[22790,31477,35206],"product_designer":[32433],"comfabric":[35931],"manufacturer":[32427],"reporting_designer":[37374],"samplecomfabric":[35933],"designer_clubroom":[],"class_list":{"0":"post-5680287","1":"product","2":"type-product","3":"status-publish","4":"has-post-thumbnail","6":"product_cat-canapes","7":"product_cat-assises","8":"product_tag-disponible-immediatement","9":"product_tag-st-curvy-fr","10":"product_tag-exclusive-fr","11":"product_designer-jacques-doucet-fr","12":"comfabric-garc-dimofski-samples-approval-fr","13":"manufacturer-jacques-doucet-pick-up-gondomar-fr","14":"reporting_designer-jacques-doucet-fr","15":"samplecomfabric-garc-dimofski-samples-approval-fr","16":"exhibitions-paris-fr","18":"first","19":"instock","20":"taxable","21":"shipping-taxable","22":"purchasable","23":"product-type-variable"},"acf":[],"_links":{"self":[{"href":"https:\/\/theinvisiblecollection.com\/fr\/wp-json\/wp\/v2\/product\/5680287","targetHints":{"allow":["GET"]}}],"collection":[{"href":"https:\/\/theinvisiblecollection.com\/fr\/wp-json\/wp\/v2\/product"}],"about":[{"href":"https:\/\/theinvisiblecollection.com\/fr\/wp-json\/wp\/v2\/types\/product"}],"wp:featuredmedia":[{"embeddable":true,"href":"https:\/\/theinvisiblecollection.com\/fr\/wp-json\/wp\/v2\/media\/5681394"}],"wp:attachment":[{"href":"https:\/\/theinvisiblecollection.com\/fr\/wp-json\/wp\/v2\/media?parent=5680287"}],"wp:term":[{"taxonomy":"product_brand","embeddable":true,"href":"https:\/\/theinvisiblecollection.com\/fr\/wp-json\/wp\/v2\/product_brand?post=5680287"},{"taxonomy":"product_cat","embeddable":true,"href":"https:\/\/theinvisiblecollection.com\/fr\/wp-json\/wp\/v2\/product_cat?post=5680287"},{"taxonomy":"product_tag","embeddable":true,"href":"https:\/\/theinvisiblecollection.com\/fr\/wp-json\/wp\/v2\/product_tag?post=5680287"},{"taxonomy":"product_designer","embeddable":true,"href":"https:\/\/theinvisiblecollection.com\/fr\/wp-json\/wp\/v2\/product_designer?post=5680287"},{"taxonomy":"comfabric","embeddable":true,"href":"https:\/\/theinvisiblecollection.com\/fr\/wp-json\/wp\/v2\/comfabric?post=5680287"},{"taxonomy":"manufacturer","embeddable":true,"href":"https:\/\/theinvisiblecollection.com\/fr\/wp-json\/wp\/v2\/manufacturer?post=5680287"},{"taxonomy":"reporting_designer","embeddable":true,"href":"https:\/\/theinvisiblecollection.com\/fr\/wp-json\/wp\/v2\/reporting_designer?post=5680287"},{"taxonomy":"samplecomfabric","embeddable":true,"href":"https:\/\/theinvisiblecollection.com\/fr\/wp-json\/wp\/v2\/samplecomfabric?post=5680287"},{"taxonomy":"clubroom_product_designer","embeddable":true,"href":"https:\/\/theinvisiblecollection.com\/fr\/wp-json\/wp\/v2\/designer_clubroom?post=5680287"}],"curies":[{"name":"wp","href":"https:\/\/api.w.org\/{rel}","templated":true}]}}